{"id":999,"date":"2019-04-09T17:42:32","date_gmt":"2019-04-09T15:42:32","guid":{"rendered":"https:\/\/www.tecnoma.com\/?page_id=999"},"modified":"2020-09-17T14:36:34","modified_gmt":"2020-09-17T12:36:34","slug":"voltis","status":"publish","type":"page","link":"https:\/\/www.tecnoma.com\/en\/products\/straddle-tractors-for-narrow-vineyards\/tracteurs-electriques\/voltis\/","title":{"rendered":"VOLTIS"},"content":{"rendered":"<div id=\"pl-999\"  class=\"panel-layout\" ><div id=\"pg-999-0\"  class=\"panel-grid panel-has-style\" ><div class=\"siteorigin-panels-stretch panel-row-style panel-row-style-for-999-0\" data-stretch-type=\"full\" ><div id=\"pgc-999-0-0\"  class=\"panel-grid-cell\" ><div id=\"panel-999-0-0-0\" class=\"so-panel widget widget_slider-produit panel-first-child panel-last-child\" data-index=\"0\" ><div\n\t\t\t\n\t\t\tclass=\"so-widget-slider-produit so-widget-slider-produit-default-40cd750bba98-999\"\n\t\t\t\n\t\t>\t<!-- array(2) {\n  [0]=>\n  array(2) {\n    [\"image\"]=>\n    int(1005)\n    [\"image_fallback\"]=>\n    string(0) \"\"\n  }\n  [1]=>\n  array(2) {\n    [\"image\"]=>\n    int(1068)\n    [\"image_fallback\"]=>\n    string(0) \"\"\n  }\n}\n -->\n\t<div class=\"row sliderProduit \" >\n\t\t<div class=\"col-12 col-lg-6 containerPres\"><div class=\"contenuPres\"><h2>VOLTIS<\/h2>\n<h3>PERFECT DESIGN. ECONOMICAL. POWERFULL<\/h3>\n<p style=\"text-align: justify;\">VOLTIS, the first electric straddle tractor from TECNOMA. A product entirely designed for a low environmental impact. Light and handy, it enables you to carry out all the work in the vineyard and fits all vines. Comfortable Cab, profitability, respect for the environment and simplicity of use make the VOLTIS an oustanding straddle tractor. And last but not the least, VOLTIS will achieve a good working day without recharging!<\/p>\n<\/div>\t\t\t<div class=\"container containerControler hidden-sm\">\n\t\t\t\t<a class=\"carousel-control-prev\" href=\"#sliderProduit\" data-slide=\"prev\">\n\t\t\t    \t<span class=\"carousel-control-prev-icon\"><\/span>\n\t\t\t  \t<\/a>\n\t\t\t  \t<div class=\"containerIndicators\">\n\t\t\t\t\t<ol class=\"carousel-indicators\">\n\t\t\t\t\t\t<li data-target=\"#sliderProduit\" data-slide-to=\"0\" class=\"active\"><div class=\"imageIndicator\" style = \"background-image : url(https:\/\/www.tecnoma.com\/en\/wp-content\/uploads\/sites\/3\/2019\/04\/Posters_VOLTIS_Cote-295x300.png);\"><\/div><\/li><li data-target=\"#sliderProduit\" data-slide-to=\"1\"><div class=\"imageIndicator\" style = \"background-image : url(https:\/\/www.tecnoma.com\/en\/wp-content\/uploads\/sites\/3\/2019\/04\/TECNOMA_VOLTIS-CoteDroit-300x272.png);\"><\/div><\/li>\t\t\t\t  <\/ol>\n\t\t\t\t<\/div>\n\t\t\t\t<a class=\"carousel-control-next\" href=\"#sliderProduit\" data-slide=\"next\">\n\t\t\t\t\t<span class=\"carousel-control-next-icon\"><\/span>\n\t\t\t\t<\/a>\n\t\t\t<\/div>\n\t\t\t\n\t\t\t<\/div><div class=\"col-12 col-lg-6\">\t\t\t<div class=\"container containerControler hidden-lg\">\n\t\t\t\t<!-- <a class=\"carousel-control-prev\" href=\"#sliderProduit\" data-slide=\"prev\">\n\t\t\t    \t<span class=\"carousel-control-prev-icon\"><\/span>\n\t\t\t  \t<\/a>\n\t\t\t\t<a class=\"carousel-control-next\" href=\"#sliderProduit\" data-slide=\"next\">\n\t\t\t\t\t<span class=\"carousel-control-next-icon\"><\/span>\n\t\t\t\t<\/a> -->\n\t\t\t\t<ol class=\"carousel-indicators\">\n\t\t\t\t\t\t<li data-target=\"#sliderProduit\" data-slide-to=\"0\" class=\"active\"><\/li><li data-target=\"#sliderProduit\" data-slide-to=\"1\"><\/li>\t\t\t\t  <\/ol>\n\t\t\t<\/div>\n\t\t\t<div id=\"sliderProduit\" class=\"carousel slide carousel-fade\" data-ride=\"carousel\">\n\t\t\t\t<div class=\"carousel-inner\">\n\t\t\t\t\t<div class=\"chargementSlider\"><div class=\"containerLoader\"><div class=\"loader\"><\/div><\/div><\/div><div class=\"carousel-item active\"><div class=\"image \" data-position=\"0\" style=\"background-image : url(https:\/\/www.tecnoma.com\/en\/wp-content\/uploads\/sites\/3\/2019\/04\/Posters_VOLTIS_Cote.png);\"><\/div><div class=\"description\"><div class=\"content\"><\/div><\/div><\/div><div  class=\"carousel-item\"><div class=\"image \" data-position=\"1\" style=\"background-image : url(https:\/\/www.tecnoma.com\/en\/wp-content\/uploads\/sites\/3\/2019\/04\/TECNOMA_VOLTIS-CoteDroit.png);\"><\/div><div class=\"description\"><div class=\"content\"><\/div><\/div><\/div>\t\t\t\t<\/div>\n\t\t\t<\/div>\n\t\t<\/div>\n\t<\/div>\n\n\n\n\t<\/div><\/div><\/div><\/div><\/div><div id=\"pg-999-1\"  class=\"panel-grid panel-no-style\" ><div id=\"pgc-999-1-0\"  class=\"panel-grid-cell\" ><div id=\"panel-999-1-0-0\" class=\"so-panel widget widget_smartheme_titre_widget panel-first-child\" data-index=\"1\" ><div\n\t\t\t\n\t\t\tclass=\"so-widget-smartheme_titre_widget so-widget-smartheme_titre_widget-default-d75171398898-999\"\n\t\t\t\n\t\t><div class=\"containerTitre_soustitre left\"><div class=\"containerTitre left\"><div class=\"pictoTitre\"><img decoding=\"async\" src=\"https:\/\/www.tecnoma.com\/en\/wp-content\/uploads\/sites\/3\/2018\/12\/moteur-1.png\"><\/div><h2 style=\"margin:0;text-align:left; color:#004f9f;\" class=\"widget_titre\">Batteries<\/h2><\/div><\/div><\/div><\/div><div id=\"panel-999-1-0-1\" class=\"so-panel widget widget_sow-editor panel-last-child\" data-index=\"2\" ><div\n\t\t\t\n\t\t\tclass=\"so-widget-sow-editor so-widget-sow-editor-base\"\n\t\t\t\n\t\t>\n<div class=\"siteorigin-widget-tinymce textwidget\">\n\t<p>The VOLTIS combines <strong>100% electric propulsion<\/strong>, provided by a pack of 2 high-end batteries, and a Full electric transmission composed of 4 motors mounted in line. This association gives it a great operating silence and reduced polluting emissions. Its batteries are made of Lithium ion Iron Phosphate, with an on-board capacity of 75 to 115 kWh and are not afraid of hot \/ cold weather nor steep slopes. You can partially charge them without risking damaging them. Good to know that lithium is an unalterable material and infinitely recyclable. The load is important and will allow you to work from 5 to 16 hours independently (depending on the nature of the work, the speed and the slope). The longevity of the batteries guarantees you more than <strong>3000 chraging cycles<\/strong> (1 cycle: equivalent of a charge and a complete discharge).<\/p>\n<\/div>\n<\/div><\/div><\/div><div id=\"pgc-999-1-1\"  class=\"panel-grid-cell\" ><div id=\"panel-999-1-1-0\" class=\"so-panel widget widget_sow-image panel-first-child panel-last-child\" data-index=\"3\" ><div\n\t\t\t\n\t\t\tclass=\"so-widget-sow-image so-widget-sow-image-default-8b5b6f678277-999\"\n\t\t\t\n\t\t>\n\n<div class=\"sow-image-container\">\n\t\t<img loading=\"lazy\" decoding=\"async\" src=\"https:\/\/www.tecnoma.com\/en\/wp-content\/uploads\/sites\/3\/2019\/04\/TECNOMA_Moteur-VOLTIS-1-768x432.jpg\" width=\"768\" height=\"432\" srcset=\"https:\/\/www.tecnoma.com\/en\/wp-content\/uploads\/sites\/3\/2019\/04\/TECNOMA_Moteur-VOLTIS-1-768x432.jpg 768w, https:\/\/www.tecnoma.com\/en\/wp-content\/uploads\/sites\/3\/2019\/04\/TECNOMA_Moteur-VOLTIS-1-300x169.jpg 300w, https:\/\/www.tecnoma.com\/en\/wp-content\/uploads\/sites\/3\/2019\/04\/TECNOMA_Moteur-VOLTIS-1-1024x576.jpg 1024w, https:\/\/www.tecnoma.com\/en\/wp-content\/uploads\/sites\/3\/2019\/04\/TECNOMA_Moteur-VOLTIS-1-1536x864.jpg 1536w, https:\/\/www.tecnoma.com\/en\/wp-content\/uploads\/sites\/3\/2019\/04\/TECNOMA_Moteur-VOLTIS-1-1200x675.jpg 1200w, https:\/\/www.tecnoma.com\/en\/wp-content\/uploads\/sites\/3\/2019\/04\/TECNOMA_Moteur-VOLTIS-1.jpg 1920w\" sizes=\"(max-width: 768px) 100vw, 768px\" title=\"TECNOMA_Engine VOLTIS\" alt=\"\" \t\tclass=\"so-widget-image\"\/>\n\t<\/div>\n\n<\/div><\/div><\/div><\/div><div id=\"pg-999-2\"  class=\"panel-grid panel-no-style\" ><div id=\"pgc-999-2-0\"  class=\"panel-grid-cell\" ><div id=\"panel-999-2-0-0\" class=\"so-panel widget widget_smartheme_titre_widget panel-first-child\" data-index=\"4\" ><div\n\t\t\t\n\t\t\tclass=\"so-widget-smartheme_titre_widget so-widget-smartheme_titre_widget-default-d75171398898-999\"\n\t\t\t\n\t\t><div class=\"containerTitre_soustitre left\"><div class=\"containerTitre left\"><div class=\"pictoTitre\"><img decoding=\"async\" src=\"https:\/\/www.tecnoma.com\/en\/wp-content\/uploads\/sites\/3\/2018\/12\/Sans-titre-1-1.png\"><\/div><h2 style=\"margin:0;text-align:left; color:#004f9f;\" class=\"widget_titre\">Transmission<\/h2><\/div><\/div><\/div><\/div><div id=\"panel-999-2-0-1\" class=\"so-panel widget widget_sow-editor panel-last-child\" data-index=\"5\" ><div\n\t\t\t\n\t\t\tclass=\"so-widget-sow-editor so-widget-sow-editor-base\"\n\t\t\t\n\t\t>\n<div class=\"siteorigin-widget-tinymce textwidget\">\n\t<ul>\n<li>Full Electric Transmission: <strong>30% more efficient<\/strong> than a standard engine with hydrostatic transmission!<\/li>\n<li><strong>Transmission carried out by 4 electric motors<\/strong> mounted in line on 4 mechanical final gear reductors built in each of the 4 wheels.<\/li>\n<li><strong>Protected and sealed<\/strong> wheel electric motors: extreme precision even at very low speed.<\/li>\n<li>Optimized safety thanks to <strong>3 braking stages<\/strong> (electrical, dynamic and parking brakes).<\/li>\n<\/ul>\n<\/div>\n<\/div><\/div><\/div><div id=\"pgc-999-2-1\"  class=\"panel-grid-cell\" ><div id=\"panel-999-2-1-0\" class=\"so-panel widget widget_sow-image panel-first-child panel-last-child\" data-index=\"6\" ><div\n\t\t\t\n\t\t\tclass=\"so-widget-sow-image so-widget-sow-image-default-8b5b6f678277-999\"\n\t\t\t\n\t\t>\n\n<div class=\"sow-image-container\">\n\t\t<img loading=\"lazy\" decoding=\"async\" src=\"https:\/\/www.tecnoma.com\/en\/wp-content\/uploads\/sites\/3\/2020\/09\/TECNOMA_Chassis-Transmission-VOLTIS-768x432.jpg\" width=\"768\" height=\"432\" srcset=\"https:\/\/www.tecnoma.com\/en\/wp-content\/uploads\/sites\/3\/2020\/09\/TECNOMA_Chassis-Transmission-VOLTIS-768x432.jpg 768w, https:\/\/www.tecnoma.com\/en\/wp-content\/uploads\/sites\/3\/2020\/09\/TECNOMA_Chassis-Transmission-VOLTIS-300x169.jpg 300w, https:\/\/www.tecnoma.com\/en\/wp-content\/uploads\/sites\/3\/2020\/09\/TECNOMA_Chassis-Transmission-VOLTIS-1024x576.jpg 1024w, https:\/\/www.tecnoma.com\/en\/wp-content\/uploads\/sites\/3\/2020\/09\/TECNOMA_Chassis-Transmission-VOLTIS-1536x864.jpg 1536w, https:\/\/www.tecnoma.com\/en\/wp-content\/uploads\/sites\/3\/2020\/09\/TECNOMA_Chassis-Transmission-VOLTIS-1140x641.jpg 1140w, https:\/\/www.tecnoma.com\/en\/wp-content\/uploads\/sites\/3\/2020\/09\/TECNOMA_Chassis-Transmission-VOLTIS-555x312.jpg 555w, https:\/\/www.tecnoma.com\/en\/wp-content\/uploads\/sites\/3\/2020\/09\/TECNOMA_Chassis-Transmission-VOLTIS.jpg 1920w\" sizes=\"(max-width: 768px) 100vw, 768px\" alt=\"\" \t\tclass=\"so-widget-image\"\/>\n\t<\/div>\n\n<\/div><\/div><\/div><\/div><div id=\"pg-999-3\"  class=\"panel-grid panel-no-style\" ><div id=\"pgc-999-3-0\"  class=\"panel-grid-cell\" ><div id=\"panel-999-3-0-0\" class=\"so-panel widget widget_smartheme_titre_widget panel-first-child\" data-index=\"7\" ><div\n\t\t\t\n\t\t\tclass=\"so-widget-smartheme_titre_widget so-widget-smartheme_titre_widget-default-d75171398898-999\"\n\t\t\t\n\t\t><div class=\"containerTitre_soustitre left\"><div class=\"containerTitre left\"><div class=\"pictoTitre\"><img decoding=\"async\" src=\"https:\/\/www.tecnoma.com\/en\/wp-content\/uploads\/sites\/3\/2019\/01\/pouce-circle-1.png\"><\/div><h2 style=\"margin:0;text-align:left; color:#004f9f;\" class=\"widget_titre\">Panoramic cabin<\/h2><\/div><\/div><\/div><\/div><div id=\"panel-999-3-0-1\" class=\"so-panel widget widget_sow-editor panel-last-child\" data-index=\"8\" ><div\n\t\t\t\n\t\t\tclass=\"so-widget-sow-editor so-widget-sow-editor-base\"\n\t\t\t\n\t\t>\n<div class=\"siteorigin-widget-tinymce textwidget\">\n\t<p>La cabine, certifi\u00e9e CAT. IV, est <strong>totalement s\u00e9curis\u00e9e, filtr\u00e9e, ventil\u00e9e et pressuris\u00e9e<\/strong>\u00a0et vous offre de nombreux avantages:<\/p>\n<ul>\n<li>Comfortable cockpit with numerous settings and adjustments.<\/li>\n<li>Perfect visibility with a 360 \u00b0 panoramic view.<\/li>\n<li>Easy access to all tanks, filters and sight gauges.<\/li>\n<li>Large electric mirrors.<\/li>\n<\/ul>\n<\/div>\n<\/div><\/div><\/div><div id=\"pgc-999-3-1\"  class=\"panel-grid-cell\" ><div id=\"panel-999-3-1-0\" class=\"so-panel widget widget_sow-image panel-first-child panel-last-child\" data-index=\"9\" ><div\n\t\t\t\n\t\t\tclass=\"so-widget-sow-image so-widget-sow-image-default-8b5b6f678277-999\"\n\t\t\t\n\t\t>\n\n<div class=\"sow-image-container\">\n\t\t<img loading=\"lazy\" decoding=\"async\" src=\"https:\/\/www.tecnoma.com\/en\/wp-content\/uploads\/sites\/3\/2019\/04\/TECNOMA_Cabine-VOLTIS-1-768x432.jpg\" width=\"768\" height=\"432\" srcset=\"https:\/\/www.tecnoma.com\/en\/wp-content\/uploads\/sites\/3\/2019\/04\/TECNOMA_Cabine-VOLTIS-1-768x432.jpg 768w, https:\/\/www.tecnoma.com\/en\/wp-content\/uploads\/sites\/3\/2019\/04\/TECNOMA_Cabine-VOLTIS-1-300x169.jpg 300w, https:\/\/www.tecnoma.com\/en\/wp-content\/uploads\/sites\/3\/2019\/04\/TECNOMA_Cabine-VOLTIS-1-1024x576.jpg 1024w, https:\/\/www.tecnoma.com\/en\/wp-content\/uploads\/sites\/3\/2019\/04\/TECNOMA_Cabine-VOLTIS-1-1536x864.jpg 1536w, https:\/\/www.tecnoma.com\/en\/wp-content\/uploads\/sites\/3\/2019\/04\/TECNOMA_Cabine-VOLTIS-1-1200x675.jpg 1200w, https:\/\/www.tecnoma.com\/en\/wp-content\/uploads\/sites\/3\/2019\/04\/TECNOMA_Cabine-VOLTIS-1.jpg 1920w\" sizes=\"(max-width: 768px) 100vw, 768px\" title=\"TECNOMA_Cab VOLTIS\" alt=\"\" \t\tclass=\"so-widget-image\"\/>\n\t<\/div>\n\n<\/div><\/div><\/div><\/div><div id=\"pg-999-4\"  class=\"panel-grid panel-no-style\" ><div id=\"pgc-999-4-0\"  class=\"panel-grid-cell\" ><div id=\"panel-999-4-0-0\" class=\"so-panel widget widget_smartheme_titre_widget panel-first-child\" data-index=\"10\" ><div\n\t\t\t\n\t\t\tclass=\"so-widget-smartheme_titre_widget so-widget-smartheme_titre_widget-default-d75171398898-999\"\n\t\t\t\n\t\t><div class=\"containerTitre_soustitre left\"><div class=\"containerTitre left\"><div class=\"pictoTitre\"><img decoding=\"async\" src=\"https:\/\/www.tecnoma.com\/en\/wp-content\/uploads\/sites\/3\/2018\/12\/moteur-1.png\"><\/div><h2 style=\"margin:0;text-align:left; color:#004f9f;\" class=\"widget_titre\">Tools<\/h2><\/div><\/div><\/div><\/div><div id=\"panel-999-4-0-1\" class=\"so-panel widget widget_sow-editor panel-last-child\" data-index=\"11\" ><div\n\t\t\t\n\t\t\tclass=\"so-widget-sow-editor so-widget-sow-editor-base\"\n\t\t\t\n\t\t>\n<div class=\"siteorigin-widget-tinymce textwidget\">\n\t<p>You can easily connect all your tools thanks to the electric AND hydraulic PTOs. Maintenance is simple and quick, and so is the cleaning.<\/p>\n<ul>\n<li>Optimal stability for all tools.<\/li>\n<li>Weight distribution to work quickly in uneven grounds and plots<\/li>\n<li>2 electrical high power outputs.<\/li>\n<li>Electro-hydraulic group (optional).<\/li>\n<\/ul>\n<\/div>\n<\/div><\/div><\/div><div id=\"pgc-999-4-1\"  class=\"panel-grid-cell\" ><div id=\"panel-999-4-1-0\" class=\"so-panel widget widget_sow-image panel-first-child panel-last-child\" data-index=\"12\" ><div\n\t\t\t\n\t\t\tclass=\"so-widget-sow-image so-widget-sow-image-default-8b5b6f678277-999\"\n\t\t\t\n\t\t>\n\n<div class=\"sow-image-container\">\n\t\t<img loading=\"lazy\" decoding=\"async\" src=\"https:\/\/www.tecnoma.com\/en\/wp-content\/uploads\/sites\/3\/2019\/04\/TECNOMA_Outils-VOLTIS-1-768x432.jpg\" width=\"768\" height=\"432\" srcset=\"https:\/\/www.tecnoma.com\/en\/wp-content\/uploads\/sites\/3\/2019\/04\/TECNOMA_Outils-VOLTIS-1-768x432.jpg 768w, https:\/\/www.tecnoma.com\/en\/wp-content\/uploads\/sites\/3\/2019\/04\/TECNOMA_Outils-VOLTIS-1-300x169.jpg 300w, https:\/\/www.tecnoma.com\/en\/wp-content\/uploads\/sites\/3\/2019\/04\/TECNOMA_Outils-VOLTIS-1-1024x576.jpg 1024w, https:\/\/www.tecnoma.com\/en\/wp-content\/uploads\/sites\/3\/2019\/04\/TECNOMA_Outils-VOLTIS-1-1536x864.jpg 1536w, https:\/\/www.tecnoma.com\/en\/wp-content\/uploads\/sites\/3\/2019\/04\/TECNOMA_Outils-VOLTIS-1-1200x675.jpg 1200w, https:\/\/www.tecnoma.com\/en\/wp-content\/uploads\/sites\/3\/2019\/04\/TECNOMA_Outils-VOLTIS-1.jpg 1920w\" sizes=\"(max-width: 768px) 100vw, 768px\" title=\"TECNOMA_Tools VOLTIS\" alt=\"\" \t\tclass=\"so-widget-image\"\/>\n\t<\/div>\n\n<\/div><\/div><\/div><\/div><div id=\"pg-999-5\"  class=\"panel-grid panel-no-style\" ><div id=\"pgc-999-5-0\"  class=\"panel-grid-cell\" ><div id=\"panel-999-5-0-0\" class=\"so-panel widget widget_smartheme_titre_widget panel-first-child\" data-index=\"13\" ><div\n\t\t\t\n\t\t\tclass=\"so-widget-smartheme_titre_widget so-widget-smartheme_titre_widget-default-d75171398898-999\"\n\t\t\t\n\t\t><div class=\"containerTitre_soustitre left\"><div class=\"containerTitre left\"><div class=\"pictoTitre\"><img decoding=\"async\" src=\"https:\/\/www.tecnoma.com\/en\/wp-content\/uploads\/sites\/3\/2019\/01\/pouce-circle-1.png\"><\/div><h2 style=\"margin:0;text-align:left; color:#004f9f;\" class=\"widget_titre\">TECNOMA&#039;s benefits<\/h2><\/div><\/div><\/div><\/div><div id=\"panel-999-5-0-1\" class=\"so-panel widget widget_sow-editor panel-last-child\" data-index=\"14\" ><div\n\t\t\t\n\t\t\tclass=\"so-widget-sow-editor so-widget-sow-editor-base\"\n\t\t\t\n\t\t>\n<div class=\"siteorigin-widget-tinymce textwidget\">\n\t<ul>\n<li>No noise pollution.<\/li>\n<li>Reduction of CO\u00b2 and greenhouse gas emissions during use.<\/li>\n<li>Energy bill reduced by +\/- 80%.<\/li>\n<li>Quick coupling \/ uncoupling of tools.<\/li>\n<li>Light and compact tractor that limits soil compaction.<\/li>\n<li>Mechanical variable track to adapt to all row spacings and all vineyards.<\/li>\n<li>Low maintenance: no more oil or filter changes...<\/li>\n<li>A day's work without refueling or recharging!<\/li>\n<\/ul>\n<\/div>\n<\/div><\/div><\/div><div id=\"pgc-999-5-1\"  class=\"panel-grid-cell\" ><div id=\"panel-999-5-1-0\" class=\"so-panel widget widget_sow-image panel-first-child panel-last-child\" data-index=\"15\" ><div\n\t\t\t\n\t\t\tclass=\"so-widget-sow-image so-widget-sow-image-default-8b5b6f678277-999\"\n\t\t\t\n\t\t>\n\n<div class=\"sow-image-container\">\n\t\t<img loading=\"lazy\" decoding=\"async\" src=\"https:\/\/www.tecnoma.com\/en\/wp-content\/uploads\/sites\/3\/2019\/04\/TECNOMA_Les-VOLTIS-1-768x432.jpg\" width=\"768\" height=\"432\" srcset=\"https:\/\/www.tecnoma.com\/en\/wp-content\/uploads\/sites\/3\/2019\/04\/TECNOMA_Les-VOLTIS-1-768x432.jpg 768w, https:\/\/www.tecnoma.com\/en\/wp-content\/uploads\/sites\/3\/2019\/04\/TECNOMA_Les-VOLTIS-1-300x169.jpg 300w, https:\/\/www.tecnoma.com\/en\/wp-content\/uploads\/sites\/3\/2019\/04\/TECNOMA_Les-VOLTIS-1-1024x576.jpg 1024w, https:\/\/www.tecnoma.com\/en\/wp-content\/uploads\/sites\/3\/2019\/04\/TECNOMA_Les-VOLTIS-1-1536x864.jpg 1536w, https:\/\/www.tecnoma.com\/en\/wp-content\/uploads\/sites\/3\/2019\/04\/TECNOMA_Les-VOLTIS-1-1200x675.jpg 1200w, https:\/\/www.tecnoma.com\/en\/wp-content\/uploads\/sites\/3\/2019\/04\/TECNOMA_Les-VOLTIS-1.jpg 1920w\" sizes=\"(max-width: 768px) 100vw, 768px\" title=\"TECNOMA_Benefits VOLTIS\" alt=\"\" \t\tclass=\"so-widget-image\"\/>\n\t<\/div>\n\n<\/div><\/div><\/div><\/div><div id=\"pg-999-6\"  class=\"panel-grid panel-no-style\" ><div id=\"pgc-999-6-0\"  class=\"panel-grid-cell\" ><div id=\"panel-999-6-0-0\" class=\"so-panel widget widget_smartheme_titre_widget panel-first-child panel-last-child\" data-index=\"16\" ><div\n\t\t\t\n\t\t\tclass=\"so-widget-smartheme_titre_widget so-widget-smartheme_titre_widget-default-d75171398898-999\"\n\t\t\t\n\t\t><div class=\"containerTitre_soustitre left\"><div class=\"containerTitre left\"><div class=\"pictoTitre\"><img decoding=\"async\" src=\"https:\/\/www.tecnoma.com\/en\/wp-content\/uploads\/sites\/3\/2018\/12\/youtube-circle-1.png\"><\/div><h2 style=\"margin:0;text-align:left; color:#004f9f;\" class=\"widget_titre\">Videos<\/h2><\/div><\/div><\/div><\/div><\/div><\/div><div id=\"pg-999-7\"  class=\"panel-grid panel-no-style\" ><div id=\"pgc-999-7-0\"  class=\"panel-grid-cell\" ><div id=\"panel-999-7-0-0\" class=\"so-panel widget widget_sow-video panel-first-child panel-last-child\" data-index=\"17\" ><div\n\t\t\t\n\t\t\tclass=\"so-widget-sow-video so-widget-sow-video-default-f379b959fc93-999\"\n\t\t\t\n\t\t><h3 class=\"widget-title\">TECNOMA : VOLTIS<\/h3>\n<div class=\"sow-video-wrapper no-controls\">\n\t\t\t<iframe loading=\"lazy\" title=\"Enjambeur \u00e9lectrique VOLTIS - Tecnoma\" width=\"640\" height=\"360\" src=\"https:\/\/www.youtube.com\/embed\/KSdrCNMl0cY?feature=oembed&enablejsapi=1\" frameborder=\"0\" allow=\"accelerometer; autoplay; clipboard-write; encrypted-media; gyroscope; picture-in-picture; web-share\" referrerpolicy=\"strict-origin-when-cross-origin\" allowfullscreen allowfullscreen mozallowfullscreen webkitallowfullscreen><\/iframe>\t<\/div>\n<\/div><\/div><\/div><div id=\"pgc-999-7-1\"  class=\"panel-grid-cell panel-grid-cell-mobile-last\" ><div id=\"panel-999-7-1-0\" class=\"so-panel widget widget_sow-video panel-first-child panel-last-child\" data-index=\"18\" ><div\n\t\t\t\n\t\t\tclass=\"so-widget-sow-video so-widget-sow-video-default-f379b959fc93-999\"\n\t\t\t\n\t\t><h3 class=\"widget-title\">TECNOMA : VOLTIS + Interceps<\/h3>\n<div class=\"sow-video-wrapper no-controls\">\n\t\t\t<iframe loading=\"lazy\" title=\"TECNOMA : Enjambeur Voltis \u00e9quip\u00e9 d&#039;interceps\" width=\"640\" height=\"360\" src=\"https:\/\/www.youtube.com\/embed\/fRqarJxVoMk?feature=oembed&enablejsapi=1\" frameborder=\"0\" allow=\"accelerometer; autoplay; clipboard-write; encrypted-media; gyroscope; picture-in-picture; web-share\" referrerpolicy=\"strict-origin-when-cross-origin\" allowfullscreen allowfullscreen mozallowfullscreen webkitallowfullscreen><\/iframe>\t<\/div>\n<\/div><\/div><\/div><div id=\"pgc-999-7-2\"  class=\"panel-grid-cell panel-grid-cell-empty\" ><\/div><\/div><div id=\"pg-999-8\"  class=\"panel-grid panel-no-style\" ><div id=\"pgc-999-8-0\"  class=\"panel-grid-cell\" ><div id=\"panel-999-8-0-0\" class=\"so-panel widget widget_smartheme_titre_widget panel-first-child panel-last-child\" data-index=\"19\" ><div\n\t\t\t\n\t\t\tclass=\"so-widget-smartheme_titre_widget so-widget-smartheme_titre_widget-default-d75171398898-999\"\n\t\t\t\n\t\t><div class=\"containerTitre_soustitre left\"><div class=\"containerTitre left\"><div class=\"pictoTitre\"><img decoding=\"async\" src=\"https:\/\/www.tecnoma.com\/en\/wp-content\/uploads\/sites\/3\/2018\/12\/download-circle-1.png\"><\/div><h2 style=\"margin:0;text-align:left; color:#004f9f;\" class=\"widget_titre\">Downloads<\/h2><\/div><\/div><\/div><\/div><\/div><\/div><div id=\"pg-999-9\"  class=\"panel-grid panel-no-style\" ><div id=\"pgc-999-9-0\"  class=\"panel-grid-cell\" ><div id=\"panel-999-9-0-0\" class=\"so-panel widget widget_smartheme_pdf_widget panel-first-child panel-last-child\" data-index=\"20\" ><div\n\t\t\t\n\t\t\tclass=\"so-widget-smartheme_pdf_widget so-widget-smartheme_pdf_widget-default-d75171398898-999\"\n\t\t\t\n\t\t><div class=\"titre\"><h2><\/h2><\/div><a class=\"containerPdf\" href=\"https:\/\/www.tecnoma.com\/en\/wp-content\/uploads\/sites\/3\/2019\/04\/TECNOMA_Brochure-VOLTIS-1.pdf\" download><div class=\"contenuPdf\"><div class=\"pictoPdf\"><span class=\"\"><img decoding=\"async\" src=\"https:\/\/www.tecnoma.com\/en\/wp-content\/themes\/tecnoma\/images\/pdf.svg\"\/><span><\/div><div class=\"containerText\"><p>brochure<\/p>\n<p>VOLTIS<\/p><\/div><\/div><\/a><\/div><\/div><\/div><div id=\"pgc-999-9-1\"  class=\"panel-grid-cell panel-grid-cell-empty\" ><\/div><div id=\"pgc-999-9-2\"  class=\"panel-grid-cell panel-grid-cell-empty panel-grid-cell-mobile-last\" ><\/div><div id=\"pgc-999-9-3\"  class=\"panel-grid-cell panel-grid-cell-empty\" ><\/div><\/div><div id=\"pg-999-10\"  class=\"panel-grid panel-has-style\" ><div class=\"siteorigin-panels-stretch panel-row-style panel-row-style-for-999-10\" data-stretch-type=\"full\" ><div id=\"pgc-999-10-0\"  class=\"panel-grid-cell\" ><div id=\"panel-999-10-0-0\" class=\"so-panel widget widget_smartheme_transition_widget panel-first-child\" data-index=\"21\" ><div\n\t\t\t\n\t\t\tclass=\"so-widget-smartheme_transition_widget so-widget-smartheme_transition_widget-default-d75171398898-999\"\n\t\t\t\n\t\t>\n<div class=\"containerTransition\" style=\"margin-top: 0px; margin-bottom: 0px;\">\n\t<div class=\"transition\"><\/div>\n<\/div><\/div><\/div><div id=\"panel-999-10-0-1\" class=\"so-panel widget widget_smarttheme_feedwall_widget panel-last-child\" data-index=\"22\" ><div\n\t\t\t\n\t\t\tclass=\"so-widget-smarttheme_feedwall_widget so-widget-smarttheme_feedwall_widget-default-d75171398898-999\"\n\t\t\t\n\t\t><section id=\"feedwall\">\n\t<div id=\"actu\">\n\t\t<div class=\"enteteActu\">\n\t\t<div class=\"titre\"><h3>Actualit\u00e9 digitale<\/h3><\/div>\n\t\t\t<\/div>\n\t\t\t\t<div class=\"containerMessageFeedVide\">\n\t\t\t\t<p class=\"messageFeedVide\">\n\t\t\t\t\tRetrouvez toute notre actulalit\u00e9 sur <a href=\"https:\/\/www.facebook.com\/groupe.tecnoma\/\">Facebook<\/a>\n\t\t\t\t<\/p>\n\t\t\t<\/div>\n\t\t\t<div class=\"scrollbar\"><div class=\"bloc-barre\"><div class=\"barre\"><\/div><\/div><\/div>\n\t<\/div>\n<\/section><\/div><\/div><\/div><\/div><\/div><\/div>","protected":false},"excerpt":{"rendered":"<p>The VOLTIS combines 100% electric propulsion, provided by a pack of 2 high-end batteries, and a Full electric transmission composed [&hellip;]<\/p>\n","protected":false},"author":1,"featured_media":306,"parent":184,"menu_order":0,"comment_status":"closed","ping_status":"closed","template":"","meta":{"footnotes":""},"_links":{"self":[{"href":"https:\/\/www.tecnoma.com\/en\/wp-json\/wp\/v2\/pages\/999"}],"collection":[{"href":"https:\/\/www.tecnoma.com\/en\/wp-json\/wp\/v2\/pages"}],"about":[{"href":"https:\/\/www.tecnoma.com\/en\/wp-json\/wp\/v2\/types\/page"}],"author":[{"embeddable":true,"href":"https:\/\/www.tecnoma.com\/en\/wp-json\/wp\/v2\/users\/1"}],"replies":[{"embeddable":true,"href":"https:\/\/www.tecnoma.com\/en\/wp-json\/wp\/v2\/comments?post=999"}],"version-history":[{"count":2,"href":"https:\/\/www.tecnoma.com\/en\/wp-json\/wp\/v2\/pages\/999\/revisions"}],"predecessor-version":[{"id":1595,"href":"https:\/\/www.tecnoma.com\/en\/wp-json\/wp\/v2\/pages\/999\/revisions\/1595"}],"up":[{"embeddable":true,"href":"https:\/\/www.tecnoma.com\/en\/wp-json\/wp\/v2\/pages\/184"}],"wp:featuredmedia":[{"embeddable":true,"href":"https:\/\/www.tecnoma.com\/en\/wp-json\/wp\/v2\/media\/306"}],"wp:attachment":[{"href":"https:\/\/www.tecnoma.com\/en\/wp-json\/wp\/v2\/media?parent=999"}],"curies":[{"name":"wp","href":"https:\/\/api.w.org\/{rel}","templated":true}]}}