{"id":935,"date":"2019-04-02T15:01:34","date_gmt":"2019-04-02T13:01:34","guid":{"rendered":"https:\/\/www.tecnoma.com\/?page_id=935"},"modified":"2020-11-13T17:09:24","modified_gmt":"2020-11-13T16:09:24","slug":"s120","status":"publish","type":"page","link":"https:\/\/www.tecnoma.com\/cs\/straddle-tractors-for-narrow-vineyards\/3-rows-tractors\/s120\/","title":{"rendered":"S120 EVO"},"content":{"rendered":"<div id=\"pl-935\"  class=\"panel-layout\" ><div id=\"pg-935-0\"  class=\"panel-grid panel-has-style\" ><div class=\"siteorigin-panels-stretch panel-row-style panel-row-style-for-935-0\" data-stretch-type=\"full\" ><div id=\"pgc-935-0-0\"  class=\"panel-grid-cell\" ><div id=\"panel-935-0-0-0\" class=\"so-panel widget widget_slider-produit panel-first-child panel-last-child\" data-index=\"0\" ><div\n\t\t\t\n\t\t\tclass=\"so-widget-slider-produit so-widget-slider-produit-default-40cd750bba98-935\"\n\t\t\t\n\t\t>\t<!-- array(1) {\n  [0]=>\n  array(2) {\n    [\"image\"]=>\n    int(1070)\n    [\"image_fallback\"]=>\n    string(0) \"\"\n  }\n}\n -->\n\t<div class=\"row sliderProduit \" >\n\t\t<div class=\"col-12 col-lg-6 containerPres\"><div class=\"contenuPres\"><h2>S120 EVO<\/h2>\n<h3>LEHK\u00dd. \u0160IKOVN\u00dd. UNIVERZ\u00c1LN\u00cd.<\/h3>\n<p style=\"text-align: justify;\">Port\u00e1lov\u00fd traktor S120 EVO od TECNOMA je dostupn\u00fd ve 3 verz\u00edch: S (motor n\u00edzko uprost\u0159ed \u0159\u00e1dku), SH (motor p\u0159\u00ed\u010dn\u011b naho\u0159e) a SHW (motor p\u0159\u00ed\u010dn\u011b naho\u0159e a hydraulicky nastaviteln\u00fd rozchod). Lehk\u00fd i v\u00fdkonn\u00fd, tento traktor v\u00e1m umo\u017en\u00ed lehce a rychle dos\u00e1hnout v\u0161ech prac\u00ed na vinici. S 120 EVO port\u00e1lov\u00fd traktor je lehk\u00fd a kompaktn\u00ed a chr\u00e1n\u00ed p\u016fdu p\u0159ed nadm\u011brn\u00fdm utl\u00e1\u010den\u00edm. P\u0159\u00edv\u011btiv\u00fd k \u017eivotn\u00edmu prost\u0159ed\u00ed, jeho motor v\u00fdrazn\u011b redukuje emise NOx a jemn\u00e9 \u010d\u00e1stice.\n<\/p><\/div>\t\t\t<div class=\"container containerControler hidden-sm\">\n\t\t\t\t<a class=\"carousel-control-prev\" href=\"#sliderProduit\" data-slide=\"prev\">\n\t\t\t    \t<span class=\"carousel-control-prev-icon\"><\/span>\n\t\t\t  \t<\/a>\n\t\t\t  \t<div class=\"containerIndicators\">\n\t\t\t\t\t<ol class=\"carousel-indicators\">\n\t\t\t\t\t\t<li data-target=\"#sliderProduit\" data-slide-to=\"0\" class=\"active\"><div class=\"imageIndicator\" style = \"background-image : url(https:\/\/www.tecnoma.com\/cs\/wp-content\/uploads\/sites\/7\/2019\/04\/TECNOMA_S120_Profil-1-300x262.png);\"><\/div><\/li>\t\t\t\t  <\/ol>\n\t\t\t\t<\/div>\n\t\t\t\t<a class=\"carousel-control-next\" href=\"#sliderProduit\" data-slide=\"next\">\n\t\t\t\t\t<span class=\"carousel-control-next-icon\"><\/span>\n\t\t\t\t<\/a>\n\t\t\t<\/div>\n\t\t\t\n\t\t\t<\/div><div class=\"col-12 col-lg-6\">\t\t\t<div class=\"container containerControler hidden-lg\">\n\t\t\t\t<!-- <a class=\"carousel-control-prev\" href=\"#sliderProduit\" data-slide=\"prev\">\n\t\t\t    \t<span class=\"carousel-control-prev-icon\"><\/span>\n\t\t\t  \t<\/a>\n\t\t\t\t<a class=\"carousel-control-next\" href=\"#sliderProduit\" data-slide=\"next\">\n\t\t\t\t\t<span class=\"carousel-control-next-icon\"><\/span>\n\t\t\t\t<\/a> -->\n\t\t\t\t<ol class=\"carousel-indicators\">\n\t\t\t\t\t\t<li data-target=\"#sliderProduit\" data-slide-to=\"0\" class=\"active\"><\/li>\t\t\t\t  <\/ol>\n\t\t\t<\/div>\n\t\t\t<div id=\"sliderProduit\" class=\"carousel slide carousel-fade\" data-ride=\"carousel\">\n\t\t\t\t<div class=\"carousel-inner\">\n\t\t\t\t\t<div class=\"chargementSlider\"><div class=\"containerLoader\"><div class=\"loader\"><\/div><\/div><\/div><div class=\"carousel-item active\"><div class=\"image \" data-position=\"0\" style=\"background-image : url(https:\/\/www.tecnoma.com\/cs\/wp-content\/uploads\/sites\/7\/2019\/04\/TECNOMA_S120_Profil-1.png);\"><\/div><div class=\"description\"><div class=\"content\"><\/div><\/div><\/div>\t\t\t\t<\/div>\n\t\t\t<\/div>\n\t\t<\/div>\n\t<\/div>\n\n\n\n\t<\/div><\/div><\/div><\/div><\/div><div id=\"pg-935-1\"  class=\"panel-grid panel-no-style\" ><div id=\"pgc-935-1-0\"  class=\"panel-grid-cell\" ><div id=\"panel-935-1-0-0\" class=\"so-panel widget widget_smartheme_titre_widget panel-first-child\" data-index=\"1\" ><div\n\t\t\t\n\t\t\tclass=\"so-widget-smartheme_titre_widget so-widget-smartheme_titre_widget-default-d75171398898-935\"\n\t\t\t\n\t\t><div class=\"containerTitre_soustitre left\"><div class=\"containerTitre left\"><div class=\"pictoTitre\"><img decoding=\"async\" src=\"https:\/\/www.tecnoma.com\/cs\/wp-content\/uploads\/sites\/7\/2018\/12\/moteur-1.png\"><\/div><h2 style=\"margin:0;text-align:left; color:#004f9f;\" class=\"widget_titre\">MOTOR<\/h2><\/div><\/div><\/div><\/div><div id=\"panel-935-1-0-1\" class=\"so-panel widget widget_sow-editor panel-last-child\" data-index=\"2\" ><div\n\t\t\t\n\t\t\tclass=\"so-widget-sow-editor so-widget-sow-editor-base\"\n\t\t\t\n\t\t>\n<div class=\"siteorigin-widget-tinymce textwidget\">\n\t<p>\u0158ada S je vybavena Tier 3B DEUTZ motorem se 122 HP (S120 H a S120 HVV) nebo Tier 4F se 140 HP (S120 EV0) verzi.<\/p>\n<p><span style=\"text-decoration: underline;\"><strong>S<\/strong><\/span>: Motor je um\u00edst\u011bn n\u00edzko, uprost\u0159ed \u0159\u00e1dku. Trakce a stabilita je zaru\u010dena d\u00edky n\u00edzk\u00e9mu t\u011b\u017ei\u0161ti.<\/p>\n<p><span style=\"text-decoration: underline;\"><strong>SH<\/strong><\/span>: Vysoko nap\u0159\u00ed\u010d ulo\u017een\u00fd motor. Prostor nad prost\u0159edn\u00edm \u0159\u00e1dkem je uvoln\u011bn ve prosp\u011bch pou\u017eit\u00ed dr\u017e\u00e1k\u016f n\u00e1\u0159ad\u00ed ve 3 \u0159\u00e1dc\u00edch.<\/p>\n<p><span style=\"text-decoration: underline;\"><strong>SHVV<\/strong><\/span>: Vysoko nap\u0159\u00ed\u010d ulo\u017een\u00fd motor a hydraulicky nastaviteln\u00fd rozchod. Nastaven\u00ed rozchodu je plynul\u00e9 od 2 do 2,90m a p\u0159izp\u016fsob\u00ed se v\u0161em vinic\u00edm a prac\u00edm.<\/p>\n<\/div>\n<\/div><\/div><\/div><div id=\"pgc-935-1-1\"  class=\"panel-grid-cell\" ><div id=\"panel-935-1-1-0\" class=\"so-panel widget widget_sow-image panel-first-child panel-last-child\" data-index=\"3\" ><div\n\t\t\t\n\t\t\tclass=\"so-widget-sow-image so-widget-sow-image-default-8b5b6f678277-935\"\n\t\t\t\n\t\t>\n\n<div class=\"sow-image-container\">\n\t\t<img loading=\"lazy\" decoding=\"async\" src=\"https:\/\/www.tecnoma.com\/cs\/wp-content\/uploads\/sites\/7\/2019\/04\/TECNOMA_Moteur-S120EVO-1-768x432.jpg\" width=\"768\" height=\"432\" srcset=\"https:\/\/www.tecnoma.com\/cs\/wp-content\/uploads\/sites\/7\/2019\/04\/TECNOMA_Moteur-S120EVO-1-768x432.jpg 768w, https:\/\/www.tecnoma.com\/cs\/wp-content\/uploads\/sites\/7\/2019\/04\/TECNOMA_Moteur-S120EVO-1-300x169.jpg 300w, https:\/\/www.tecnoma.com\/cs\/wp-content\/uploads\/sites\/7\/2019\/04\/TECNOMA_Moteur-S120EVO-1-1024x576.jpg 1024w, https:\/\/www.tecnoma.com\/cs\/wp-content\/uploads\/sites\/7\/2019\/04\/TECNOMA_Moteur-S120EVO-1-1536x864.jpg 1536w, https:\/\/www.tecnoma.com\/cs\/wp-content\/uploads\/sites\/7\/2019\/04\/TECNOMA_Moteur-S120EVO-1-1140x641.jpg 1140w, https:\/\/www.tecnoma.com\/cs\/wp-content\/uploads\/sites\/7\/2019\/04\/TECNOMA_Moteur-S120EVO-1-555x312.jpg 555w, https:\/\/www.tecnoma.com\/cs\/wp-content\/uploads\/sites\/7\/2019\/04\/TECNOMA_Moteur-S120EVO-1.jpg 1920w\" sizes=\"(max-width: 768px) 100vw, 768px\" title=\"TECNOMA_Engine S120EVO\" alt=\"\" \t\tclass=\"so-widget-image\"\/>\n\t<\/div>\n\n<\/div><\/div><\/div><\/div><div id=\"pg-935-2\"  class=\"panel-grid panel-no-style\" ><div id=\"pgc-935-2-0\"  class=\"panel-grid-cell\" ><div id=\"panel-935-2-0-0\" class=\"so-panel widget widget_smartheme_titre_widget panel-first-child\" data-index=\"4\" ><div\n\t\t\t\n\t\t\tclass=\"so-widget-smartheme_titre_widget so-widget-smartheme_titre_widget-default-d75171398898-935\"\n\t\t\t\n\t\t><div class=\"containerTitre_soustitre left\"><div class=\"containerTitre left\"><div class=\"pictoTitre\"><img decoding=\"async\" src=\"https:\/\/www.tecnoma.com\/cs\/wp-content\/uploads\/sites\/7\/2018\/12\/Sans-titre-1-1.png\"><\/div><h2 style=\"margin:0;text-align:left; color:#004f9f;\" class=\"widget_titre\">CHASSIS A P\u0158EVODY<\/h2><\/div><\/div><\/div><\/div><div id=\"panel-935-2-0-1\" class=\"so-panel widget widget_sow-editor panel-last-child\" data-index=\"5\" ><div\n\t\t\t\n\t\t\tclass=\"so-widget-sow-editor so-widget-sow-editor-base\"\n\t\t\t\n\t\t>\n<div class=\"siteorigin-widget-tinymce textwidget\">\n\t<p style=\"text-align: justify;\">Sva\u0159ovan\u00e9 3 \u0159\u00e1dkov\u00e9 chassis s postrann\u00edmi v\u00fdztuhami zaji\u0161\u0165uje velkou tuhost. Pro v\u00e1\u0161 komfort je zde hydraulick\u00e9 pru\u017een\u00ed na p\u0159edn\u00ed n\u00e1prav\u011b.<\/p>\n<ul>\n<li>Pohon 4 kol pro pr\u00e1ci na poli a pohon 2 kol pro p\u0159epravu<\/li>\n<li>Du\u00e1ln\u00ed rychlostn\u00ed rozmez\u00ed pro poln\u00ed pr\u00e1ce a pro p\u0159epravu<\/li>\n<li>Hydraulick\u00e1 uz\u00e1v\u011bra diferenci\u00e1lu na v\u0161ech kolech<\/li>\n<li>Automotivn\u00ed re\u017eim p\u0159es plynov\u00fd ped\u00e1l pro pracovn\u00ed a poln\u00ed podm\u00ednky<\/li>\n<li>3 \u00farov\u0148ov\u00fd brzdov\u00fd syst\u00e9m: dynamick\u00e1, hydrostatick\u00e1 a parkovac\u00ed brzda <\/li>\n<\/ul>\n<\/div>\n<\/div><\/div><\/div><div id=\"pgc-935-2-1\"  class=\"panel-grid-cell\" ><div id=\"panel-935-2-1-0\" class=\"so-panel widget widget_sow-image panel-first-child panel-last-child\" data-index=\"6\" ><div\n\t\t\t\n\t\t\tclass=\"so-widget-sow-image so-widget-sow-image-default-8b5b6f678277-935\"\n\t\t\t\n\t\t>\n\n<div class=\"sow-image-container\">\n\t\t<img loading=\"lazy\" decoding=\"async\" src=\"https:\/\/www.tecnoma.com\/cs\/wp-content\/uploads\/sites\/7\/2019\/04\/TECNOMA_Chassis-S120EVO-1-768x432.jpg\" width=\"768\" height=\"432\" srcset=\"https:\/\/www.tecnoma.com\/cs\/wp-content\/uploads\/sites\/7\/2019\/04\/TECNOMA_Chassis-S120EVO-1-768x432.jpg 768w, https:\/\/www.tecnoma.com\/cs\/wp-content\/uploads\/sites\/7\/2019\/04\/TECNOMA_Chassis-S120EVO-1-300x169.jpg 300w, https:\/\/www.tecnoma.com\/cs\/wp-content\/uploads\/sites\/7\/2019\/04\/TECNOMA_Chassis-S120EVO-1-1024x576.jpg 1024w, https:\/\/www.tecnoma.com\/cs\/wp-content\/uploads\/sites\/7\/2019\/04\/TECNOMA_Chassis-S120EVO-1-1536x864.jpg 1536w, https:\/\/www.tecnoma.com\/cs\/wp-content\/uploads\/sites\/7\/2019\/04\/TECNOMA_Chassis-S120EVO-1-1140x641.jpg 1140w, https:\/\/www.tecnoma.com\/cs\/wp-content\/uploads\/sites\/7\/2019\/04\/TECNOMA_Chassis-S120EVO-1-555x312.jpg 555w, https:\/\/www.tecnoma.com\/cs\/wp-content\/uploads\/sites\/7\/2019\/04\/TECNOMA_Chassis-S120EVO-1.jpg 1920w\" sizes=\"(max-width: 768px) 100vw, 768px\" title=\"TECNOMA_Chassis S120EVO\" alt=\"\" \t\tclass=\"so-widget-image\"\/>\n\t<\/div>\n\n<\/div><\/div><\/div><\/div><div id=\"pg-935-3\"  class=\"panel-grid panel-no-style\" ><div id=\"pgc-935-3-0\"  class=\"panel-grid-cell\" ><div id=\"panel-935-3-0-0\" class=\"so-panel widget widget_smartheme_titre_widget panel-first-child\" data-index=\"7\" ><div\n\t\t\t\n\t\t\tclass=\"so-widget-smartheme_titre_widget so-widget-smartheme_titre_widget-default-d75171398898-935\"\n\t\t\t\n\t\t><div class=\"containerTitre_soustitre left\"><div class=\"containerTitre left\"><div class=\"pictoTitre\"><img decoding=\"async\" src=\"https:\/\/www.tecnoma.com\/cs\/wp-content\/uploads\/sites\/7\/2019\/01\/pouce-circle-1.png\"><\/div><h2 style=\"margin:0;text-align:left; color:#004f9f;\" class=\"widget_titre\">PANORAMATICK\u00c1 KABINA<\/h2><\/div><\/div><\/div><\/div><div id=\"panel-935-3-0-1\" class=\"so-panel widget widget_sow-editor panel-last-child\" data-index=\"8\" ><div\n\t\t\t\n\t\t\tclass=\"so-widget-sow-editor so-widget-sow-editor-base\"\n\t\t\t\n\t\t>\n<div class=\"siteorigin-widget-tinymce textwidget\">\n\t<p>Kabina t\u0159\u00eddy IV nab\u00edz\u00ed <strong>bezpe\u010dn\u00e9 prost\u0159ed\u00ed<\/strong> pro \u0159idi\u010de a nav\u00edc n\u00e1sleduj\u00edc\u00ed benefity:<\/p>\n<ul>\n<li>Ve\u0161ker\u00e9 ovl\u00e1d\u00e1n\u00ed p\u0159es kone\u010dky prst\u016f: ISOBUS konzola pro intuitivn\u00ed pou\u017eit\u00ed, v\u00edce\u00fa\u010delov\u00fd joystick pro ovl\u00e1d\u00e1n\u00ed dop\u0159edn\u00e9 a zp\u011btn\u00e9 rychlosti, integrovan\u00e9 v nastaviteln\u00e9 loketn\u00ed op\u011brce<\/li>\n<li>Pneumaticky odpru\u017een\u00e9 komfortn\u00ed sedadlo um\u00edst\u011bn\u00e9 nad \u0159\u00e1dky pro dobrou viditelnost.<\/li>\n<li>Elektrick\u00e1 zrc\u00e1tka<\/li>\n<li>Bezpe\u010dn\u00e9 startov\u00e1n\u00ed motoru a nouzov\u00e9 vyp\u00edn\u00e1n\u00ed motoru<\/li>\n<\/ul>\n<\/div>\n<\/div><\/div><\/div><div id=\"pgc-935-3-1\"  class=\"panel-grid-cell\" ><div id=\"panel-935-3-1-0\" class=\"so-panel widget widget_sow-image panel-first-child panel-last-child\" data-index=\"9\" ><div\n\t\t\t\n\t\t\tclass=\"so-widget-sow-image so-widget-sow-image-default-8b5b6f678277-935\"\n\t\t\t\n\t\t>\n\n<div class=\"sow-image-container\">\n\t\t<img loading=\"lazy\" decoding=\"async\" src=\"https:\/\/www.tecnoma.com\/cs\/wp-content\/uploads\/sites\/7\/2019\/04\/TECNOMA_Cabine-STP-1-768x432.jpg\" width=\"768\" height=\"432\" srcset=\"https:\/\/www.tecnoma.com\/cs\/wp-content\/uploads\/sites\/7\/2019\/04\/TECNOMA_Cabine-STP-1-768x432.jpg 768w, https:\/\/www.tecnoma.com\/cs\/wp-content\/uploads\/sites\/7\/2019\/04\/TECNOMA_Cabine-STP-1-300x169.jpg 300w, https:\/\/www.tecnoma.com\/cs\/wp-content\/uploads\/sites\/7\/2019\/04\/TECNOMA_Cabine-STP-1-1024x576.jpg 1024w, https:\/\/www.tecnoma.com\/cs\/wp-content\/uploads\/sites\/7\/2019\/04\/TECNOMA_Cabine-STP-1-1536x864.jpg 1536w, https:\/\/www.tecnoma.com\/cs\/wp-content\/uploads\/sites\/7\/2019\/04\/TECNOMA_Cabine-STP-1-1140x641.jpg 1140w, https:\/\/www.tecnoma.com\/cs\/wp-content\/uploads\/sites\/7\/2019\/04\/TECNOMA_Cabine-STP-1-555x312.jpg 555w, https:\/\/www.tecnoma.com\/cs\/wp-content\/uploads\/sites\/7\/2019\/04\/TECNOMA_Cabine-STP-1.jpg 1920w\" sizes=\"(max-width: 768px) 100vw, 768px\" title=\"TECNOMA_Cab S120EVO\" alt=\"\" \t\tclass=\"so-widget-image\"\/>\n\t<\/div>\n\n<\/div><\/div><\/div><\/div><div id=\"pg-935-4\"  class=\"panel-grid panel-no-style\" ><div id=\"pgc-935-4-0\"  class=\"panel-grid-cell\" ><div id=\"panel-935-4-0-0\" class=\"so-panel widget widget_smartheme_titre_widget panel-first-child\" data-index=\"10\" ><div\n\t\t\t\n\t\t\tclass=\"so-widget-smartheme_titre_widget so-widget-smartheme_titre_widget-default-d75171398898-935\"\n\t\t\t\n\t\t><div class=\"containerTitre_soustitre left\"><div class=\"containerTitre left\"><div class=\"pictoTitre\"><img decoding=\"async\" src=\"https:\/\/www.tecnoma.com\/cs\/wp-content\/uploads\/sites\/7\/2018\/12\/moteur-1.png\"><\/div><h2 style=\"margin:0;text-align:left; color:#004f9f;\" class=\"widget_titre\">N\u00c1\u0158AD\u00cd<\/h2><\/div><\/div><\/div><\/div><div id=\"panel-935-4-0-1\" class=\"so-panel widget widget_sow-editor panel-last-child\" data-index=\"11\" ><div\n\t\t\t\n\t\t\tclass=\"so-widget-sow-editor so-widget-sow-editor-base\"\n\t\t\t\n\t\t>\n<div class=\"siteorigin-widget-tinymce textwidget\">\n\t<p>Rozm\u011bry dr\u017e\u00e1k\u016f n\u00e1\u0159ad\u00ed a dostupn\u00fd rozvor mezi koly umo\u017e\u0148uje namontovat v\u0161echno n\u00e1\u0159ad\u00ed na S120. Nov\u011b pro 2019: D\u00edky na\u0161emu nov\u00e9mu TECTOOLS p\u0159ipojovac\u00edmu rozhran\u00ed ho p\u0159ipoj\u00edte bez n\u00e1mahy a bez kl\u00ed\u010d\u016f. Nav\u00edc u\u0161et\u0159\u00edte hodn\u011b \u010dasu b\u011bhem v\u00fdm\u011bny n\u00e1\u0159ad\u00ed. P\u0159ipojen\u00ed \/ odpojen\u00ed se st\u00e1v\u00e1 jednoduch\u00e9 a rychl\u00e9.<br \/>\nK tomu nav\u00edc:<\/p>\n<ul>\n<li>Specifick\u00fd design p\u0159edn\u00ed \u010d\u00e1sti k um\u00edst\u011bn\u00ed hydraulick\u00e9ho zdvihu, skluzu nebo parallelogramu pro \u0161irokou \u0161k\u00e1lu p\u0159\u00edslu\u0161enstv\u00ed.<\/li>\n<li>Design p\u0159edn\u00edho r\u00e1mu redukuje p\u0159edn\u00ed p\u0159evis pro optimalizaci u\u017eite\u010dn\u00fd n\u00e1kladu.<\/li>\n<li>R\u00e1m m\u016f\u017ee n\u00e9st zat\u0159ihova\u010d, seka\u010dku, pro\u0159ez\u00e1va\u010d nebo \u0161nekov\u00fd vrt\u00e1k\u2026<\/li>\n<\/ul>\n<\/div>\n<\/div><\/div><\/div><div id=\"pgc-935-4-1\"  class=\"panel-grid-cell\" ><div id=\"panel-935-4-1-0\" class=\"so-panel widget widget_sow-image panel-first-child panel-last-child\" data-index=\"12\" ><div\n\t\t\t\n\t\t\tclass=\"so-widget-sow-image so-widget-sow-image-default-8b5b6f678277-935\"\n\t\t\t\n\t\t>\n\n<div class=\"sow-image-container\">\n\t\t<img loading=\"lazy\" decoding=\"async\" src=\"https:\/\/www.tecnoma.com\/cs\/wp-content\/uploads\/sites\/7\/2019\/04\/TECNOMA_Outils2-S120EVO-1-768x432.jpg\" width=\"768\" height=\"432\" srcset=\"https:\/\/www.tecnoma.com\/cs\/wp-content\/uploads\/sites\/7\/2019\/04\/TECNOMA_Outils2-S120EVO-1-768x432.jpg 768w, https:\/\/www.tecnoma.com\/cs\/wp-content\/uploads\/sites\/7\/2019\/04\/TECNOMA_Outils2-S120EVO-1-300x169.jpg 300w, https:\/\/www.tecnoma.com\/cs\/wp-content\/uploads\/sites\/7\/2019\/04\/TECNOMA_Outils2-S120EVO-1-1024x576.jpg 1024w, https:\/\/www.tecnoma.com\/cs\/wp-content\/uploads\/sites\/7\/2019\/04\/TECNOMA_Outils2-S120EVO-1-1536x864.jpg 1536w, https:\/\/www.tecnoma.com\/cs\/wp-content\/uploads\/sites\/7\/2019\/04\/TECNOMA_Outils2-S120EVO-1-1140x641.jpg 1140w, https:\/\/www.tecnoma.com\/cs\/wp-content\/uploads\/sites\/7\/2019\/04\/TECNOMA_Outils2-S120EVO-1-555x312.jpg 555w, https:\/\/www.tecnoma.com\/cs\/wp-content\/uploads\/sites\/7\/2019\/04\/TECNOMA_Outils2-S120EVO-1.jpg 1920w\" sizes=\"(max-width: 768px) 100vw, 768px\" title=\"TECNOMA_Tools2 S120EVO\" alt=\"\" \t\tclass=\"so-widget-image\"\/>\n\t<\/div>\n\n<\/div><\/div><\/div><\/div><div id=\"pg-935-5\"  class=\"panel-grid panel-no-style\" ><div id=\"pgc-935-5-0\"  class=\"panel-grid-cell\" ><div id=\"panel-935-5-0-0\" class=\"so-panel widget widget_smartheme_titre_widget panel-first-child\" data-index=\"13\" ><div\n\t\t\t\n\t\t\tclass=\"so-widget-smartheme_titre_widget so-widget-smartheme_titre_widget-default-d75171398898-935\"\n\t\t\t\n\t\t><div class=\"containerTitre_soustitre left\"><div class=\"containerTitre left\"><div class=\"pictoTitre\"><img decoding=\"async\" src=\"https:\/\/www.tecnoma.com\/cs\/wp-content\/uploads\/sites\/7\/2019\/01\/pouce-circle-1.png\"><\/div><h2 style=\"margin:0;text-align:left; color:#004f9f;\" class=\"widget_titre\">TECNOMA BENEFITY<\/h2><\/div><\/div><\/div><\/div><div id=\"panel-935-5-0-1\" class=\"so-panel widget widget_sow-editor panel-last-child\" data-index=\"14\" ><div\n\t\t\t\n\t\t\tclass=\"so-widget-sow-editor so-widget-sow-editor-base\"\n\t\t\t\n\t\t>\n<div class=\"siteorigin-widget-tinymce textwidget\">\n\t<ul>\n<li>N\u00edzk\u00e1 \u00farove\u0148 \u00fadr\u017eby<\/li>\n<li>TwinLock p\u0159evody pro dobrou kontrolu trakce (protiskluz).<\/li>\n<li>4 nohy se \u0161t\u00edhl\u00fdm designem pro minimalizaci po\u0161kozen\u00ed porostu nebo list\u016f.<\/li>\n<li>Vodou chlazen\u00fd motor se vzduchov\u00fdm chladi\u010dem<\/li>\n<li>Velk\u00e1 zadn\u00ed platforma pro um\u00edst\u011bn\u00ed n\u00e1dr\u017ee post\u0159ikova\u010de nebo rozmetadla hnojiv<\/li>\n<li>Velk\u00e1 pracovn\u00ed autonomie d\u00edky objemn\u00e9 naftov\u00e9 a AdBlue n\u00e1dr\u017ei.<\/li>\n<li>Mo\u017enost p\u0159edprogramovat a\u017e 10 prac\u00ed<\/li>\n<\/ul>\n<\/div>\n<\/div><\/div><\/div><div id=\"pgc-935-5-1\"  class=\"panel-grid-cell\" ><div id=\"panel-935-5-1-0\" class=\"so-panel widget widget_sow-image panel-first-child panel-last-child\" data-index=\"15\" ><div\n\t\t\t\n\t\t\tclass=\"so-widget-sow-image so-widget-sow-image-default-8b5b6f678277-935\"\n\t\t\t\n\t\t>\n\n<div class=\"sow-image-container\">\n\t\t<img loading=\"lazy\" decoding=\"async\" src=\"https:\/\/www.tecnoma.com\/cs\/wp-content\/uploads\/sites\/7\/2019\/04\/TECNOMA_Outils-S120EVO-1-768x432.jpg\" width=\"768\" height=\"432\" srcset=\"https:\/\/www.tecnoma.com\/cs\/wp-content\/uploads\/sites\/7\/2019\/04\/TECNOMA_Outils-S120EVO-1-768x432.jpg 768w, https:\/\/www.tecnoma.com\/cs\/wp-content\/uploads\/sites\/7\/2019\/04\/TECNOMA_Outils-S120EVO-1-300x169.jpg 300w, https:\/\/www.tecnoma.com\/cs\/wp-content\/uploads\/sites\/7\/2019\/04\/TECNOMA_Outils-S120EVO-1-1024x576.jpg 1024w, https:\/\/www.tecnoma.com\/cs\/wp-content\/uploads\/sites\/7\/2019\/04\/TECNOMA_Outils-S120EVO-1-1536x864.jpg 1536w, https:\/\/www.tecnoma.com\/cs\/wp-content\/uploads\/sites\/7\/2019\/04\/TECNOMA_Outils-S120EVO-1-1140x641.jpg 1140w, https:\/\/www.tecnoma.com\/cs\/wp-content\/uploads\/sites\/7\/2019\/04\/TECNOMA_Outils-S120EVO-1-555x312.jpg 555w, https:\/\/www.tecnoma.com\/cs\/wp-content\/uploads\/sites\/7\/2019\/04\/TECNOMA_Outils-S120EVO-1.jpg 1920w\" sizes=\"(max-width: 768px) 100vw, 768px\" title=\"TECNOMA_Tools S120EVO\" alt=\"\" \t\tclass=\"so-widget-image\"\/>\n\t<\/div>\n\n<\/div><\/div><\/div><\/div><div id=\"pg-935-6\"  class=\"panel-grid panel-no-style\" ><div id=\"pgc-935-6-0\"  class=\"panel-grid-cell\" ><div id=\"panel-935-6-0-0\" class=\"so-panel widget widget_smartheme_titre_widget panel-first-child panel-last-child\" data-index=\"16\" ><div\n\t\t\t\n\t\t\tclass=\"so-widget-smartheme_titre_widget so-widget-smartheme_titre_widget-default-d75171398898-935\"\n\t\t\t\n\t\t><div class=\"containerTitre_soustitre left\"><div class=\"containerTitre left\"><div class=\"pictoTitre\"><img decoding=\"async\" src=\"https:\/\/www.tecnoma.com\/cs\/wp-content\/uploads\/sites\/7\/2018\/12\/download-circle-1.png\"><\/div><h2 style=\"margin:0;text-align:left; color:#004f9f;\" class=\"widget_titre\">Sta\u017een\u00ed<\/h2><\/div><\/div><\/div><\/div><\/div><\/div><div id=\"pg-935-7\"  class=\"panel-grid panel-no-style\" ><div id=\"pgc-935-7-0\"  class=\"panel-grid-cell\" ><div id=\"panel-935-7-0-0\" class=\"so-panel widget widget_smartheme_pdf_widget panel-first-child panel-last-child\" data-index=\"17\" ><div\n\t\t\t\n\t\t\tclass=\"so-widget-smartheme_pdf_widget so-widget-smartheme_pdf_widget-default-d75171398898-935\"\n\t\t\t\n\t\t><div class=\"titre\"><h2><\/h2><\/div><a class=\"containerPdf\" href=\"https:\/\/www.tecnoma.com\/cs\/wp-content\/uploads\/sites\/7\/2019\/04\/TECNOMA_Brochure-STP-1.pdf\" download><div class=\"contenuPdf\"><div class=\"pictoPdf\"><span class=\"\"><img decoding=\"async\" src=\"https:\/\/www.tecnoma.com\/cs\/wp-content\/themes\/tecnoma\/images\/pdf.svg\"\/><span><\/div><div class=\"containerText\"><p>brochure<\/p>\n<p>STP<\/p><\/div><\/div><\/a><\/div><\/div><\/div><div id=\"pgc-935-7-1\"  class=\"panel-grid-cell panel-grid-cell-empty\" ><\/div><div id=\"pgc-935-7-2\"  class=\"panel-grid-cell panel-grid-cell-empty panel-grid-cell-mobile-last\" ><\/div><div id=\"pgc-935-7-3\"  class=\"panel-grid-cell panel-grid-cell-empty\" ><\/div><\/div><div id=\"pg-935-8\"  class=\"panel-grid panel-has-style\" ><div class=\"siteorigin-panels-stretch panel-row-style panel-row-style-for-935-8\" data-stretch-type=\"full\" ><div id=\"pgc-935-8-0\"  class=\"panel-grid-cell\" ><div id=\"panel-935-8-0-0\" class=\"so-panel widget widget_smartheme_transition_widget panel-first-child\" data-index=\"18\" ><div\n\t\t\t\n\t\t\tclass=\"so-widget-smartheme_transition_widget so-widget-smartheme_transition_widget-default-d75171398898-935\"\n\t\t\t\n\t\t>\n<div class=\"containerTransition\" style=\"margin-top: 0px; margin-bottom: 0px;\">\n\t<div class=\"transition\"><\/div>\n<\/div><\/div><\/div><div id=\"panel-935-8-0-1\" class=\"so-panel widget widget_smarttheme_feedwall_widget panel-last-child\" data-index=\"19\" ><div\n\t\t\t\n\t\t\tclass=\"so-widget-smarttheme_feedwall_widget so-widget-smarttheme_feedwall_widget-default-d75171398898-935\"\n\t\t\t\n\t\t><section id=\"feedwall\">\n\t<div id=\"actu\">\n\t\t<div class=\"enteteActu\">\n\t\t<div class=\"titre\"><h3>Digi novinky<\/h3><\/div>\n\t\t\t<\/div>\n\t\t\t\t<div class=\"containerMessageFeedVide\">\n\t\t\t\t<p class=\"messageFeedVide\">\n\t\t\t\t\t V\u0161echny na\u0161e novinky najdete na <a href=\"https:\/\/www.facebook.com\/groupe.tecnoma\/\">Facebook<\/a>\n\t\t\t\t<\/p>\n\t\t\t<\/div>\n\t\t\t<div class=\"scrollbar\"><div class=\"bloc-barre\"><div class=\"barre\"><\/div><\/div><\/div>\n\t<\/div>\n<\/section><\/div><\/div><\/div><\/div><\/div><\/div>","protected":false},"excerpt":{"rendered":"<p>\u0158ada S je vybavena Tier 3B DEUTZ motorem se 122 HP (S120 H a S120 HVV) nebo Tier 4F se [&hellip;]<\/p>\n","protected":false},"author":1,"featured_media":306,"parent":820,"menu_order":0,"comment_status":"closed","ping_status":"closed","template":"","meta":{"footnotes":""},"_links":{"self":[{"href":"https:\/\/www.tecnoma.com\/cs\/wp-json\/wp\/v2\/pages\/935"}],"collection":[{"href":"https:\/\/www.tecnoma.com\/cs\/wp-json\/wp\/v2\/pages"}],"about":[{"href":"https:\/\/www.tecnoma.com\/cs\/wp-json\/wp\/v2\/types\/page"}],"author":[{"embeddable":true,"href":"https:\/\/www.tecnoma.com\/cs\/wp-json\/wp\/v2\/users\/1"}],"replies":[{"embeddable":true,"href":"https:\/\/www.tecnoma.com\/cs\/wp-json\/wp\/v2\/comments?post=935"}],"version-history":[{"count":2,"href":"https:\/\/www.tecnoma.com\/cs\/wp-json\/wp\/v2\/pages\/935\/revisions"}],"predecessor-version":[{"id":1563,"href":"https:\/\/www.tecnoma.com\/cs\/wp-json\/wp\/v2\/pages\/935\/revisions\/1563"}],"up":[{"embeddable":true,"href":"https:\/\/www.tecnoma.com\/cs\/wp-json\/wp\/v2\/pages\/820"}],"wp:featuredmedia":[{"embeddable":true,"href":"https:\/\/www.tecnoma.com\/cs\/wp-json\/wp\/v2\/media\/306"}],"wp:attachment":[{"href":"https:\/\/www.tecnoma.com\/cs\/wp-json\/wp\/v2\/media?parent=935"}],"curies":[{"name":"wp","href":"https:\/\/api.w.org\/{rel}","templated":true}]}}