{"id":820,"date":"2019-03-11T14:20:58","date_gmt":"2019-03-11T13:20:58","guid":{"rendered":"https:\/\/www.tecnoma.com\/?page_id=820"},"modified":"2020-11-13T17:08:52","modified_gmt":"2020-11-13T16:08:52","slug":"3-rows-tractors","status":"publish","type":"page","link":"https:\/\/www.tecnoma.com\/cs\/straddle-tractors-for-narrow-vineyards\/3-rows-tractors\/","title":{"rendered":"3 \u0158ADOV\u00c9 TRAKTORY"},"content":{"rendered":"<div id=\"pl-820\"  class=\"panel-layout\" ><div id=\"pg-820-0\"  class=\"panel-grid panel-has-style\" ><div class=\"panel-row-style panel-row-style-for-820-0\" ><div id=\"pgc-820-0-0\"  class=\"panel-grid-cell\" ><div id=\"panel-820-0-0-0\" class=\"so-panel widget widget_sow-editor panel-first-child panel-last-child\" data-index=\"0\" ><div class=\"panel-widget-style panel-widget-style-for-820-0-0-0\" ><div\n\t\t\t\n\t\t\tclass=\"so-widget-sow-editor so-widget-sow-editor-base\"\n\t\t\t\n\t\t>\n<div class=\"siteorigin-widget-tinymce textwidget\">\n\t<p style=\"text-align: justify;\"><span style=\"color: #004f9f;\">Ikonick\u00e9 port\u00e1lov\u00e9 traktory \u0159ady Tecnoma, S-T-P modely si ukovaly svou reputaci p\u0159es dlouhodob\u00fd v\u00fdkon a spolehlivost. Jedni\u010dka v regionu Champagne od roku 1952, Tecnoma si vybudovala siln\u00e9 know-how ve vina\u0159stv\u00ed. Jsou dostupn\u00e9 3 modely (n\u00edzk\u00fd \/ vysok\u00fd motor, hydraulick\u00fd rozchod...) a bezpochybu najdete nejlep\u0161\u00ed model, kter\u00fd bude vyhovovat va\u0161im vinic\u00edm. Proto\u017ee je ka\u017ed\u00fd z\u00e1kazn\u00edk unik\u00e1tn\u00ed, ud\u011bl\u00e1me co je v na\u0161ich sil\u00e1ch aby zku\u0161enost s n\u00e1mi byla perfektn\u00ed.<br \/>\n<\/span><\/p>\n<\/div>\n<\/div><\/div><\/div><\/div><\/div><\/div><div id=\"pg-820-1\"  class=\"panel-grid panel-has-style\" ><div class=\"panel-row-style panel-row-style-for-820-1\" ><div id=\"pgc-820-1-0\"  class=\"panel-grid-cell\" ><div id=\"panel-820-1-0-0\" class=\"so-panel widget widget_sow-image panel-first-child\" data-index=\"1\" ><div class=\"panel-widget-style panel-widget-style-for-820-1-0-0\" ><div\n\t\t\t\n\t\t\tclass=\"so-widget-sow-image so-widget-sow-image-default-8b5b6f678277-820\"\n\t\t\t\n\t\t>\n\n<div class=\"sow-image-container\">\n\t\t\t<a href=\"https:\/\/www.tecnoma.com\/cs\/straddle-tractors-for-narrow-vineyards\/3-rows-tractors\/s120\/\"\n\t\t\t\t\t>\n\t\t\t<img loading=\"lazy\" decoding=\"async\" src=\"https:\/\/www.tecnoma.com\/cs\/wp-content\/uploads\/sites\/7\/2019\/04\/TECNOMA_S120_Profil-1.png\" width=\"889\" height=\"777\" srcset=\"https:\/\/www.tecnoma.com\/cs\/wp-content\/uploads\/sites\/7\/2019\/04\/TECNOMA_S120_Profil-1.png 889w, https:\/\/www.tecnoma.com\/cs\/wp-content\/uploads\/sites\/7\/2019\/04\/TECNOMA_S120_Profil-1-300x262.png 300w, https:\/\/www.tecnoma.com\/cs\/wp-content\/uploads\/sites\/7\/2019\/04\/TECNOMA_S120_Profil-1-768x671.png 768w, https:\/\/www.tecnoma.com\/cs\/wp-content\/uploads\/sites\/7\/2019\/04\/TECNOMA_S120_Profil-1-555x485.png 555w\" sizes=\"(max-width: 889px) 100vw, 889px\" title=\"TECNOMA_S120_Profile\" alt=\"\" \t\tclass=\"so-widget-image\"\/>\n\t<\/a><\/div>\n\n<\/div><\/div><\/div><div id=\"panel-820-1-0-1\" class=\"so-panel widget widget_smartheme_titre_widget\" data-index=\"2\" ><div\n\t\t\t\n\t\t\tclass=\"so-widget-smartheme_titre_widget so-widget-smartheme_titre_widget-default-d75171398898-820\"\n\t\t\t\n\t\t><div class=\"containerTitre_soustitre left\"><div class=\"containerTitre left\"><h2 style=\"margin:0;text-align:left; color:#004f9f;\" class=\"widget_titre\">S120 EVO<\/h2><a class=\"titre-btn-savoirplus\" href=\"https:\/\/www.tecnoma.com\/cs\/straddle-tractors-for-narrow-vineyards\/3-rows-tractors\/s120\/\"><div>learn more <div class=\"chevron\"><\/div><\/div><\/a><\/div><\/div><\/div><\/div><div id=\"panel-820-1-0-2\" class=\"so-panel widget widget_sow-editor panel-last-child\" data-index=\"3\" ><div\n\t\t\t\n\t\t\tclass=\"so-widget-sow-editor so-widget-sow-editor-base\"\n\t\t\t\n\t\t>\n<div class=\"siteorigin-widget-tinymce textwidget\">\n\t<p style=\"text-align: justify;\">S v\u00fdkonem 122 HP nebo 140 HP, je model \"S\" vybaven DEUTZ motorem (Tier 3B). Jeho design je takov\u00fd, \u017ee bude nejv\u00edce vyhovovat va\u0161im vinohrad\u016fm jak co se t\u00fd\u010de rozhlehlosti tak svahov\u00fdch podm\u00ednek.<\/p>\n<\/div>\n<\/div><\/div><\/div><div id=\"pgc-820-1-1\"  class=\"panel-grid-cell\" ><div id=\"panel-820-1-1-0\" class=\"so-panel widget widget_sow-image panel-first-child\" data-index=\"4\" ><div class=\"panel-widget-style panel-widget-style-for-820-1-1-0\" ><div\n\t\t\t\n\t\t\tclass=\"so-widget-sow-image so-widget-sow-image-default-8b5b6f678277-820\"\n\t\t\t\n\t\t>\n\n<div class=\"sow-image-container\">\n\t\t\t<a href=\"https:\/\/www.tecnoma.com\/cs\/straddle-tractors-for-narrow-vineyards\/3-rows-tractors\/t140\/\"\n\t\t\t\t\t>\n\t\t\t<img loading=\"lazy\" decoding=\"async\" src=\"https:\/\/www.tecnoma.com\/cs\/wp-content\/uploads\/sites\/7\/2019\/03\/TECNOMA_T140_Vue-profil-1.png\" width=\"992\" height=\"916\" srcset=\"https:\/\/www.tecnoma.com\/cs\/wp-content\/uploads\/sites\/7\/2019\/03\/TECNOMA_T140_Vue-profil-1.png 992w, https:\/\/www.tecnoma.com\/cs\/wp-content\/uploads\/sites\/7\/2019\/03\/TECNOMA_T140_Vue-profil-1-300x277.png 300w, https:\/\/www.tecnoma.com\/cs\/wp-content\/uploads\/sites\/7\/2019\/03\/TECNOMA_T140_Vue-profil-1-768x709.png 768w, https:\/\/www.tecnoma.com\/cs\/wp-content\/uploads\/sites\/7\/2019\/03\/TECNOMA_T140_Vue-profil-1-555x512.png 555w\" sizes=\"(max-width: 992px) 100vw, 992px\" title=\"TECNOMA_T140_Profile\" alt=\"\" \t\tclass=\"so-widget-image\"\/>\n\t<\/a><\/div>\n\n<\/div><\/div><\/div><div id=\"panel-820-1-1-1\" class=\"so-panel widget widget_smartheme_titre_widget\" data-index=\"5\" ><div\n\t\t\t\n\t\t\tclass=\"so-widget-smartheme_titre_widget so-widget-smartheme_titre_widget-default-d75171398898-820\"\n\t\t\t\n\t\t><div class=\"containerTitre_soustitre left\"><div class=\"containerTitre left\"><h2 style=\"margin:0;text-align:left; color:#004f9f;\" class=\"widget_titre\">T140 EVO<\/h2><a class=\"titre-btn-savoirplus\" href=\"https:\/\/www.tecnoma.com\/cs\/straddle-tractors-for-narrow-vineyards\/3-rows-tractors\/t140\/\"><div>learn more <div class=\"chevron\"><\/div><\/div><\/a><\/div><\/div><\/div><\/div><div id=\"panel-820-1-1-2\" class=\"so-panel widget widget_sow-editor panel-last-child\" data-index=\"6\" ><div\n\t\t\t\n\t\t\tclass=\"so-widget-sow-editor so-widget-sow-editor-base\"\n\t\t\t\n\t\t>\n<div class=\"siteorigin-widget-tinymce textwidget\">\n\t<p style=\"text-align: justify;\">Se sv\u00fdm Tier 4F motorem a v\u00fdkonem 156 HP je T 140 dostupn\u00fd ve 3 verz\u00edch: T140, T140 HVV a T140 BVV. Silni\u010dn\u00ed homologace, ovladatelnost, schopnost j\u00edzdy po strm\u00fdch svaz\u00edch, v\u00fdborn\u00e1 trakce: jeho chassis je navr\u017eeno pro intenzivn\u00ed pr\u00e1ci.<\/p>\n<\/div>\n<\/div><\/div><\/div><div id=\"pgc-820-1-2\"  class=\"panel-grid-cell\" ><div id=\"panel-820-1-2-0\" class=\"so-panel widget widget_sow-image panel-first-child\" data-index=\"7\" ><div class=\"panel-widget-style panel-widget-style-for-820-1-2-0\" ><div\n\t\t\t\n\t\t\tclass=\"so-widget-sow-image so-widget-sow-image-default-8b5b6f678277-820\"\n\t\t\t\n\t\t>\n\n<div class=\"sow-image-container\">\n\t\t<img loading=\"lazy\" decoding=\"async\" src=\"https:\/\/www.tecnoma.com\/cs\/wp-content\/uploads\/sites\/7\/2019\/03\/TECNOMA_P140_Vue-profil1-1.png\" width=\"1701\" height=\"1487\" srcset=\"https:\/\/www.tecnoma.com\/cs\/wp-content\/uploads\/sites\/7\/2019\/03\/TECNOMA_P140_Vue-profil1-1.png 1701w, https:\/\/www.tecnoma.com\/cs\/wp-content\/uploads\/sites\/7\/2019\/03\/TECNOMA_P140_Vue-profil1-1-300x262.png 300w, https:\/\/www.tecnoma.com\/cs\/wp-content\/uploads\/sites\/7\/2019\/03\/TECNOMA_P140_Vue-profil1-1-1024x895.png 1024w, https:\/\/www.tecnoma.com\/cs\/wp-content\/uploads\/sites\/7\/2019\/03\/TECNOMA_P140_Vue-profil1-1-768x671.png 768w, https:\/\/www.tecnoma.com\/cs\/wp-content\/uploads\/sites\/7\/2019\/03\/TECNOMA_P140_Vue-profil1-1-1536x1343.png 1536w, https:\/\/www.tecnoma.com\/cs\/wp-content\/uploads\/sites\/7\/2019\/03\/TECNOMA_P140_Vue-profil1-1-1140x997.png 1140w, https:\/\/www.tecnoma.com\/cs\/wp-content\/uploads\/sites\/7\/2019\/03\/TECNOMA_P140_Vue-profil1-1-555x485.png 555w\" sizes=\"(max-width: 1701px) 100vw, 1701px\" title=\"TECNOMA_P140_Profile\" alt=\"\" \t\tclass=\"so-widget-image\"\/>\n\t<\/div>\n\n<\/div><\/div><\/div><div id=\"panel-820-1-2-1\" class=\"so-panel widget widget_smartheme_titre_widget\" data-index=\"8\" ><div\n\t\t\t\n\t\t\tclass=\"so-widget-smartheme_titre_widget so-widget-smartheme_titre_widget-default-d75171398898-820\"\n\t\t\t\n\t\t><div class=\"containerTitre_soustitre left\"><div class=\"containerTitre left\"><h2 style=\"margin:0;text-align:left; color:#004f9f;\" class=\"widget_titre\">P140\/160 EVO<\/h2><\/div><\/div><\/div><\/div><div id=\"panel-820-1-2-2\" class=\"so-panel widget widget_sow-editor panel-last-child\" data-index=\"9\" ><div\n\t\t\t\n\t\t\tclass=\"so-widget-sow-editor so-widget-sow-editor-base\"\n\t\t\t\n\t\t>\n<div class=\"siteorigin-widget-tinymce textwidget\">\n\t<p style=\"text-align: justify;\">Nejv\u00fdkon\u011bj\u0161\u00ed model z S-T-P \u0159ady. M\u016f\u017ee m\u00edt a\u017e 204 HP d\u00edky sv\u00e9mu 4F motoru. Ned\u00e1vn\u00fd facelift s vylep\u0161enou bezpe\u010dnost\u00ed a \u0161irokou nab\u00eddkou v\u00fdbavy d\u011bl\u00e1 z modelu P referen\u010dn\u00ed stroj mezi port\u00e1lov\u00fdmi traktory.<\/p>\n<\/div>\n<\/div><\/div><\/div><\/div><\/div><div id=\"pg-820-2\"  class=\"panel-grid panel-has-style\" ><div class=\"siteorigin-panels-stretch panel-row-style panel-row-style-for-820-2\" data-stretch-type=\"full\" ><div id=\"pgc-820-2-0\"  class=\"panel-grid-cell\" ><div id=\"panel-820-2-0-0\" class=\"so-panel widget widget_smartheme_transition_widget panel-first-child\" data-index=\"10\" ><div\n\t\t\t\n\t\t\tclass=\"so-widget-smartheme_transition_widget so-widget-smartheme_transition_widget-default-d75171398898-820\"\n\t\t\t\n\t\t>\n<div class=\"containerTransition\" style=\"margin-top: 0px; margin-bottom: 0px;\">\n\t<div class=\"transition\"><\/div>\n<\/div><\/div><\/div><div id=\"panel-820-2-0-1\" class=\"so-panel widget widget_smarttheme_feedwall_widget panel-last-child\" data-index=\"11\" ><div\n\t\t\t\n\t\t\tclass=\"so-widget-smarttheme_feedwall_widget so-widget-smarttheme_feedwall_widget-default-d75171398898-820\"\n\t\t\t\n\t\t><section id=\"feedwall\">\n\t<div id=\"actu\">\n\t\t<div class=\"enteteActu\">\n\t\t<div class=\"titre\"><h3>Digi novinky<\/h3><\/div>\n\t\t\t<\/div>\n\t\t\t\t<div class=\"containerMessageFeedVide\">\n\t\t\t\t<p class=\"messageFeedVide\">\n\t\t\t\t\t V\u0161echny na\u0161e novinky najdete na <a href=\"https:\/\/www.facebook.com\/groupe.tecnoma\/\">Facebook<\/a>\n\t\t\t\t<\/p>\n\t\t\t<\/div>\n\t\t\t<div class=\"scrollbar\"><div class=\"bloc-barre\"><div class=\"barre\"><\/div><\/div><\/div>\n\t<\/div>\n<\/section><\/div><\/div><\/div><\/div><\/div><\/div>","protected":false},"excerpt":{"rendered":"<p>Ikonick\u00e9 port\u00e1lov\u00e9 traktory \u0159ady Tecnoma, S-T-P modely si ukovaly svou reputaci p\u0159es dlouhodob\u00fd v\u00fdkon a spolehlivost. Jedni\u010dka v regionu Champagne [&hellip;]<\/p>\n","protected":false},"author":1,"featured_media":0,"parent":177,"menu_order":0,"comment_status":"closed","ping_status":"closed","template":"","meta":{"footnotes":""},"_links":{"self":[{"href":"https:\/\/www.tecnoma.com\/cs\/wp-json\/wp\/v2\/pages\/820"}],"collection":[{"href":"https:\/\/www.tecnoma.com\/cs\/wp-json\/wp\/v2\/pages"}],"about":[{"href":"https:\/\/www.tecnoma.com\/cs\/wp-json\/wp\/v2\/types\/page"}],"author":[{"embeddable":true,"href":"https:\/\/www.tecnoma.com\/cs\/wp-json\/wp\/v2\/users\/1"}],"replies":[{"embeddable":true,"href":"https:\/\/www.tecnoma.com\/cs\/wp-json\/wp\/v2\/comments?post=820"}],"version-history":[{"count":4,"href":"https:\/\/www.tecnoma.com\/cs\/wp-json\/wp\/v2\/pages\/820\/revisions"}],"predecessor-version":[{"id":1557,"href":"https:\/\/www.tecnoma.com\/cs\/wp-json\/wp\/v2\/pages\/820\/revisions\/1557"}],"up":[{"embeddable":true,"href":"https:\/\/www.tecnoma.com\/cs\/wp-json\/wp\/v2\/pages\/177"}],"wp:attachment":[{"href":"https:\/\/www.tecnoma.com\/cs\/wp-json\/wp\/v2\/media?parent=820"}],"curies":[{"name":"wp","href":"https:\/\/api.w.org\/{rel}","templated":true}]}}