{"id":797,"date":"2019-02-08T14:24:02","date_gmt":"2019-02-08T13:24:02","guid":{"rendered":"https:\/\/www.tecnoma.com\/?page_id=797"},"modified":"2020-11-13T16:51:58","modified_gmt":"2020-11-13T15:51:58","slug":"mounted-sprayers","status":"publish","type":"page","link":"https:\/\/www.tecnoma.com\/cs\/products\/sprayers-for-agriculture\/mounted-sprayers\/","title":{"rendered":"NESEN\u00c9 POST\u0158IKOVA\u010cE"},"content":{"rendered":"<div id=\"pl-797\"  class=\"panel-layout\" ><div id=\"pg-797-0\"  class=\"panel-grid panel-has-style\" ><div class=\"panel-row-style panel-row-style-for-797-0\" ><div id=\"pgc-797-0-0\"  class=\"panel-grid-cell\" ><div id=\"panel-797-0-0-0\" class=\"so-panel widget widget_sow-editor panel-first-child panel-last-child\" data-index=\"0\" ><div class=\"panel-widget-style panel-widget-style-for-797-0-0-0\" ><div\n\t\t\t\n\t\t\tclass=\"so-widget-sow-editor so-widget-sow-editor-base\"\n\t\t\t\n\t\t>\n<div class=\"siteorigin-widget-tinymce textwidget\">\n\t<p style=\"text-align: justify;\"><span style=\"color: #004f9f;\">\u0158ada nesen\u00fdch post\u0159ikova\u010d\u016f TECNOMA se skl\u00e1d\u00e1 ze 3 r\u016fzn\u00fdch verz\u00ed. Od nejmen\u0161\u00edho (300L) po nejv\u011bt\u0161\u00ed (1600L). Ur\u010dit\u011b najdete ten, kter\u00fd v\u00e1m vyhovuje. M\u016f\u017ee, ale nemus\u00ed, b\u00fdt vybaven ocelov\u00fdmi rameny s ru\u010dn\u00edm nebo hydraulick\u00fdm skl\u00e1d\u00e1n\u00edm. Tyto Nesen\u00e9 Post\u0159ikova\u010de nab\u00edzej\u00ed \u0161irokou \u0161k\u00e1lu v\u00fdbavy jako nap\u0159. REGULAIR nebo SMARTOP regulaci, kter\u00e1 pokryje va\u0161e pot\u0159eby.<br \/>\n<\/span><\/p>\n<\/div>\n<\/div><\/div><\/div><\/div><\/div><\/div><div id=\"pg-797-1\"  class=\"panel-grid panel-has-style\" ><div class=\"panel-row-style panel-row-style-for-797-1\" ><div id=\"pgc-797-1-0\"  class=\"panel-grid-cell\" ><div id=\"panel-797-1-0-0\" class=\"so-panel widget widget_sow-image panel-first-child\" data-index=\"1\" ><div class=\"panel-widget-style panel-widget-style-for-797-1-0-0\" ><div\n\t\t\t\n\t\t\tclass=\"so-widget-sow-image so-widget-sow-image-default-8b5b6f678277-797\"\n\t\t\t\n\t\t>\n\n<div class=\"sow-image-container\">\n\t\t\t<a href=\"https:\/\/www.tecnoma.com\/cs\/products\/sprayers-for-agriculture\/mounted-sprayers\/premis\/\"\n\t\t\t\t\t>\n\t\t\t<img loading=\"lazy\" decoding=\"async\" src=\"https:\/\/www.tecnoma.com\/cs\/wp-content\/uploads\/sites\/7\/2019\/04\/TECNOMA_PREMIS_Profil-1.png\" width=\"850\" height=\"1162\" srcset=\"https:\/\/www.tecnoma.com\/cs\/wp-content\/uploads\/sites\/7\/2019\/04\/TECNOMA_PREMIS_Profil-1.png 850w, https:\/\/www.tecnoma.com\/cs\/wp-content\/uploads\/sites\/7\/2019\/04\/TECNOMA_PREMIS_Profil-1-219x300.png 219w, https:\/\/www.tecnoma.com\/cs\/wp-content\/uploads\/sites\/7\/2019\/04\/TECNOMA_PREMIS_Profil-1-749x1024.png 749w, https:\/\/www.tecnoma.com\/cs\/wp-content\/uploads\/sites\/7\/2019\/04\/TECNOMA_PREMIS_Profil-1-768x1050.png 768w, https:\/\/www.tecnoma.com\/cs\/wp-content\/uploads\/sites\/7\/2019\/04\/TECNOMA_PREMIS_Profil-1-555x759.png 555w\" sizes=\"(max-width: 850px) 100vw, 850px\" title=\"TECNOMA_PREMIS_Profile\" alt=\"\" \t\tclass=\"so-widget-image\"\/>\n\t<\/a><\/div>\n\n<\/div><\/div><\/div><div id=\"panel-797-1-0-1\" class=\"so-panel widget widget_smartheme_titre_widget\" data-index=\"2\" ><div\n\t\t\t\n\t\t\tclass=\"so-widget-smartheme_titre_widget so-widget-smartheme_titre_widget-default-d75171398898-797\"\n\t\t\t\n\t\t><div class=\"containerTitre_soustitre left\"><div class=\"containerTitre left\"><h2 style=\"margin:0;text-align:left; color:#004f9f;\" class=\"widget_titre\">Premis<\/h2><a class=\"titre-btn-savoirplus\" href=\"https:\/\/www.tecnoma.com\/cs\/products\/sprayers-for-agriculture\/mounted-sprayers\/premis\/\"><div>learn more <div class=\"chevron\"><\/div><\/div><\/a><\/div><\/div><\/div><\/div><div id=\"panel-797-1-0-2\" class=\"so-panel widget widget_sow-editor panel-last-child\" data-index=\"3\" ><div\n\t\t\t\n\t\t\tclass=\"so-widget-sow-editor so-widget-sow-editor-base\"\n\t\t\t\n\t\t>\n<div class=\"siteorigin-widget-tinymce textwidget\">\n\t<p style=\"text-align: justify;\">Nejmen\u0161\u00ed model v \u0159ad\u011b TECNOMA. Kompaktn\u00ed, jednoduch\u00fd a v\u00fdkonn\u00fd post\u0159ikova\u010d s rychl\u00fdm a intuitivn\u00edm ovl\u00e1d\u00e1n\u00edm. Dostupn\u00fd s nebo bez ramen, je ide\u00e1ln\u00ed pro men\u0161\u00ed farmy, m\u011bsta a komun\u00e1l.<\/p>\n<\/div>\n<\/div><\/div><\/div><div id=\"pgc-797-1-1\"  class=\"panel-grid-cell\" ><div id=\"panel-797-1-1-0\" class=\"so-panel widget widget_sow-image panel-first-child\" data-index=\"4\" ><div class=\"panel-widget-style panel-widget-style-for-797-1-1-0\" ><div\n\t\t\t\n\t\t\tclass=\"so-widget-sow-image so-widget-sow-image-default-8b5b6f678277-797\"\n\t\t\t\n\t\t>\n\n<div class=\"sow-image-container\">\n\t\t\t<a href=\"https:\/\/www.tecnoma.com\/cs\/products\/sprayers-for-agriculture\/mounted-sprayers\/xenis\/\"\n\t\t\t\t\t>\n\t\t\t<img loading=\"lazy\" decoding=\"async\" src=\"https:\/\/www.tecnoma.com\/cs\/wp-content\/uploads\/sites\/7\/2019\/04\/TECNOMA_XENIS-_Vue-face-2-1.png\" width=\"850\" height=\"1162\" srcset=\"https:\/\/www.tecnoma.com\/cs\/wp-content\/uploads\/sites\/7\/2019\/04\/TECNOMA_XENIS-_Vue-face-2-1.png 850w, https:\/\/www.tecnoma.com\/cs\/wp-content\/uploads\/sites\/7\/2019\/04\/TECNOMA_XENIS-_Vue-face-2-1-219x300.png 219w, https:\/\/www.tecnoma.com\/cs\/wp-content\/uploads\/sites\/7\/2019\/04\/TECNOMA_XENIS-_Vue-face-2-1-749x1024.png 749w, https:\/\/www.tecnoma.com\/cs\/wp-content\/uploads\/sites\/7\/2019\/04\/TECNOMA_XENIS-_Vue-face-2-1-768x1050.png 768w, https:\/\/www.tecnoma.com\/cs\/wp-content\/uploads\/sites\/7\/2019\/04\/TECNOMA_XENIS-_Vue-face-2-1-555x759.png 555w\" sizes=\"(max-width: 850px) 100vw, 850px\" title=\"TECNOMA_XENIS _Front view\" alt=\"\" \t\tclass=\"so-widget-image\"\/>\n\t<\/a><\/div>\n\n<\/div><\/div><\/div><div id=\"panel-797-1-1-1\" class=\"so-panel widget widget_smartheme_titre_widget\" data-index=\"5\" ><div\n\t\t\t\n\t\t\tclass=\"so-widget-smartheme_titre_widget so-widget-smartheme_titre_widget-default-d75171398898-797\"\n\t\t\t\n\t\t><div class=\"containerTitre_soustitre left\"><div class=\"containerTitre left\"><h2 style=\"margin:0;text-align:left; color:#004f9f;\" class=\"widget_titre\">X\u00e9nis<\/h2><a class=\"titre-btn-savoirplus\" href=\"https:\/\/www.tecnoma.com\/cs\/products\/sprayers-for-agriculture\/mounted-sprayers\/xenis\/\"><div>learn more <div class=\"chevron\"><\/div><\/div><\/a><\/div><\/div><\/div><\/div><div id=\"panel-797-1-1-2\" class=\"so-panel widget widget_sow-editor panel-last-child\" data-index=\"6\" ><div\n\t\t\t\n\t\t\tclass=\"so-widget-sow-editor so-widget-sow-editor-base\"\n\t\t\t\n\t\t>\n<div class=\"siteorigin-widget-tinymce textwidget\">\n\t<p style=\"text-align: justify;\">Prvn\u00ed XENIS byl byl uveden na trh v roce 2013 a od t\u00e9 doby se d\u00e1le vyv\u00edjel. Dnes XENIS nab\u00edz\u00ed v\u00edce funkc\u00ed a p\u0159\u00edslu\u0161enstv\u00ed, ale st\u00e1le z\u016fst\u00e1v\u00e1 odoln\u00fd a \u010dasem prov\u011b\u0159en\u00fd post\u0159ikova\u010d.<\/p>\n<\/div>\n<\/div><\/div><\/div><div id=\"pgc-797-1-2\"  class=\"panel-grid-cell\" ><div id=\"panel-797-1-2-0\" class=\"so-panel widget widget_sow-image panel-first-child\" data-index=\"7\" ><div class=\"panel-widget-style panel-widget-style-for-797-1-2-0\" ><div\n\t\t\t\n\t\t\tclass=\"so-widget-sow-image so-widget-sow-image-default-8b5b6f678277-797\"\n\t\t\t\n\t\t>\n\n<div class=\"sow-image-container\">\n\t\t\t<a href=\"https:\/\/www.tecnoma.com\/cs\/products\/sprayers-for-agriculture\/mounted-sprayers\/maxis\/\"\n\t\t\t\t\t>\n\t\t\t<img loading=\"lazy\" decoding=\"async\" src=\"https:\/\/www.tecnoma.com\/cs\/wp-content\/uploads\/sites\/7\/2019\/02\/TECNOMA_MAXIS-_Vue-profil-1.png\" width=\"850\" height=\"1162\" srcset=\"https:\/\/www.tecnoma.com\/cs\/wp-content\/uploads\/sites\/7\/2019\/02\/TECNOMA_MAXIS-_Vue-profil-1.png 850w, https:\/\/www.tecnoma.com\/cs\/wp-content\/uploads\/sites\/7\/2019\/02\/TECNOMA_MAXIS-_Vue-profil-1-219x300.png 219w, https:\/\/www.tecnoma.com\/cs\/wp-content\/uploads\/sites\/7\/2019\/02\/TECNOMA_MAXIS-_Vue-profil-1-749x1024.png 749w, https:\/\/www.tecnoma.com\/cs\/wp-content\/uploads\/sites\/7\/2019\/02\/TECNOMA_MAXIS-_Vue-profil-1-768x1050.png 768w, https:\/\/www.tecnoma.com\/cs\/wp-content\/uploads\/sites\/7\/2019\/02\/TECNOMA_MAXIS-_Vue-profil-1-555x759.png 555w\" sizes=\"(max-width: 850px) 100vw, 850px\" title=\"TECNOMA_MAXIS-_Profile view\" alt=\"\" \t\tclass=\"so-widget-image\"\/>\n\t<\/a><\/div>\n\n<\/div><\/div><\/div><div id=\"panel-797-1-2-1\" class=\"so-panel widget widget_smartheme_titre_widget\" data-index=\"8\" ><div\n\t\t\t\n\t\t\tclass=\"so-widget-smartheme_titre_widget so-widget-smartheme_titre_widget-default-d75171398898-797\"\n\t\t\t\n\t\t><div class=\"containerTitre_soustitre left\"><div class=\"containerTitre left\"><h2 style=\"margin:0;text-align:left; color:#004f9f;\" class=\"widget_titre\">Maxis<\/h2><a class=\"titre-btn-savoirplus\" href=\"https:\/\/www.tecnoma.com\/cs\/products\/sprayers-for-agriculture\/mounted-sprayers\/maxis\/\"><div>learn more <div class=\"chevron\"><\/div><\/div><\/a><\/div><\/div><\/div><\/div><div id=\"panel-797-1-2-2\" class=\"so-panel widget widget_sow-editor panel-last-child\" data-index=\"9\" ><div\n\t\t\t\n\t\t\tclass=\"so-widget-sow-editor so-widget-sow-editor-base\"\n\t\t\t\n\t\t>\n<div class=\"siteorigin-widget-tinymce textwidget\">\n\t<p style=\"text-align: justify;\">MAXIS je nejnov\u011bj\u0161\u00ed p\u0159\u00edr\u016fstek v \u0159ad\u011b TECNOMA nesen\u00fdch post\u0159ikova\u010d\u016f. Jeho kompaktn\u00ed design a u\u017eivatelsky p\u0159\u00edv\u011btiv\u00e1 obsluha z n\u011bj d\u011bl\u00e1 unik\u00e1tn\u00ed a p\u0159esn\u00fd post\u0159ikova\u010d.<\/p>\n<\/div>\n<\/div><\/div><\/div><\/div><\/div><div id=\"pg-797-2\"  class=\"panel-grid panel-has-style\" ><div class=\"siteorigin-panels-stretch panel-row-style panel-row-style-for-797-2\" data-stretch-type=\"full\" ><div id=\"pgc-797-2-0\"  class=\"panel-grid-cell\" ><div id=\"panel-797-2-0-0\" class=\"so-panel widget widget_smartheme_transition_widget panel-first-child\" data-index=\"10\" ><div\n\t\t\t\n\t\t\tclass=\"so-widget-smartheme_transition_widget so-widget-smartheme_transition_widget-default-d75171398898-797\"\n\t\t\t\n\t\t>\n<div class=\"containerTransition\" style=\"margin-top: 0px; margin-bottom: 0px;\">\n\t<div class=\"transition\"><\/div>\n<\/div><\/div><\/div><div id=\"panel-797-2-0-1\" class=\"so-panel widget widget_smarttheme_feedwall_widget panel-last-child\" data-index=\"11\" ><div\n\t\t\t\n\t\t\tclass=\"so-widget-smarttheme_feedwall_widget so-widget-smarttheme_feedwall_widget-default-d75171398898-797\"\n\t\t\t\n\t\t><section id=\"feedwall\">\n\t<div id=\"actu\">\n\t\t<div class=\"enteteActu\">\n\t\t<div class=\"titre\"><h3>Digi novinky<\/h3><\/div>\n\t\t\t<\/div>\n\t\t\t\t<div class=\"containerMessageFeedVide\">\n\t\t\t\t<p class=\"messageFeedVide\">\n\t\t\t\t\t V\u0161echny na\u0161e novinky najdete na <a href=\"https:\/\/www.facebook.com\/groupe.tecnoma\/\">Facebook<\/a>\n\t\t\t\t<\/p>\n\t\t\t<\/div>\n\t\t\t<div class=\"scrollbar\"><div class=\"bloc-barre\"><div class=\"barre\"><\/div><\/div><\/div>\n\t<\/div>\n<\/section><\/div><\/div><\/div><\/div><\/div><\/div>","protected":false},"excerpt":{"rendered":"<p>\u0158ada nesen\u00fdch post\u0159ikova\u010d\u016f TECNOMA se skl\u00e1d\u00e1 ze 3 r\u016fzn\u00fdch verz\u00ed. Od nejmen\u0161\u00edho (300L) po nejv\u011bt\u0161\u00ed (1600L). Ur\u010dit\u011b najdete ten, kter\u00fd [&hellip;]<\/p>\n","protected":false},"author":1,"featured_media":0,"parent":163,"menu_order":0,"comment_status":"closed","ping_status":"closed","template":"","meta":{"footnotes":""},"_links":{"self":[{"href":"https:\/\/www.tecnoma.com\/cs\/wp-json\/wp\/v2\/pages\/797"}],"collection":[{"href":"https:\/\/www.tecnoma.com\/cs\/wp-json\/wp\/v2\/pages"}],"about":[{"href":"https:\/\/www.tecnoma.com\/cs\/wp-json\/wp\/v2\/types\/page"}],"author":[{"embeddable":true,"href":"https:\/\/www.tecnoma.com\/cs\/wp-json\/wp\/v2\/users\/1"}],"replies":[{"embeddable":true,"href":"https:\/\/www.tecnoma.com\/cs\/wp-json\/wp\/v2\/comments?post=797"}],"version-history":[{"count":2,"href":"https:\/\/www.tecnoma.com\/cs\/wp-json\/wp\/v2\/pages\/797\/revisions"}],"predecessor-version":[{"id":1546,"href":"https:\/\/www.tecnoma.com\/cs\/wp-json\/wp\/v2\/pages\/797\/revisions\/1546"}],"up":[{"embeddable":true,"href":"https:\/\/www.tecnoma.com\/cs\/wp-json\/wp\/v2\/pages\/163"}],"wp:attachment":[{"href":"https:\/\/www.tecnoma.com\/cs\/wp-json\/wp\/v2\/media?parent=797"}],"curies":[{"name":"wp","href":"https:\/\/api.w.org\/{rel}","templated":true}]}}