{"id":677,"date":"2019-01-18T15:47:46","date_gmt":"2019-01-18T14:47:46","guid":{"rendered":"https:\/\/www.tecnoma.com\/?page_id=677"},"modified":"2019-01-18T15:47:46","modified_gmt":"2019-01-18T14:47:46","slug":"trailed-sprayers","status":"publish","type":"page","link":"https:\/\/www.tecnoma.com\/cs\/products\/sprayers-for-agriculture\/trailed-sprayers\/","title":{"rendered":"TA\u017dEN\u00c9"},"content":{"rendered":"<div id=\"pl-677\"  class=\"panel-layout\" ><div id=\"pg-677-0\"  class=\"panel-grid panel-has-style\" ><div class=\"panel-row-style panel-row-style-for-677-0\" ><div id=\"pgc-677-0-0\"  class=\"panel-grid-cell\" ><div id=\"panel-677-0-0-0\" class=\"so-panel widget widget_sow-editor panel-first-child panel-last-child\" data-index=\"0\" ><div class=\"panel-widget-style panel-widget-style-for-677-0-0-0\" ><div\n\t\t\t\n\t\t\tclass=\"so-widget-sow-editor so-widget-sow-editor-base\"\n\t\t\t\n\t\t>\n<div class=\"siteorigin-widget-tinymce textwidget\">\n\t<p><span style=\"color: #004f9f;\">Symbolick\u00fd ta\u017een\u00fd post\u0159ikova\u010d od Tecnoma. TECNIS p\u0159esahuje v\u0161echny o\u010dek\u00e1v\u00e1n\u00ed co se t\u00fd\u010de v\u00fdkonu a produktivity. Je dostupn\u00fd ve dvou verz\u00edch (Tecnis 3100 a Tecnis II) a ve \u010dty\u0159ech objemech n\u00e1dr\u017ee, od 3100 do 6000 litr\u016f a m\u016f\u017ee b\u00fdt vybaveno rameny od 18 do 44 metr\u016f. Vyu\u017eijte toho nejlep\u0161\u00edho v p\u0159esnosti a komfortu d\u00edky jeho robustnosti a kompaktnosti ramen a jeho unik\u00e1tn\u00edmu pru\u017een\u00ed AXAIR.<br \/>\n<\/span><\/p>\n<\/div>\n<\/div><\/div><\/div><\/div><\/div><\/div><div id=\"pg-677-1\"  class=\"panel-grid panel-has-style\" ><div class=\"panel-row-style panel-row-style-for-677-1\" ><div id=\"pgc-677-1-0\"  class=\"panel-grid-cell\" ><div id=\"panel-677-1-0-0\" class=\"so-panel widget widget_sow-image panel-first-child\" data-index=\"1\" ><div class=\"panel-widget-style panel-widget-style-for-677-1-0-0\" ><div\n\t\t\t\n\t\t\tclass=\"so-widget-sow-image so-widget-sow-image-default-8b5b6f678277-677\"\n\t\t\t\n\t\t>\n\n<div class=\"sow-image-container\">\n\t\t\t<a href=\"https:\/\/www.tecnoma.com\/cs\/products\/sprayers-for-agriculture\/trailed-sprayers\/tecnis3100\/\"\n\t\t\t\t\t>\n\t\t\t<img loading=\"lazy\" decoding=\"async\" src=\"https:\/\/www.tecnoma.com\/cs\/wp-content\/uploads\/sites\/7\/2019\/01\/TECNOMA_TECNIS-II_profil-1.png\" width=\"1611\" height=\"1390\" srcset=\"https:\/\/www.tecnoma.com\/cs\/wp-content\/uploads\/sites\/7\/2019\/01\/TECNOMA_TECNIS-II_profil-1.png 1611w, https:\/\/www.tecnoma.com\/cs\/wp-content\/uploads\/sites\/7\/2019\/01\/TECNOMA_TECNIS-II_profil-1-300x259.png 300w, https:\/\/www.tecnoma.com\/cs\/wp-content\/uploads\/sites\/7\/2019\/01\/TECNOMA_TECNIS-II_profil-1-1024x884.png 1024w, https:\/\/www.tecnoma.com\/cs\/wp-content\/uploads\/sites\/7\/2019\/01\/TECNOMA_TECNIS-II_profil-1-768x663.png 768w, https:\/\/www.tecnoma.com\/cs\/wp-content\/uploads\/sites\/7\/2019\/01\/TECNOMA_TECNIS-II_profil-1-1536x1325.png 1536w, https:\/\/www.tecnoma.com\/cs\/wp-content\/uploads\/sites\/7\/2019\/01\/TECNOMA_TECNIS-II_profil-1-1140x984.png 1140w, https:\/\/www.tecnoma.com\/cs\/wp-content\/uploads\/sites\/7\/2019\/01\/TECNOMA_TECNIS-II_profil-1-555x479.png 555w\" sizes=\"(max-width: 1611px) 100vw, 1611px\" title=\"TECNOMA_TECNIS II_profile\" alt=\"\" \t\tclass=\"so-widget-image\"\/>\n\t<\/a><\/div>\n\n<\/div><\/div><\/div><div id=\"panel-677-1-0-1\" class=\"so-panel widget widget_smartheme_titre_widget\" data-index=\"2\" ><div\n\t\t\t\n\t\t\tclass=\"so-widget-smartheme_titre_widget so-widget-smartheme_titre_widget-default-d75171398898-677\"\n\t\t\t\n\t\t><div class=\"containerTitre_soustitre left\"><div class=\"containerTitre left\"><h2 style=\"margin:0;text-align:left; color:#004f9f;\" class=\"widget_titre\">Tecnis 3100<\/h2><a class=\"titre-btn-savoirplus\" href=\"https:\/\/www.tecnoma.com\/cs\/products\/sprayers-for-agriculture\/trailed-sprayers\/tecnis3100\/\"><div>learn more <div class=\"chevron\"><\/div><\/div><\/a><\/div><\/div><\/div><\/div><div id=\"panel-677-1-0-2\" class=\"so-panel widget widget_sow-editor panel-last-child\" data-index=\"3\" ><div\n\t\t\t\n\t\t\tclass=\"so-widget-sow-editor so-widget-sow-editor-base\"\n\t\t\t\n\t\t>\n<div class=\"siteorigin-widget-tinymce textwidget\">\n\t<p style=\"text-align: justify;\">Jestli\u017ee jsou jednoduchost a intuitivnost va\u0161e priority, je TECNIS 3100 vyroben pr\u00e1v\u011b pro v\u00e1s. Obratn\u00fd na rovn\u00fdch i kopcovit\u00fdch ter\u00e9nech, such\u00fdch i mokr\u00fdch pol\u00edch, TECNIS 3100 je nazastaviteln\u00fd. Jeho v\u00fdborn\u00fd pom\u011br pohotovostn\u00ed hmotnosti vzhledem ke kapacit\u011b a kombinace s AXAIR pru\u017een\u00edm zaji\u0161\u0165uj\u00ed komfort a efektivitu.<\/p>\n<\/div>\n<\/div><\/div><\/div><div id=\"pgc-677-1-1\"  class=\"panel-grid-cell\" ><div id=\"panel-677-1-1-0\" class=\"so-panel widget widget_sow-image panel-first-child\" data-index=\"4\" ><div class=\"panel-widget-style panel-widget-style-for-677-1-1-0\" ><div\n\t\t\t\n\t\t\tclass=\"so-widget-sow-image so-widget-sow-image-default-8b5b6f678277-677\"\n\t\t\t\n\t\t>\n\n<div class=\"sow-image-container\">\n\t\t\t<a href=\"https:\/\/www.tecnoma.com\/cs\/products\/sprayers-for-agriculture\/trailed-sprayers\/tecnis2\/\"\n\t\t\t\t\t>\n\t\t\t<img loading=\"lazy\" decoding=\"async\" src=\"https:\/\/www.tecnoma.com\/cs\/wp-content\/uploads\/sites\/7\/2019\/01\/TECNOMA_TECNIS-II_profil-1.png\" width=\"1611\" height=\"1390\" srcset=\"https:\/\/www.tecnoma.com\/cs\/wp-content\/uploads\/sites\/7\/2019\/01\/TECNOMA_TECNIS-II_profil-1.png 1611w, https:\/\/www.tecnoma.com\/cs\/wp-content\/uploads\/sites\/7\/2019\/01\/TECNOMA_TECNIS-II_profil-1-300x259.png 300w, https:\/\/www.tecnoma.com\/cs\/wp-content\/uploads\/sites\/7\/2019\/01\/TECNOMA_TECNIS-II_profil-1-1024x884.png 1024w, https:\/\/www.tecnoma.com\/cs\/wp-content\/uploads\/sites\/7\/2019\/01\/TECNOMA_TECNIS-II_profil-1-768x663.png 768w, https:\/\/www.tecnoma.com\/cs\/wp-content\/uploads\/sites\/7\/2019\/01\/TECNOMA_TECNIS-II_profil-1-1536x1325.png 1536w, https:\/\/www.tecnoma.com\/cs\/wp-content\/uploads\/sites\/7\/2019\/01\/TECNOMA_TECNIS-II_profil-1-1140x984.png 1140w, https:\/\/www.tecnoma.com\/cs\/wp-content\/uploads\/sites\/7\/2019\/01\/TECNOMA_TECNIS-II_profil-1-555x479.png 555w\" sizes=\"(max-width: 1611px) 100vw, 1611px\" title=\"TECNOMA_TECNIS II_profile\" alt=\"\" \t\tclass=\"so-widget-image\"\/>\n\t<\/a><\/div>\n\n<\/div><\/div><\/div><div id=\"panel-677-1-1-1\" class=\"so-panel widget widget_smartheme_titre_widget\" data-index=\"5\" ><div\n\t\t\t\n\t\t\tclass=\"so-widget-smartheme_titre_widget so-widget-smartheme_titre_widget-default-d75171398898-677\"\n\t\t\t\n\t\t><div class=\"containerTitre_soustitre left\"><div class=\"containerTitre left\"><h2 style=\"margin:0;text-align:left; color:#004f9f;\" class=\"widget_titre\">Tecnis II<\/h2><a class=\"titre-btn-savoirplus\" href=\"https:\/\/www.tecnoma.com\/cs\/products\/sprayers-for-agriculture\/trailed-sprayers\/tecnis2\/\"><div>learn more <div class=\"chevron\"><\/div><\/div><\/a><\/div><\/div><\/div><\/div><div id=\"panel-677-1-1-2\" class=\"so-panel widget widget_sow-editor panel-last-child\" data-index=\"6\" ><div\n\t\t\t\n\t\t\tclass=\"so-widget-sow-editor so-widget-sow-editor-base\"\n\t\t\t\n\t\t>\n<div class=\"siteorigin-widget-tinymce textwidget\">\n\t<p style=\"text-align: justify;\">TECNIS II je rychlej\u0161\u00ed, efektivn\u011bj\u0161\u00ed a p\u0159esn\u011bj\u0161\u00ed ne\u017e kdy p\u0159edt\u00edm. Se sv\u00fdmi kapacitami n\u00e1dr\u017ee (3500, 4500 a 6000 L) a zbrusu nov\u00fdmi rameny TecLine-L bude va\u0161e pr\u00e1ce m\u00e9n\u011b stresuj\u00edc\u00ed a v\u00edce efektivn\u00ed a zv\u00fd\u0161\u00ed se va\u0161e produktivita.<\/p>\n<\/div>\n<\/div><\/div><\/div><\/div><\/div><div id=\"pg-677-2\"  class=\"panel-grid panel-has-style\" ><div class=\"siteorigin-panels-stretch panel-row-style panel-row-style-for-677-2\" data-stretch-type=\"full\" ><div id=\"pgc-677-2-0\"  class=\"panel-grid-cell\" ><div id=\"panel-677-2-0-0\" class=\"so-panel widget widget_smartheme_transition_widget panel-first-child\" data-index=\"7\" ><div\n\t\t\t\n\t\t\tclass=\"so-widget-smartheme_transition_widget so-widget-smartheme_transition_widget-default-d75171398898-677\"\n\t\t\t\n\t\t>\n<div class=\"containerTransition\" style=\"margin-top: 0px; margin-bottom: 0px;\">\n\t<div class=\"transition\"><\/div>\n<\/div><\/div><\/div><div id=\"panel-677-2-0-1\" class=\"so-panel widget widget_smarttheme_feedwall_widget panel-last-child\" data-index=\"8\" ><div\n\t\t\t\n\t\t\tclass=\"so-widget-smarttheme_feedwall_widget so-widget-smarttheme_feedwall_widget-default-d75171398898-677\"\n\t\t\t\n\t\t><section id=\"feedwall\">\n\t<div id=\"actu\">\n\t\t<div class=\"enteteActu\">\n\t\t<div class=\"titre\"><h3>Digi novinky<\/h3><\/div>\n\t\t\t<\/div>\n\t\t\t\t<div class=\"containerMessageFeedVide\">\n\t\t\t\t<p class=\"messageFeedVide\">\n\t\t\t\t\t V\u0161echny na\u0161e novinky najdete na <a href=\"https:\/\/www.facebook.com\/groupe.tecnoma\/\">Facebook<\/a>\n\t\t\t\t<\/p>\n\t\t\t<\/div>\n\t\t\t<div class=\"scrollbar\"><div class=\"bloc-barre\"><div class=\"barre\"><\/div><\/div><\/div>\n\t<\/div>\n<\/section><\/div><\/div><\/div><\/div><\/div><\/div>","protected":false},"excerpt":{"rendered":"<p>Symbolick\u00fd ta\u017een\u00fd post\u0159ikova\u010d od Tecnoma. TECNIS p\u0159esahuje v\u0161echny o\u010dek\u00e1v\u00e1n\u00ed co se t\u00fd\u010de v\u00fdkonu a produktivity. Je dostupn\u00fd ve dvou verz\u00edch [&hellip;]<\/p>\n","protected":false},"author":1,"featured_media":0,"parent":163,"menu_order":0,"comment_status":"closed","ping_status":"closed","template":"","meta":{"footnotes":""},"_links":{"self":[{"href":"https:\/\/www.tecnoma.com\/cs\/wp-json\/wp\/v2\/pages\/677"}],"collection":[{"href":"https:\/\/www.tecnoma.com\/cs\/wp-json\/wp\/v2\/pages"}],"about":[{"href":"https:\/\/www.tecnoma.com\/cs\/wp-json\/wp\/v2\/types\/page"}],"author":[{"embeddable":true,"href":"https:\/\/www.tecnoma.com\/cs\/wp-json\/wp\/v2\/users\/1"}],"replies":[{"embeddable":true,"href":"https:\/\/www.tecnoma.com\/cs\/wp-json\/wp\/v2\/comments?post=677"}],"version-history":[{"count":0,"href":"https:\/\/www.tecnoma.com\/cs\/wp-json\/wp\/v2\/pages\/677\/revisions"}],"up":[{"embeddable":true,"href":"https:\/\/www.tecnoma.com\/cs\/wp-json\/wp\/v2\/pages\/163"}],"wp:attachment":[{"href":"https:\/\/www.tecnoma.com\/cs\/wp-json\/wp\/v2\/media?parent=677"}],"curies":[{"name":"wp","href":"https:\/\/api.w.org\/{rel}","templated":true}]}}