{"id":625,"date":"2019-01-18T13:13:52","date_gmt":"2019-01-18T12:13:52","guid":{"rendered":"https:\/\/www.tecnoma.com\/?page_id=625"},"modified":"2019-01-18T13:13:52","modified_gmt":"2019-01-18T12:13:52","slug":"tecnis3100","status":"publish","type":"page","link":"https:\/\/www.tecnoma.com\/cs\/products\/sprayers-for-agriculture\/trailed-sprayers\/tecnis3100\/","title":{"rendered":"TECNIS 3100"},"content":{"rendered":"<div id=\"pl-625\"  class=\"panel-layout\" ><div id=\"pg-625-0\"  class=\"panel-grid panel-has-style\" ><div class=\"siteorigin-panels-stretch panel-row-style panel-row-style-for-625-0\" data-stretch-type=\"full\" ><div id=\"pgc-625-0-0\"  class=\"panel-grid-cell\" ><div id=\"panel-625-0-0-0\" class=\"so-panel widget widget_slider-produit panel-first-child panel-last-child\" data-index=\"0\" ><div\n\t\t\t\n\t\t\tclass=\"so-widget-slider-produit so-widget-slider-produit-default-40cd750bba98-625\"\n\t\t\t\n\t\t>\t<!-- array(2) {\n  [0]=>\n  array(2) {\n    [\"image\"]=>\n    int(537)\n    [\"image_fallback\"]=>\n    string(0) \"\"\n  }\n  [1]=>\n  array(2) {\n    [\"image\"]=>\n    int(543)\n    [\"image_fallback\"]=>\n    string(0) \"\"\n  }\n}\n -->\n\t<div class=\"row sliderProduit \" >\n\t\t<div class=\"col-12 col-lg-6 containerPres\"><div class=\"contenuPres\"><h2>TECNIS 3100<\/h2>\n<h3>JEDNODUCH\u00dd. ROBUSTN\u00cd. KOMFORTN\u00cd.<\/h3>\n<p style=\"text-align: justify;\">TECNIS 3100 od TECNOMA nab\u00edz\u00ed v\u00fdbornou man\u00e9vrovatelnost a jednoduchou obsluhu. Je dostupn\u00fd se 3. typy ramen a\u017e do 30m. Je to ide\u00e1ln\u00ed stroj kter\u00fd se chov\u00e1 ohledupln\u011b k poli i k obsluze. Seznamte se s v\u00edcero funkcemi, kter\u00e9 zlep\u0161uj\u00ed a usnad\u0148uj\u00ed v\u00e1\u0161 ka\u017edodenn\u00ed \u017e\u00edvot (elektroventily, syst\u00e9m proti p\u0159epln\u011bn\u00ed, GPS n\u00e1v\u00e1d\u011bn\u00ed, atd.)\n<\/p><\/div>\t\t\t<div class=\"container containerControler hidden-sm\">\n\t\t\t\t<a class=\"carousel-control-prev\" href=\"#sliderProduit\" data-slide=\"prev\">\n\t\t\t    \t<span class=\"carousel-control-prev-icon\"><\/span>\n\t\t\t  \t<\/a>\n\t\t\t  \t<div class=\"containerIndicators\">\n\t\t\t\t\t<ol class=\"carousel-indicators\">\n\t\t\t\t\t\t<li data-target=\"#sliderProduit\" data-slide-to=\"0\" class=\"active\"><div class=\"imageIndicator\" style = \"background-image : url(https:\/\/www.tecnoma.com\/cs\/wp-content\/uploads\/sites\/7\/2019\/01\/TECNOMA_TECNIS-II_profil-1-300x259.png);\"><\/div><\/li><li data-target=\"#sliderProduit\" data-slide-to=\"1\"><div class=\"imageIndicator\" style = \"background-image : url(https:\/\/www.tecnoma.com\/cs\/wp-content\/uploads\/sites\/7\/2019\/01\/TECNOMA_TECNIS-II_Vue-Dos-1-300x259.png);\"><\/div><\/li>\t\t\t\t  <\/ol>\n\t\t\t\t<\/div>\n\t\t\t\t<a class=\"carousel-control-next\" href=\"#sliderProduit\" data-slide=\"next\">\n\t\t\t\t\t<span class=\"carousel-control-next-icon\"><\/span>\n\t\t\t\t<\/a>\n\t\t\t<\/div>\n\t\t\t\n\t\t\t<\/div><div class=\"col-12 col-lg-6\">\t\t\t<div class=\"container containerControler hidden-lg\">\n\t\t\t\t<!-- <a class=\"carousel-control-prev\" href=\"#sliderProduit\" data-slide=\"prev\">\n\t\t\t    \t<span class=\"carousel-control-prev-icon\"><\/span>\n\t\t\t  \t<\/a>\n\t\t\t\t<a class=\"carousel-control-next\" href=\"#sliderProduit\" data-slide=\"next\">\n\t\t\t\t\t<span class=\"carousel-control-next-icon\"><\/span>\n\t\t\t\t<\/a> -->\n\t\t\t\t<ol class=\"carousel-indicators\">\n\t\t\t\t\t\t<li data-target=\"#sliderProduit\" data-slide-to=\"0\" class=\"active\"><\/li><li data-target=\"#sliderProduit\" data-slide-to=\"1\"><\/li>\t\t\t\t  <\/ol>\n\t\t\t<\/div>\n\t\t\t<div id=\"sliderProduit\" class=\"carousel slide carousel-fade\" data-ride=\"carousel\">\n\t\t\t\t<div class=\"carousel-inner\">\n\t\t\t\t\t<div class=\"chargementSlider\"><div class=\"containerLoader\"><div class=\"loader\"><\/div><\/div><\/div><div class=\"carousel-item active\"><div class=\"image \" data-position=\"0\" style=\"background-image : url(https:\/\/www.tecnoma.com\/cs\/wp-content\/uploads\/sites\/7\/2019\/01\/TECNOMA_TECNIS-II_profil-1.png);\"><\/div><div class=\"description\"><div class=\"content\"><\/div><\/div><\/div><div  class=\"carousel-item\"><div class=\"image \" data-position=\"1\" style=\"background-image : url(https:\/\/www.tecnoma.com\/cs\/wp-content\/uploads\/sites\/7\/2019\/01\/TECNOMA_TECNIS-II_Vue-Dos-1.png);\"><\/div><div class=\"description\"><div class=\"content\"><\/div><\/div><\/div>\t\t\t\t<\/div>\n\t\t\t<\/div>\n\t\t<\/div>\n\t<\/div>\n\n\n\n\t<\/div><\/div><\/div><\/div><\/div><div id=\"pg-625-1\"  class=\"panel-grid panel-no-style\" ><div id=\"pgc-625-1-0\"  class=\"panel-grid-cell\" ><div id=\"panel-625-1-0-0\" class=\"so-panel widget widget_smartheme_titre_widget panel-first-child\" data-index=\"1\" ><div\n\t\t\t\n\t\t\tclass=\"so-widget-smartheme_titre_widget so-widget-smartheme_titre_widget-default-d75171398898-625\"\n\t\t\t\n\t\t><div class=\"containerTitre_soustitre left\"><div class=\"containerTitre left\"><div class=\"pictoTitre\"><img decoding=\"async\" src=\"https:\/\/www.tecnoma.com\/cs\/wp-content\/uploads\/sites\/7\/2018\/12\/Sans-titre-1-1.png\"><\/div><h2 style=\"margin:0;text-align:left; color:#004f9f;\" class=\"widget_titre\">CHASSIS<\/h2><\/div><\/div><\/div><\/div><div id=\"panel-625-1-0-1\" class=\"so-panel widget widget_sow-editor panel-last-child\" data-index=\"2\" ><div\n\t\t\t\n\t\t\tclass=\"so-widget-sow-editor so-widget-sow-editor-base\"\n\t\t\t\n\t\t>\n<div class=\"siteorigin-widget-tinymce textwidget\">\n\t<p style=\"text-align: justify;\">Ocelov\u00fd r\u00e1m z vysokopevnostn\u00ed oceli nab\u00edz\u00ed vysokou odolnost proti mechanick\u00e9mu a chemick\u00e9mu zat\u00ed\u017een\u00ed. Homologace 25 km\/hod (Francie) je standard. Standardem je elektronick\u00e1 centr\u00e1ln\u00ed jednotka sdru\u017euj\u00edc\u00ed v\u0161echny ovlada\u010de (DPAE pr\u016ftokom\u011br, regula\u010dn\u00ed ventily, ...). Chytr\u00e9 navr\u017een\u00ed n\u00e1dr\u017ee zaji\u0161\u0165uje jednoduchou \u00fadr\u017ebu a nab\u00edz\u00ed dlouhodobou spolehlivost. Extr\u00e9m\u011b robustn\u00ed a stabiln\u00ed na v\u0161ech povr\u0161\u00edch. TECNIS je post\u0159ikova\u010d pro rozlehl\u00e9 farmy.<\/p>\n<\/div>\n<\/div><\/div><\/div><div id=\"pgc-625-1-1\"  class=\"panel-grid-cell\" ><div id=\"panel-625-1-1-0\" class=\"so-panel widget widget_sow-image panel-first-child panel-last-child\" data-index=\"3\" ><div\n\t\t\t\n\t\t\tclass=\"so-widget-sow-image so-widget-sow-image-default-8b5b6f678277-625\"\n\t\t\t\n\t\t>\n\n<div class=\"sow-image-container\">\n\t\t<img loading=\"lazy\" decoding=\"async\" src=\"https:\/\/www.tecnoma.com\/cs\/wp-content\/uploads\/sites\/7\/2019\/01\/TECNOMA_Chassis-TECNIS-3100-1-768x432.jpg\" width=\"768\" height=\"432\" srcset=\"https:\/\/www.tecnoma.com\/cs\/wp-content\/uploads\/sites\/7\/2019\/01\/TECNOMA_Chassis-TECNIS-3100-1-768x432.jpg 768w, https:\/\/www.tecnoma.com\/cs\/wp-content\/uploads\/sites\/7\/2019\/01\/TECNOMA_Chassis-TECNIS-3100-1-300x169.jpg 300w, https:\/\/www.tecnoma.com\/cs\/wp-content\/uploads\/sites\/7\/2019\/01\/TECNOMA_Chassis-TECNIS-3100-1-1024x576.jpg 1024w, https:\/\/www.tecnoma.com\/cs\/wp-content\/uploads\/sites\/7\/2019\/01\/TECNOMA_Chassis-TECNIS-3100-1-1536x864.jpg 1536w, https:\/\/www.tecnoma.com\/cs\/wp-content\/uploads\/sites\/7\/2019\/01\/TECNOMA_Chassis-TECNIS-3100-1-1140x641.jpg 1140w, https:\/\/www.tecnoma.com\/cs\/wp-content\/uploads\/sites\/7\/2019\/01\/TECNOMA_Chassis-TECNIS-3100-1-555x312.jpg 555w, https:\/\/www.tecnoma.com\/cs\/wp-content\/uploads\/sites\/7\/2019\/01\/TECNOMA_Chassis-TECNIS-3100-1.jpg 1920w\" sizes=\"(max-width: 768px) 100vw, 768px\" title=\"TECNOMA_Chassis TECNIS 3100\" alt=\"\" \t\tclass=\"so-widget-image\"\/>\n\t<\/div>\n\n<\/div><\/div><\/div><\/div><div id=\"pg-625-2\"  class=\"panel-grid panel-no-style\" ><div id=\"pgc-625-2-0\"  class=\"panel-grid-cell\" ><div id=\"panel-625-2-0-0\" class=\"so-panel widget widget_smartheme_titre_widget panel-first-child\" data-index=\"4\" ><div\n\t\t\t\n\t\t\tclass=\"so-widget-smartheme_titre_widget so-widget-smartheme_titre_widget-default-d75171398898-625\"\n\t\t\t\n\t\t><div class=\"containerTitre_soustitre left\"><div class=\"containerTitre left\"><div class=\"pictoTitre\"><img decoding=\"async\" src=\"https:\/\/www.tecnoma.com\/cs\/wp-content\/uploads\/sites\/7\/2018\/12\/moteur-1.png\"><\/div><h2 style=\"margin:0;text-align:left; color:#004f9f;\" class=\"widget_titre\">N\u00c1DR\u017dE<\/h2><\/div><\/div><\/div><\/div><div id=\"panel-625-2-0-1\" class=\"so-panel widget widget_sow-editor panel-last-child\" data-index=\"5\" ><div\n\t\t\t\n\t\t\tclass=\"so-widget-sow-editor so-widget-sow-editor-base\"\n\t\t\t\n\t\t>\n<div class=\"siteorigin-widget-tinymce textwidget\">\n\t<p style=\"text-align: justify;\">Rota\u010dn\u011b odl\u00e9van\u00e9 n\u00e1dr\u017ee z polyethylenu s vysokou hustotou maj\u00ed vysokou chemickou odolnost a odolnost proti n\u00e1razu. Jejich hladk\u00e9 vnit\u0159n\u00ed st\u011bny omezuj\u00ed usazen\u00ed chemik\u00e1li\u00ed a usnad\u0148uje \u010di\u0161t\u011bn\u00ed. St\u0159ed t\u011b\u017ei\u0161t\u011b je um\u00edst\u011bn co nejn\u00ed\u017ee a garantuje perfektn\u00ed stabilitu stroje ve v\u0161ech pracovn\u00edch podm\u00ednk\u00e1ch.<\/p>\n<p><span style=\"text-decoration: underline;\">Hlavn\u00ed n\u00e1dr\u017e<\/span>: 3100 L (minim\u00e1ln\u00ed nav\u00fd\u0161en\u00ed objemu o 5% dle standard\u016f). Navr\u017eena se zabudovan\u00fdm tunelem bez vnit\u0159n\u00edch kovov\u00fdch sou\u010d\u00e1st\u00ed, 3 Lav\u00b4Ton trysky a 3 m\u00edchac\u00ed trysky pro homogenizaci a optimalizaci post\u0159iku. TECNIS je pln\u011b vybaven.<\/p>\n<p><span style=\"text-decoration: underline;\">Vyplachovac\u00ed n\u00e1dr\u017e<\/span>: Jej\u00ed kapacita zaji\u0161\u0165uje efektivn\u00ed vypl\u00e1chnut\u00ed ramen, post\u0159ikov\u00e9ho okruhu a hlavn\u00ed n\u00e1dr\u017ee.<\/p>\n<\/div>\n<\/div><\/div><\/div><div id=\"pgc-625-2-1\"  class=\"panel-grid-cell\" ><div id=\"panel-625-2-1-0\" class=\"so-panel widget widget_sow-image panel-first-child panel-last-child\" data-index=\"6\" ><div\n\t\t\t\n\t\t\tclass=\"so-widget-sow-image so-widget-sow-image-default-8b5b6f678277-625\"\n\t\t\t\n\t\t>\n\n<div class=\"sow-image-container\">\n\t\t<img loading=\"lazy\" decoding=\"async\" src=\"https:\/\/www.tecnoma.com\/cs\/wp-content\/uploads\/sites\/7\/2019\/01\/TECNOMA_Reservoirs-TECNIS-3100-1-768x432.jpg\" width=\"768\" height=\"432\" srcset=\"https:\/\/www.tecnoma.com\/cs\/wp-content\/uploads\/sites\/7\/2019\/01\/TECNOMA_Reservoirs-TECNIS-3100-1-768x432.jpg 768w, https:\/\/www.tecnoma.com\/cs\/wp-content\/uploads\/sites\/7\/2019\/01\/TECNOMA_Reservoirs-TECNIS-3100-1-300x169.jpg 300w, https:\/\/www.tecnoma.com\/cs\/wp-content\/uploads\/sites\/7\/2019\/01\/TECNOMA_Reservoirs-TECNIS-3100-1-1024x576.jpg 1024w, https:\/\/www.tecnoma.com\/cs\/wp-content\/uploads\/sites\/7\/2019\/01\/TECNOMA_Reservoirs-TECNIS-3100-1-1536x864.jpg 1536w, https:\/\/www.tecnoma.com\/cs\/wp-content\/uploads\/sites\/7\/2019\/01\/TECNOMA_Reservoirs-TECNIS-3100-1-1140x641.jpg 1140w, https:\/\/www.tecnoma.com\/cs\/wp-content\/uploads\/sites\/7\/2019\/01\/TECNOMA_Reservoirs-TECNIS-3100-1-555x312.jpg 555w, https:\/\/www.tecnoma.com\/cs\/wp-content\/uploads\/sites\/7\/2019\/01\/TECNOMA_Reservoirs-TECNIS-3100-1.jpg 1920w\" sizes=\"(max-width: 768px) 100vw, 768px\" title=\"TECNOMA_Tanks TECNIS 3100\" alt=\"\" \t\tclass=\"so-widget-image\"\/>\n\t<\/div>\n\n<\/div><\/div><\/div><\/div><div id=\"pg-625-3\"  class=\"panel-grid panel-no-style\" ><div id=\"pgc-625-3-0\"  class=\"panel-grid-cell\" ><div id=\"panel-625-3-0-0\" class=\"so-panel widget widget_smartheme_titre_widget panel-first-child\" data-index=\"7\" ><div\n\t\t\t\n\t\t\tclass=\"so-widget-smartheme_titre_widget so-widget-smartheme_titre_widget-default-d75171398898-625\"\n\t\t\t\n\t\t><div class=\"containerTitre_soustitre left\"><div class=\"containerTitre left\"><div class=\"pictoTitre\"><img decoding=\"async\" src=\"https:\/\/www.tecnoma.com\/cs\/wp-content\/uploads\/sites\/7\/2018\/12\/picto-rampe-1.png\"><\/div><h2 style=\"margin:0;text-align:left; color:#004f9f;\" class=\"widget_titre\">RAMENA \/ DR\u017d\u00c1KY TRYSEK<\/h2><\/div><\/div><\/div><\/div><div id=\"panel-625-3-0-1\" class=\"so-panel widget widget_sow-editor panel-last-child\" data-index=\"8\" ><div\n\t\t\t\n\t\t\tclass=\"so-widget-sow-editor so-widget-sow-editor-base\"\n\t\t\t\n\t\t>\n<div class=\"siteorigin-widget-tinymce textwidget\">\n\t<p><strong>HLE<\/strong>:\u00a018 nebo 21m \/ 4 - 5 sekc\u00ed<\/p>\n<p><strong>LVS SC\/ED<\/strong>: 21 - 24 nebo 28m \/ 4 - 5 - 7 sekc\u00ed<\/p>\n<p><strong>LVX<\/strong>:\u00a028 nebo 30m\u00a0 \/ 7 - 8 sekc\u00ed<\/p>\n<p><strong>PENTIX nebo PENTAJET<\/strong>:\u00a0V\u00edcen\u00e1sobn\u00fd dr\u017e\u00e1k trysek s membr\u00e1nov\u00fdmi ventily.<\/p>\n<p><strong>PENTIX SP<\/strong>:\u00a0V\u00edcen\u00e1sobn\u00fd dr\u017e\u00e1k trysek s membr\u00e1nov\u00fdmi ventily a automatick\u00fdm ot\u00e1\u010den\u00edm \/ v\u00fdb\u011brem.<\/p>\n<\/div>\n<\/div><\/div><\/div><div id=\"pgc-625-3-1\"  class=\"panel-grid-cell\" ><div id=\"panel-625-3-1-0\" class=\"so-panel widget widget_sow-image panel-first-child panel-last-child\" data-index=\"9\" ><div\n\t\t\t\n\t\t\tclass=\"so-widget-sow-image so-widget-sow-image-default-8b5b6f678277-625\"\n\t\t\t\n\t\t>\n\n<div class=\"sow-image-container\">\n\t\t<img loading=\"lazy\" decoding=\"async\" src=\"https:\/\/www.tecnoma.com\/cs\/wp-content\/uploads\/sites\/7\/2019\/01\/TECNOMA_Rampes-TECNIS-3100-1-768x432.jpg\" width=\"768\" height=\"432\" srcset=\"https:\/\/www.tecnoma.com\/cs\/wp-content\/uploads\/sites\/7\/2019\/01\/TECNOMA_Rampes-TECNIS-3100-1-768x432.jpg 768w, https:\/\/www.tecnoma.com\/cs\/wp-content\/uploads\/sites\/7\/2019\/01\/TECNOMA_Rampes-TECNIS-3100-1-300x169.jpg 300w, https:\/\/www.tecnoma.com\/cs\/wp-content\/uploads\/sites\/7\/2019\/01\/TECNOMA_Rampes-TECNIS-3100-1-1024x576.jpg 1024w, https:\/\/www.tecnoma.com\/cs\/wp-content\/uploads\/sites\/7\/2019\/01\/TECNOMA_Rampes-TECNIS-3100-1-1536x864.jpg 1536w, https:\/\/www.tecnoma.com\/cs\/wp-content\/uploads\/sites\/7\/2019\/01\/TECNOMA_Rampes-TECNIS-3100-1-1140x641.jpg 1140w, https:\/\/www.tecnoma.com\/cs\/wp-content\/uploads\/sites\/7\/2019\/01\/TECNOMA_Rampes-TECNIS-3100-1-555x312.jpg 555w, https:\/\/www.tecnoma.com\/cs\/wp-content\/uploads\/sites\/7\/2019\/01\/TECNOMA_Rampes-TECNIS-3100-1.jpg 1920w\" sizes=\"(max-width: 768px) 100vw, 768px\" title=\"TECNOMA_Boom TECNIS 3100\" alt=\"\" \t\tclass=\"so-widget-image\"\/>\n\t<\/div>\n\n<\/div><\/div><\/div><\/div><div id=\"pg-625-4\"  class=\"panel-grid panel-no-style\" ><div id=\"pgc-625-4-0\"  class=\"panel-grid-cell\" ><div id=\"panel-625-4-0-0\" class=\"so-panel widget widget_smartheme_titre_widget panel-first-child\" data-index=\"10\" ><div\n\t\t\t\n\t\t\tclass=\"so-widget-smartheme_titre_widget so-widget-smartheme_titre_widget-default-d75171398898-625\"\n\t\t\t\n\t\t><div class=\"containerTitre_soustitre left\"><div class=\"containerTitre left\"><div class=\"pictoTitre\"><img decoding=\"async\" src=\"https:\/\/www.tecnoma.com\/cs\/wp-content\/uploads\/sites\/7\/2019\/01\/pouce-circle-1.png\"><\/div><h2 style=\"margin:0;text-align:left; color:#004f9f;\" class=\"widget_titre\">TECNOMA BENEFITY<\/h2><\/div><\/div><\/div><\/div><div id=\"panel-625-4-0-1\" class=\"so-panel widget widget_sow-editor panel-last-child\" data-index=\"11\" ><div\n\t\t\t\n\t\t\tclass=\"so-widget-sow-editor so-widget-sow-editor-base\"\n\t\t\t\n\t\t>\n<div class=\"siteorigin-widget-tinymce textwidget\">\n\t<ul>\n<li>Robustn\u00ed chassis<\/li>\n<li>Ta\u017en\u00e1 oj se t\u0159emi nastaven\u00edmi v\u00fd\u0161ky.<\/li>\n<li>Mechanick\u00e9 podp\u011bra nastaviteln\u00e1 pro v\u0161echny typy traktor\u016f.<\/li>\n<li>Jednoduch\u00e9 nastaven\u00ed rozchodu pro ka\u017ed\u00fd typ disku a pneumatiky.<\/li>\n<li><strong>AXAIR<\/strong> pru\u017een\u00ed pro optim\u00e1ln\u00ed komfort (voliteln\u00e9).<\/li>\n<li>2 nebo 4 <strong>Bluemeam LED<\/strong> pracovn\u00ed sv\u011btla ramen (voliteln\u00e9)<\/li>\n<\/ul>\n<\/div>\n<\/div><\/div><\/div><div id=\"pgc-625-4-1\"  class=\"panel-grid-cell\" ><div id=\"panel-625-4-1-0\" class=\"so-panel widget widget_sow-image panel-first-child panel-last-child\" data-index=\"12\" ><div\n\t\t\t\n\t\t\tclass=\"so-widget-sow-image so-widget-sow-image-default-8b5b6f678277-625\"\n\t\t\t\n\t\t>\n\n<div class=\"sow-image-container\">\n\t\t<img loading=\"lazy\" decoding=\"async\" src=\"https:\/\/www.tecnoma.com\/cs\/wp-content\/uploads\/sites\/7\/2019\/01\/TECNOMA_Suspension-AXAIR-TECNIS-3100-1-768x432.jpg\" width=\"768\" height=\"432\" srcset=\"https:\/\/www.tecnoma.com\/cs\/wp-content\/uploads\/sites\/7\/2019\/01\/TECNOMA_Suspension-AXAIR-TECNIS-3100-1-768x432.jpg 768w, https:\/\/www.tecnoma.com\/cs\/wp-content\/uploads\/sites\/7\/2019\/01\/TECNOMA_Suspension-AXAIR-TECNIS-3100-1-300x169.jpg 300w, https:\/\/www.tecnoma.com\/cs\/wp-content\/uploads\/sites\/7\/2019\/01\/TECNOMA_Suspension-AXAIR-TECNIS-3100-1-1024x576.jpg 1024w, https:\/\/www.tecnoma.com\/cs\/wp-content\/uploads\/sites\/7\/2019\/01\/TECNOMA_Suspension-AXAIR-TECNIS-3100-1-1536x864.jpg 1536w, https:\/\/www.tecnoma.com\/cs\/wp-content\/uploads\/sites\/7\/2019\/01\/TECNOMA_Suspension-AXAIR-TECNIS-3100-1-1140x641.jpg 1140w, https:\/\/www.tecnoma.com\/cs\/wp-content\/uploads\/sites\/7\/2019\/01\/TECNOMA_Suspension-AXAIR-TECNIS-3100-1-555x312.jpg 555w, https:\/\/www.tecnoma.com\/cs\/wp-content\/uploads\/sites\/7\/2019\/01\/TECNOMA_Suspension-AXAIR-TECNIS-3100-1.jpg 1920w\" sizes=\"(max-width: 768px) 100vw, 768px\" title=\"TECNOMA_Suspension AXAIR TECNIS 3100\" alt=\"\" \t\tclass=\"so-widget-image\"\/>\n\t<\/div>\n\n<\/div><\/div><\/div><\/div><div id=\"pg-625-5\"  class=\"panel-grid panel-no-style\" ><div id=\"pgc-625-5-0\"  class=\"panel-grid-cell\" ><div id=\"panel-625-5-0-0\" class=\"so-panel widget widget_smartheme_titre_widget panel-first-child panel-last-child\" data-index=\"13\" ><div\n\t\t\t\n\t\t\tclass=\"so-widget-smartheme_titre_widget so-widget-smartheme_titre_widget-default-d75171398898-625\"\n\t\t\t\n\t\t><div class=\"containerTitre_soustitre left\"><div class=\"containerTitre left\"><div class=\"pictoTitre\"><img decoding=\"async\" src=\"https:\/\/www.tecnoma.com\/cs\/wp-content\/uploads\/sites\/7\/2018\/12\/download-circle-1.png\"><\/div><h2 style=\"margin:0;text-align:left; color:#004f9f;\" class=\"widget_titre\">Downloads<\/h2><\/div><\/div><\/div><\/div><\/div><\/div><div id=\"pg-625-6\"  class=\"panel-grid panel-no-style\" ><div id=\"pgc-625-6-0\"  class=\"panel-grid-cell\" ><div id=\"panel-625-6-0-0\" class=\"so-panel widget widget_smartheme_pdf_widget panel-first-child panel-last-child\" data-index=\"14\" ><div\n\t\t\t\n\t\t\tclass=\"so-widget-smartheme_pdf_widget so-widget-smartheme_pdf_widget-default-d75171398898-625\"\n\t\t\t\n\t\t><div class=\"titre\"><h2><\/h2><\/div><a class=\"containerPdf\" href=\"https:\/\/www.tecnoma.com\/cs\/wp-content\/uploads\/sites\/7\/2019\/01\/TECNOMA_Brochure-TECNIS-3100-1.pdf\" download><div class=\"contenuPdf\"><div class=\"pictoPdf\"><span class=\"\"><img decoding=\"async\" src=\"https:\/\/www.tecnoma.com\/cs\/wp-content\/themes\/tecnoma\/images\/pdf.svg\"\/><span><\/div><div class=\"containerText\"><p>brochure<\/p>\n<p>Tecnis 3100<\/p><\/div><\/div><\/a><\/div><\/div><\/div><div id=\"pgc-625-6-1\"  class=\"panel-grid-cell panel-grid-cell-empty\" ><\/div><div id=\"pgc-625-6-2\"  class=\"panel-grid-cell panel-grid-cell-empty panel-grid-cell-mobile-last\" ><\/div><div id=\"pgc-625-6-3\"  class=\"panel-grid-cell panel-grid-cell-empty\" ><\/div><\/div><div id=\"pg-625-7\"  class=\"panel-grid panel-has-style\" ><div class=\"siteorigin-panels-stretch panel-row-style panel-row-style-for-625-7\" data-stretch-type=\"full\" ><div id=\"pgc-625-7-0\"  class=\"panel-grid-cell\" ><div id=\"panel-625-7-0-0\" class=\"so-panel widget widget_smartheme_transition_widget panel-first-child\" data-index=\"15\" ><div\n\t\t\t\n\t\t\tclass=\"so-widget-smartheme_transition_widget so-widget-smartheme_transition_widget-default-d75171398898-625\"\n\t\t\t\n\t\t>\n<div class=\"containerTransition\" style=\"margin-top: 0px; margin-bottom: 0px;\">\n\t<div class=\"transition\"><\/div>\n<\/div><\/div><\/div><div id=\"panel-625-7-0-1\" class=\"so-panel widget widget_smarttheme_feedwall_widget panel-last-child\" data-index=\"16\" ><div\n\t\t\t\n\t\t\tclass=\"so-widget-smarttheme_feedwall_widget so-widget-smarttheme_feedwall_widget-default-d75171398898-625\"\n\t\t\t\n\t\t><section id=\"feedwall\">\n\t<div id=\"actu\">\n\t\t<div class=\"enteteActu\">\n\t\t<div class=\"titre\"><h3>Digi novinky<\/h3><\/div>\n\t\t\t<\/div>\n\t\t\t\t<div class=\"containerMessageFeedVide\">\n\t\t\t\t<p class=\"messageFeedVide\">\n\t\t\t\t\t V\u0161echny na\u0161e novinky najdete na <a href=\"https:\/\/www.facebook.com\/groupe.tecnoma\/\">Facebook<\/a>\n\t\t\t\t<\/p>\n\t\t\t<\/div>\n\t\t\t<div class=\"scrollbar\"><div class=\"bloc-barre\"><div class=\"barre\"><\/div><\/div><\/div>\n\t<\/div>\n<\/section><\/div><\/div><\/div><\/div><\/div><\/div>","protected":false},"excerpt":{"rendered":"<p>Ocelov\u00fd r\u00e1m z vysokopevnostn\u00ed oceli nab\u00edz\u00ed vysokou odolnost proti mechanick\u00e9mu a chemick\u00e9mu zat\u00ed\u017een\u00ed. Homologace 25 km\/hod (Francie) je standard. Standardem [&hellip;]<\/p>\n","protected":false},"author":1,"featured_media":306,"parent":677,"menu_order":0,"comment_status":"closed","ping_status":"closed","template":"","meta":{"footnotes":""},"_links":{"self":[{"href":"https:\/\/www.tecnoma.com\/cs\/wp-json\/wp\/v2\/pages\/625"}],"collection":[{"href":"https:\/\/www.tecnoma.com\/cs\/wp-json\/wp\/v2\/pages"}],"about":[{"href":"https:\/\/www.tecnoma.com\/cs\/wp-json\/wp\/v2\/types\/page"}],"author":[{"embeddable":true,"href":"https:\/\/www.tecnoma.com\/cs\/wp-json\/wp\/v2\/users\/1"}],"replies":[{"embeddable":true,"href":"https:\/\/www.tecnoma.com\/cs\/wp-json\/wp\/v2\/comments?post=625"}],"version-history":[{"count":0,"href":"https:\/\/www.tecnoma.com\/cs\/wp-json\/wp\/v2\/pages\/625\/revisions"}],"up":[{"embeddable":true,"href":"https:\/\/www.tecnoma.com\/cs\/wp-json\/wp\/v2\/pages\/677"}],"wp:featuredmedia":[{"embeddable":true,"href":"https:\/\/www.tecnoma.com\/cs\/wp-json\/wp\/v2\/media\/306"}],"wp:attachment":[{"href":"https:\/\/www.tecnoma.com\/cs\/wp-json\/wp\/v2\/media?parent=625"}],"curies":[{"name":"wp","href":"https:\/\/api.w.org\/{rel}","templated":true}]}}