{"id":458,"date":"2019-01-10T17:00:54","date_gmt":"2019-01-10T16:00:54","guid":{"rendered":"https:\/\/www.tecnoma.com\/2019\/?page_id=458"},"modified":"2019-01-10T17:00:54","modified_gmt":"2019-01-10T16:00:54","slug":"tecnis2","status":"publish","type":"page","link":"https:\/\/www.tecnoma.com\/cs\/products\/sprayers-for-agriculture\/trailed-sprayers\/tecnis2\/","title":{"rendered":"TECNIS II"},"content":{"rendered":"<div id=\"pl-458\"  class=\"panel-layout\" ><div id=\"pg-458-0\"  class=\"panel-grid panel-has-style\" ><div class=\"siteorigin-panels-stretch panel-row-style panel-row-style-for-458-0\" data-stretch-type=\"full\" ><div id=\"pgc-458-0-0\"  class=\"panel-grid-cell\" ><div id=\"panel-458-0-0-0\" class=\"so-panel widget widget_slider-produit panel-first-child panel-last-child\" data-index=\"0\" ><div\n\t\t\t\n\t\t\tclass=\"so-widget-slider-produit so-widget-slider-produit-default-40cd750bba98-458\"\n\t\t\t\n\t\t>\t<!-- array(2) {\n  [0]=>\n  array(2) {\n    [\"image\"]=>\n    int(537)\n    [\"image_fallback\"]=>\n    string(0) \"\"\n  }\n  [1]=>\n  array(2) {\n    [\"image\"]=>\n    int(543)\n    [\"image_fallback\"]=>\n    string(0) \"\"\n  }\n}\n -->\n\t<div class=\"row sliderProduit \" >\n\t\t<div class=\"col-12 col-lg-6 containerPres\"><div class=\"contenuPres\"><h2>TECNIS II<\/h2>\n<h3>KOMPAKTN\u00cd. V\u00ddKONN\u00dd. INTELIGENTN\u00cd.<\/h3>\n<p style=\"text-align: justify;\">TECNIS II od TECNOMA nab\u00edz\u00ed jednoduch\u00e9 a rychl\u00e9 nastaven\u00ed stejn\u011b jako jednoduchou \u00fadr\u017ebu za ka\u017ed\u00fdch podm\u00ednek. Je dostupn\u00fd ve 3 kapacit\u00e1ch n\u00e1dr\u017ee (3500, 4500, 6000 L) a ramena a\u017e 44m. Exceluje b\u011bhem intenzivn\u00ed pr\u00e1ce na pol\u00edch. TEECNIS II je ide\u00e1ln\u00ed post\u0159ikov\u00fd stroj d\u00edky sv\u00fdm inteligentn\u00edm funkc\u00edm (ISOBUS, GPS, OSS+, vyp\u00edn\u00e1n\u00ed jednotliv\u00fdch trysek, atd.) kter\u00e9 pom\u00e1haj\u00ed optimalizovat va\u0161e post\u0159ikov\u00e9 dny.<\/p><\/div>\t\t\t<div class=\"container containerControler hidden-sm\">\n\t\t\t\t<a class=\"carousel-control-prev\" href=\"#sliderProduit\" data-slide=\"prev\">\n\t\t\t    \t<span class=\"carousel-control-prev-icon\"><\/span>\n\t\t\t  \t<\/a>\n\t\t\t  \t<div class=\"containerIndicators\">\n\t\t\t\t\t<ol class=\"carousel-indicators\">\n\t\t\t\t\t\t<li data-target=\"#sliderProduit\" data-slide-to=\"0\" class=\"active\"><div class=\"imageIndicator\" style = \"background-image : url(https:\/\/www.tecnoma.com\/cs\/wp-content\/uploads\/sites\/7\/2019\/01\/TECNOMA_TECNIS-II_profil-1-300x259.png);\"><\/div><\/li><li data-target=\"#sliderProduit\" data-slide-to=\"1\"><div class=\"imageIndicator\" style = \"background-image : url(https:\/\/www.tecnoma.com\/cs\/wp-content\/uploads\/sites\/7\/2019\/01\/TECNOMA_TECNIS-II_Vue-Dos-1-300x259.png);\"><\/div><\/li>\t\t\t\t  <\/ol>\n\t\t\t\t<\/div>\n\t\t\t\t<a class=\"carousel-control-next\" href=\"#sliderProduit\" data-slide=\"next\">\n\t\t\t\t\t<span class=\"carousel-control-next-icon\"><\/span>\n\t\t\t\t<\/a>\n\t\t\t<\/div>\n\t\t\t\n\t\t\t<\/div><div class=\"col-12 col-lg-6\">\t\t\t<div class=\"container containerControler hidden-lg\">\n\t\t\t\t<!-- <a class=\"carousel-control-prev\" href=\"#sliderProduit\" data-slide=\"prev\">\n\t\t\t    \t<span class=\"carousel-control-prev-icon\"><\/span>\n\t\t\t  \t<\/a>\n\t\t\t\t<a class=\"carousel-control-next\" href=\"#sliderProduit\" data-slide=\"next\">\n\t\t\t\t\t<span class=\"carousel-control-next-icon\"><\/span>\n\t\t\t\t<\/a> -->\n\t\t\t\t<ol class=\"carousel-indicators\">\n\t\t\t\t\t\t<li data-target=\"#sliderProduit\" data-slide-to=\"0\" class=\"active\"><\/li><li data-target=\"#sliderProduit\" data-slide-to=\"1\"><\/li>\t\t\t\t  <\/ol>\n\t\t\t<\/div>\n\t\t\t<div id=\"sliderProduit\" class=\"carousel slide carousel-fade\" data-ride=\"carousel\">\n\t\t\t\t<div class=\"carousel-inner\">\n\t\t\t\t\t<div class=\"chargementSlider\"><div class=\"containerLoader\"><div class=\"loader\"><\/div><\/div><\/div><div class=\"carousel-item active\"><div class=\"image \" data-position=\"0\" style=\"background-image : url(https:\/\/www.tecnoma.com\/cs\/wp-content\/uploads\/sites\/7\/2019\/01\/TECNOMA_TECNIS-II_profil-1.png);\"><\/div><div class=\"description\"><div class=\"content\"><\/div><\/div><\/div><div  class=\"carousel-item\"><div class=\"image \" data-position=\"1\" style=\"background-image : url(https:\/\/www.tecnoma.com\/cs\/wp-content\/uploads\/sites\/7\/2019\/01\/TECNOMA_TECNIS-II_Vue-Dos-1.png);\"><\/div><div class=\"description\"><div class=\"content\"><\/div><\/div><\/div>\t\t\t\t<\/div>\n\t\t\t<\/div>\n\t\t<\/div>\n\t<\/div>\n\n\n\n\t<\/div><\/div><\/div><\/div><\/div><div id=\"pg-458-1\"  class=\"panel-grid panel-no-style\" ><div id=\"pgc-458-1-0\"  class=\"panel-grid-cell\" ><div id=\"panel-458-1-0-0\" class=\"so-panel widget widget_smartheme_titre_widget panel-first-child\" data-index=\"1\" ><div\n\t\t\t\n\t\t\tclass=\"so-widget-smartheme_titre_widget so-widget-smartheme_titre_widget-default-d75171398898-458\"\n\t\t\t\n\t\t><div class=\"containerTitre_soustitre left\"><div class=\"containerTitre left\"><div class=\"pictoTitre\"><img decoding=\"async\" src=\"https:\/\/www.tecnoma.com\/cs\/wp-content\/uploads\/sites\/7\/2018\/12\/Sans-titre-1-1.png\"><\/div><h2 style=\"margin:0;text-align:left; color:#004f9f;\" class=\"widget_titre\">CHASSIS<\/h2><\/div><\/div><\/div><\/div><div id=\"panel-458-1-0-1\" class=\"so-panel widget widget_sow-editor panel-last-child\" data-index=\"2\" ><div\n\t\t\t\n\t\t\tclass=\"so-widget-sow-editor so-widget-sow-editor-base\"\n\t\t\t\n\t\t>\n<div class=\"siteorigin-widget-tinymce textwidget\">\n\t<p style=\"text-align: justify;\">Jeho perfektn\u00ed silni\u010dn\u00ed rozm\u011br mu umo\u017e\u0148uje cestovat v\u0161ude ve vy\u0161\u0161\u00edch rychlostech. Ocelov\u00fd r\u00e1m ve stylu \"samochodn\u00fdch post\u0159ikova\u010d\u016f\" vyroben\u00fd z vysokopevnostn\u00ed oceli mu prop\u016fj\u010duje bezchybnou robustnost. TECNIS II m\u00e1 v sob\u011b zabudov\u00e1nu z\u00e1kladn\u00ed DNA zna\u010dky: AXAIR pru\u017een\u00ed, optimalizovan\u00fd vodn\u00ed okruh, DPAE regulace s pr\u016ftokom\u011brem a stabiln\u00ed ramena. Homologov\u00e1no na 25 nebo 40 km\/h. TECNIS II v\u00e1m nab\u00eddne velk\u00fd komfort a optim\u00e1ln\u00ed ergonomii.<\/p>\n<\/div>\n<\/div><\/div><\/div><div id=\"pgc-458-1-1\"  class=\"panel-grid-cell\" ><div id=\"panel-458-1-1-0\" class=\"so-panel widget widget_sow-image panel-first-child panel-last-child\" data-index=\"3\" ><div\n\t\t\t\n\t\t\tclass=\"so-widget-sow-image so-widget-sow-image-default-8b5b6f678277-458\"\n\t\t\t\n\t\t>\n\n<div class=\"sow-image-container\">\n\t\t<img loading=\"lazy\" decoding=\"async\" src=\"https:\/\/www.tecnoma.com\/cs\/wp-content\/uploads\/sites\/7\/2019\/01\/TECNOMA_Chassis-TECNIS-1-768x432.jpg\" width=\"768\" height=\"432\" srcset=\"https:\/\/www.tecnoma.com\/cs\/wp-content\/uploads\/sites\/7\/2019\/01\/TECNOMA_Chassis-TECNIS-1-768x432.jpg 768w, https:\/\/www.tecnoma.com\/cs\/wp-content\/uploads\/sites\/7\/2019\/01\/TECNOMA_Chassis-TECNIS-1-300x169.jpg 300w, https:\/\/www.tecnoma.com\/cs\/wp-content\/uploads\/sites\/7\/2019\/01\/TECNOMA_Chassis-TECNIS-1-1024x576.jpg 1024w, https:\/\/www.tecnoma.com\/cs\/wp-content\/uploads\/sites\/7\/2019\/01\/TECNOMA_Chassis-TECNIS-1-1536x864.jpg 1536w, https:\/\/www.tecnoma.com\/cs\/wp-content\/uploads\/sites\/7\/2019\/01\/TECNOMA_Chassis-TECNIS-1-1140x641.jpg 1140w, https:\/\/www.tecnoma.com\/cs\/wp-content\/uploads\/sites\/7\/2019\/01\/TECNOMA_Chassis-TECNIS-1-555x312.jpg 555w, https:\/\/www.tecnoma.com\/cs\/wp-content\/uploads\/sites\/7\/2019\/01\/TECNOMA_Chassis-TECNIS-1.jpg 1920w\" sizes=\"(max-width: 768px) 100vw, 768px\" title=\"TECNOMA_Chassis TECNIS II\" alt=\"\" \t\tclass=\"so-widget-image\"\/>\n\t<\/div>\n\n<\/div><\/div><\/div><\/div><div id=\"pg-458-2\"  class=\"panel-grid panel-no-style\" ><div id=\"pgc-458-2-0\"  class=\"panel-grid-cell\" ><div id=\"panel-458-2-0-0\" class=\"so-panel widget widget_smartheme_titre_widget panel-first-child\" data-index=\"4\" ><div\n\t\t\t\n\t\t\tclass=\"so-widget-smartheme_titre_widget so-widget-smartheme_titre_widget-default-d75171398898-458\"\n\t\t\t\n\t\t><div class=\"containerTitre_soustitre left\"><div class=\"containerTitre left\"><div class=\"pictoTitre\"><img decoding=\"async\" src=\"https:\/\/www.tecnoma.com\/cs\/wp-content\/uploads\/sites\/7\/2018\/12\/moteur-1.png\"><\/div><h2 style=\"margin:0;text-align:left; color:#004f9f;\" class=\"widget_titre\">N\u00c1DR\u017dE<\/h2><\/div><\/div><\/div><\/div><div id=\"panel-458-2-0-1\" class=\"so-panel widget widget_sow-editor panel-last-child\" data-index=\"5\" ><div\n\t\t\t\n\t\t\tclass=\"so-widget-sow-editor so-widget-sow-editor-base\"\n\t\t\t\n\t\t>\n<div class=\"siteorigin-widget-tinymce textwidget\">\n\t<p style=\"text-align: justify;\">Rota\u010dn\u011b odl\u00e9van\u00fd polyethylen s vysokou hustotou. Na\u0161e n\u00e1dr\u017ee maj\u00ed <strong>vysokou odolnost v\u016f\u010di chemik\u00e1li\u00edm a n\u00e1raz\u016fm<\/strong>. Jejich hladk\u00e9 vnit\u0159n\u00ed st\u011bny omezuj\u00ed chemisk\u00e9 usazeniny a <strong>usnad\u0148uj\u00ed \u010di\u0161t\u011bn\u00ed<\/strong>. Dobr\u00fd autonomie pro sekven\u010dn\u00ed v\u00fdplach, 4 Lav\u00b4Ton trysky pro d\u016fkladn\u00fd v\u00fdplach...Dop\u0159ejte si kompletn\u00ed vy\u010di\u0161t\u011bn\u00ed abyste se vyhnuli pozd\u011bj\u0161\u00ed kontaminaci. TECNIS II je mnohem v\u00edc ne\u017e jednoduch\u00fd post\u0159ikova\u010d.<\/p>\n<p><span style=\"text-decoration: underline;\">Hlavn\u00ed n\u00e1dr\u017e<\/span>: 3500, 4500 nebo 6000 L.<\/p>\n<p><span style=\"text-decoration: underline;\">Vyplachovac\u00ed n\u00e1dr\u017e<\/span>: 450 nebo 600 L, tedy v\u00edce ne\u017e 10% nomin\u00e1ln\u00ed kapacity hlavn\u00ed n\u00e1dr\u017ee.<\/p>\n<\/div>\n<\/div><\/div><\/div><div id=\"pgc-458-2-1\"  class=\"panel-grid-cell\" ><div id=\"panel-458-2-1-0\" class=\"so-panel widget widget_sow-image panel-first-child panel-last-child\" data-index=\"6\" ><div\n\t\t\t\n\t\t\tclass=\"so-widget-sow-image so-widget-sow-image-default-8b5b6f678277-458\"\n\t\t\t\n\t\t>\n\n<div class=\"sow-image-container\">\n\t\t<img loading=\"lazy\" decoding=\"async\" src=\"https:\/\/www.tecnoma.com\/cs\/wp-content\/uploads\/sites\/7\/2019\/01\/TECNOMA_Essieu-Suiveur-TECNIS-1-768x432.jpg\" width=\"768\" height=\"432\" srcset=\"https:\/\/www.tecnoma.com\/cs\/wp-content\/uploads\/sites\/7\/2019\/01\/TECNOMA_Essieu-Suiveur-TECNIS-1-768x432.jpg 768w, https:\/\/www.tecnoma.com\/cs\/wp-content\/uploads\/sites\/7\/2019\/01\/TECNOMA_Essieu-Suiveur-TECNIS-1-300x169.jpg 300w, https:\/\/www.tecnoma.com\/cs\/wp-content\/uploads\/sites\/7\/2019\/01\/TECNOMA_Essieu-Suiveur-TECNIS-1-1024x576.jpg 1024w, https:\/\/www.tecnoma.com\/cs\/wp-content\/uploads\/sites\/7\/2019\/01\/TECNOMA_Essieu-Suiveur-TECNIS-1-1536x864.jpg 1536w, https:\/\/www.tecnoma.com\/cs\/wp-content\/uploads\/sites\/7\/2019\/01\/TECNOMA_Essieu-Suiveur-TECNIS-1-1140x641.jpg 1140w, https:\/\/www.tecnoma.com\/cs\/wp-content\/uploads\/sites\/7\/2019\/01\/TECNOMA_Essieu-Suiveur-TECNIS-1-555x312.jpg 555w, https:\/\/www.tecnoma.com\/cs\/wp-content\/uploads\/sites\/7\/2019\/01\/TECNOMA_Essieu-Suiveur-TECNIS-1.jpg 1920w\" sizes=\"(max-width: 768px) 100vw, 768px\" title=\"TECNOMA_Tracking axle TECNIS II\" alt=\"\" \t\tclass=\"so-widget-image\"\/>\n\t<\/div>\n\n<\/div><\/div><\/div><\/div><div id=\"pg-458-3\"  class=\"panel-grid panel-no-style\" ><div id=\"pgc-458-3-0\"  class=\"panel-grid-cell\" ><div id=\"panel-458-3-0-0\" class=\"so-panel widget widget_smartheme_titre_widget panel-first-child\" data-index=\"7\" ><div\n\t\t\t\n\t\t\tclass=\"so-widget-smartheme_titre_widget so-widget-smartheme_titre_widget-default-d75171398898-458\"\n\t\t\t\n\t\t><div class=\"containerTitre_soustitre left\"><div class=\"containerTitre left\"><div class=\"pictoTitre\"><img decoding=\"async\" src=\"https:\/\/www.tecnoma.com\/cs\/wp-content\/uploads\/sites\/7\/2018\/12\/picto-rampe-1.png\"><\/div><h2 style=\"margin:0;text-align:left; color:#004f9f;\" class=\"widget_titre\">RAMENA \/ DR\u017d\u00c1KY TRYSEK<\/h2><\/div><\/div><\/div><\/div><div id=\"panel-458-3-0-1\" class=\"so-panel widget widget_sow-editor panel-last-child\" data-index=\"8\" ><div\n\t\t\t\n\t\t\tclass=\"so-widget-sow-editor so-widget-sow-editor-base\"\n\t\t\t\n\t\t>\n<div class=\"siteorigin-widget-tinymce textwidget\">\n\t<p><strong>LVS<\/strong>: 24 - 28 - 30 - 32 - 33 - 36 nebo 38m \/ 4 - 5 - 7 - 8 sekc\u00ed.<\/p>\n<p><strong>LVX<\/strong>: 28 - 30 nebo 32m \/ 7 - 8 sekc\u00ed.<\/p>\n<p><strong>L3X<\/strong>: 30 - 32 - 33 - 36 - 38 - 39 nebo 44m \/ 8 sekc\u00ed.<\/p>\n<p><strong>TecLine<\/strong>-L: 30 - 32 - 33 - 36 - 38 nebo 39m \/ 8 sekc\u00ed.<\/p>\n<p><strong>PENTIX nebo PENTAJET<\/strong>: V\u00edcen\u00e1sobn\u00e9 dr\u017e\u00e1ky trysek s membr\u00e1nov\u00fdmi ventily.<\/p>\n<p><strong>PENTIX SP<\/strong>: V\u00edcen\u00e1sobn\u00e9 dr\u017e\u00e1ky trysek s membr\u00e1nov\u00fdmi ventily a automatick\u00fdm oto\u010den\u00edm \/ v\u00fdb\u011brem.<\/p>\n<\/div>\n<\/div><\/div><\/div><div id=\"pgc-458-3-1\"  class=\"panel-grid-cell\" ><div id=\"panel-458-3-1-0\" class=\"so-panel widget widget_sow-image panel-first-child panel-last-child\" data-index=\"9\" ><div\n\t\t\t\n\t\t\tclass=\"so-widget-sow-image so-widget-sow-image-default-8b5b6f678277-458\"\n\t\t\t\n\t\t>\n\n<div class=\"sow-image-container\">\n\t\t<img loading=\"lazy\" decoding=\"async\" src=\"https:\/\/www.tecnoma.com\/cs\/wp-content\/uploads\/sites\/7\/2019\/01\/TECNOMA_Rampe-TecLine-L-1-768x432.jpg\" width=\"768\" height=\"432\" srcset=\"https:\/\/www.tecnoma.com\/cs\/wp-content\/uploads\/sites\/7\/2019\/01\/TECNOMA_Rampe-TecLine-L-1-768x432.jpg 768w, https:\/\/www.tecnoma.com\/cs\/wp-content\/uploads\/sites\/7\/2019\/01\/TECNOMA_Rampe-TecLine-L-1-300x169.jpg 300w, https:\/\/www.tecnoma.com\/cs\/wp-content\/uploads\/sites\/7\/2019\/01\/TECNOMA_Rampe-TecLine-L-1-1024x576.jpg 1024w, https:\/\/www.tecnoma.com\/cs\/wp-content\/uploads\/sites\/7\/2019\/01\/TECNOMA_Rampe-TecLine-L-1-1536x864.jpg 1536w, https:\/\/www.tecnoma.com\/cs\/wp-content\/uploads\/sites\/7\/2019\/01\/TECNOMA_Rampe-TecLine-L-1-1140x641.jpg 1140w, https:\/\/www.tecnoma.com\/cs\/wp-content\/uploads\/sites\/7\/2019\/01\/TECNOMA_Rampe-TecLine-L-1-555x312.jpg 555w, https:\/\/www.tecnoma.com\/cs\/wp-content\/uploads\/sites\/7\/2019\/01\/TECNOMA_Rampe-TecLine-L-1.jpg 1920w\" sizes=\"(max-width: 768px) 100vw, 768px\" title=\"TECNOMA_Boom TECNIS II TecLine-L\" alt=\"\" \t\tclass=\"so-widget-image\"\/>\n\t<\/div>\n\n<\/div><\/div><\/div><\/div><div id=\"pg-458-4\"  class=\"panel-grid panel-no-style\" ><div id=\"pgc-458-4-0\"  class=\"panel-grid-cell\" ><div id=\"panel-458-4-0-0\" class=\"so-panel widget widget_smartheme_titre_widget panel-first-child\" data-index=\"10\" ><div\n\t\t\t\n\t\t\tclass=\"so-widget-smartheme_titre_widget so-widget-smartheme_titre_widget-default-d75171398898-458\"\n\t\t\t\n\t\t><div class=\"containerTitre_soustitre left\"><div class=\"containerTitre left\"><div class=\"pictoTitre\"><img decoding=\"async\" src=\"https:\/\/www.tecnoma.com\/cs\/wp-content\/uploads\/sites\/7\/2019\/01\/pouce-circle-1.png\"><\/div><h2 style=\"margin:0;text-align:left; color:#004f9f;\" class=\"widget_titre\">TECNOMA BENEFITY<\/h2><\/div><\/div><\/div><\/div><div id=\"panel-458-4-0-1\" class=\"so-panel widget widget_sow-editor panel-last-child\" data-index=\"11\" ><div\n\t\t\t\n\t\t\tclass=\"so-widget-sow-editor so-widget-sow-editor-base\"\n\t\t\t\n\t\t>\n<div class=\"siteorigin-widget-tinymce textwidget\">\n\t<ul>\n<li>Robustn\u00ed chassis<\/li>\n<li>Robustn\u00ed ta\u017en\u00e1 oj<\/li>\n<li><strong>P\u0159esn\u00e9 kop\u00edrov\u00e1n\u00ed n\u00e1pravy<\/strong> za traktorem.<\/li>\n<li><strong>TecLine-L<\/strong>: ramena dota\u017eena do nejmen\u0161\u00edch detail\u016f! Kompaktn\u011bj\u0161\u00ed ne\u017e kdy jindy, s novou kinematikou skl\u00e1d\u00e1n\u00ed. Usnad\u0148uj\u00ed p\u0159evoz na silnici a zvy\u0161uj\u00ed bezpe\u010dnost d\u00edky sv\u00e9mu kompaktn\u00edmu designu.<\/li>\n<li>2 nebo 4\u00a0<b> <\/b>pracovn\u00ed sv\u011btla ramen (voliteln\u00e9)<\/li>\n<\/ul>\n<\/div>\n<\/div><\/div><\/div><div id=\"pgc-458-4-1\"  class=\"panel-grid-cell\" ><div id=\"panel-458-4-1-0\" class=\"so-panel widget widget_sow-image panel-first-child panel-last-child\" data-index=\"12\" ><div\n\t\t\t\n\t\t\tclass=\"so-widget-sow-image so-widget-sow-image-default-8b5b6f678277-458\"\n\t\t\t\n\t\t>\n\n<div class=\"sow-image-container\">\n\t\t<img loading=\"lazy\" decoding=\"async\" src=\"https:\/\/www.tecnoma.com\/cs\/wp-content\/uploads\/sites\/7\/2019\/01\/TECNOMA_Mise-en-oeuvre-TECNIS-1-768x432.jpg\" width=\"768\" height=\"432\" srcset=\"https:\/\/www.tecnoma.com\/cs\/wp-content\/uploads\/sites\/7\/2019\/01\/TECNOMA_Mise-en-oeuvre-TECNIS-1-768x432.jpg 768w, https:\/\/www.tecnoma.com\/cs\/wp-content\/uploads\/sites\/7\/2019\/01\/TECNOMA_Mise-en-oeuvre-TECNIS-1-300x169.jpg 300w, https:\/\/www.tecnoma.com\/cs\/wp-content\/uploads\/sites\/7\/2019\/01\/TECNOMA_Mise-en-oeuvre-TECNIS-1-1024x576.jpg 1024w, https:\/\/www.tecnoma.com\/cs\/wp-content\/uploads\/sites\/7\/2019\/01\/TECNOMA_Mise-en-oeuvre-TECNIS-1-1536x864.jpg 1536w, https:\/\/www.tecnoma.com\/cs\/wp-content\/uploads\/sites\/7\/2019\/01\/TECNOMA_Mise-en-oeuvre-TECNIS-1-1140x641.jpg 1140w, https:\/\/www.tecnoma.com\/cs\/wp-content\/uploads\/sites\/7\/2019\/01\/TECNOMA_Mise-en-oeuvre-TECNIS-1-555x312.jpg 555w, https:\/\/www.tecnoma.com\/cs\/wp-content\/uploads\/sites\/7\/2019\/01\/TECNOMA_Mise-en-oeuvre-TECNIS-1.jpg 1920w\" sizes=\"(max-width: 768px) 100vw, 768px\" title=\"TECNOMA_Implementation TECNIS II\" alt=\"\" \t\tclass=\"so-widget-image\"\/>\n\t<\/div>\n\n<\/div><\/div><\/div><\/div><div id=\"pg-458-5\"  class=\"panel-grid panel-no-style\" ><div id=\"pgc-458-5-0\"  class=\"panel-grid-cell\" ><div id=\"panel-458-5-0-0\" class=\"so-panel widget widget_smartheme_titre_widget panel-first-child panel-last-child\" data-index=\"13\" ><div\n\t\t\t\n\t\t\tclass=\"so-widget-smartheme_titre_widget so-widget-smartheme_titre_widget-default-d75171398898-458\"\n\t\t\t\n\t\t><div class=\"containerTitre_soustitre left\"><div class=\"containerTitre left\"><div class=\"pictoTitre\"><img decoding=\"async\" src=\"https:\/\/www.tecnoma.com\/cs\/wp-content\/uploads\/sites\/7\/2018\/12\/youtube-circle-1.png\"><\/div><h2 style=\"margin:0;text-align:left; color:#004f9f;\" class=\"widget_titre\">Videos<\/h2><\/div><\/div><\/div><\/div><\/div><\/div><div id=\"pg-458-6\"  class=\"panel-grid panel-no-style\" ><div id=\"pgc-458-6-0\"  class=\"panel-grid-cell panel-grid-cell-mobile-last\" ><div id=\"panel-458-6-0-0\" class=\"so-panel widget widget_sow-video panel-first-child panel-last-child\" data-index=\"14\" ><div\n\t\t\t\n\t\t\tclass=\"so-widget-sow-video so-widget-sow-video-default-f379b959fc93-458\"\n\t\t\t\n\t\t><h3 class=\"widget-title\">TECNOMA : TECNIS II Experience<\/h3>\n<div class=\"sow-video-wrapper no-controls\">\n\t\t\t<iframe loading=\"lazy\" title=\"TECNIS EXPERIENCE\" width=\"640\" height=\"360\" src=\"https:\/\/www.youtube.com\/embed\/h9kW8aekif0?feature=oembed&enablejsapi=1\" frameborder=\"0\" allow=\"accelerometer; autoplay; clipboard-write; encrypted-media; gyroscope; picture-in-picture; web-share\" referrerpolicy=\"strict-origin-when-cross-origin\" allowfullscreen allowfullscreen mozallowfullscreen webkitallowfullscreen><\/iframe>\t<\/div>\n<\/div><\/div><\/div><div id=\"pgc-458-6-1\"  class=\"panel-grid-cell panel-grid-cell-empty\" ><\/div><\/div><div id=\"pg-458-7\"  class=\"panel-grid panel-no-style\" ><div id=\"pgc-458-7-0\"  class=\"panel-grid-cell\" ><div id=\"panel-458-7-0-0\" class=\"so-panel widget widget_smartheme_titre_widget panel-first-child panel-last-child\" data-index=\"15\" ><div\n\t\t\t\n\t\t\tclass=\"so-widget-smartheme_titre_widget so-widget-smartheme_titre_widget-default-d75171398898-458\"\n\t\t\t\n\t\t><div class=\"containerTitre_soustitre left\"><div class=\"containerTitre left\"><div class=\"pictoTitre\"><img decoding=\"async\" src=\"https:\/\/www.tecnoma.com\/cs\/wp-content\/uploads\/sites\/7\/2018\/12\/download-circle-1.png\"><\/div><h2 style=\"margin:0;text-align:left; color:#004f9f;\" class=\"widget_titre\">Sta\u017een\u00ed<\/h2><\/div><\/div><\/div><\/div><\/div><\/div><div id=\"pg-458-8\"  class=\"panel-grid panel-no-style\" ><div id=\"pgc-458-8-0\"  class=\"panel-grid-cell\" ><div id=\"panel-458-8-0-0\" class=\"so-panel widget widget_smartheme_pdf_widget panel-first-child panel-last-child\" data-index=\"16\" ><div\n\t\t\t\n\t\t\tclass=\"so-widget-smartheme_pdf_widget so-widget-smartheme_pdf_widget-default-d75171398898-458\"\n\t\t\t\n\t\t><div class=\"titre\"><h2><\/h2><\/div><a class=\"containerPdf\" href=\"https:\/\/www.tecnoma.com\/cs\/wp-content\/uploads\/sites\/7\/2019\/03\/TECNOMA_Brochure-TECNIS-II-1.pdf\" download><div class=\"contenuPdf\"><div class=\"pictoPdf\"><span class=\"\"><img decoding=\"async\" src=\"https:\/\/www.tecnoma.com\/cs\/wp-content\/themes\/tecnoma\/images\/pdf.svg\"\/><span><\/div><div class=\"containerText\"><p>brochure<\/p>\n<p>Tecnis II<\/p><\/div><\/div><\/a><\/div><\/div><\/div><div id=\"pgc-458-8-1\"  class=\"panel-grid-cell\" ><div id=\"panel-458-8-1-0\" class=\"so-panel widget widget_smartheme_pdf_widget panel-first-child panel-last-child\" data-index=\"17\" ><div\n\t\t\t\n\t\t\tclass=\"so-widget-smartheme_pdf_widget so-widget-smartheme_pdf_widget-default-d75171398898-458\"\n\t\t\t\n\t\t><div class=\"titre\"><h2><\/h2><\/div><a class=\"containerPdf\" href=\"https:\/\/www.tecnoma.com\/cs\/wp-content\/uploads\/sites\/7\/2019\/03\/TECNOMA_Brochure-TECLINE-L-1.pdf\" download><div class=\"contenuPdf\"><div class=\"pictoPdf\"><span class=\"\"><img decoding=\"async\" src=\"https:\/\/www.tecnoma.com\/cs\/wp-content\/themes\/tecnoma\/images\/pdf.svg\"\/><span><\/div><div class=\"containerText\"><p>brochure<\/p>\n<p>TecLine-L<\/p><\/div><\/div><\/a><\/div><\/div><\/div><div id=\"pgc-458-8-2\"  class=\"panel-grid-cell panel-grid-cell-empty panel-grid-cell-mobile-last\" ><\/div><div id=\"pgc-458-8-3\"  class=\"panel-grid-cell panel-grid-cell-empty\" ><\/div><\/div><div id=\"pg-458-9\"  class=\"panel-grid panel-has-style\" ><div class=\"siteorigin-panels-stretch panel-row-style panel-row-style-for-458-9\" data-stretch-type=\"full\" ><div id=\"pgc-458-9-0\"  class=\"panel-grid-cell\" ><div id=\"panel-458-9-0-0\" class=\"so-panel widget widget_smartheme_transition_widget panel-first-child\" data-index=\"18\" ><div\n\t\t\t\n\t\t\tclass=\"so-widget-smartheme_transition_widget so-widget-smartheme_transition_widget-default-d75171398898-458\"\n\t\t\t\n\t\t>\n<div class=\"containerTransition\" style=\"margin-top: 0px; margin-bottom: 0px;\">\n\t<div class=\"transition\"><\/div>\n<\/div><\/div><\/div><div id=\"panel-458-9-0-1\" class=\"so-panel widget widget_smarttheme_feedwall_widget panel-last-child\" data-index=\"19\" ><div\n\t\t\t\n\t\t\tclass=\"so-widget-smarttheme_feedwall_widget so-widget-smarttheme_feedwall_widget-default-d75171398898-458\"\n\t\t\t\n\t\t><section id=\"feedwall\">\n\t<div id=\"actu\">\n\t\t<div class=\"enteteActu\">\n\t\t<div class=\"titre\"><h3>Digi novinky<\/h3><\/div>\n\t\t\t<\/div>\n\t\t\t\t<div class=\"containerMessageFeedVide\">\n\t\t\t\t<p class=\"messageFeedVide\">\n\t\t\t\t\t V\u0161echny na\u0161e novinky najdete na <a href=\"https:\/\/www.facebook.com\/groupe.tecnoma\/\">Facebook<\/a>\n\t\t\t\t<\/p>\n\t\t\t<\/div>\n\t\t\t<div class=\"scrollbar\"><div class=\"bloc-barre\"><div class=\"barre\"><\/div><\/div><\/div>\n\t<\/div>\n<\/section><\/div><\/div><\/div><\/div><\/div><\/div>","protected":false},"excerpt":{"rendered":"<p>Jeho perfektn\u00ed silni\u010dn\u00ed rozm\u011br mu umo\u017e\u0148uje cestovat v\u0161ude ve vy\u0161\u0161\u00edch rychlostech. Ocelov\u00fd r\u00e1m ve stylu &#8222;samochodn\u00fdch post\u0159ikova\u010d\u016f&#8220; vyroben\u00fd z vysokopevnostn\u00ed [&hellip;]<\/p>\n","protected":false},"author":1,"featured_media":306,"parent":677,"menu_order":0,"comment_status":"closed","ping_status":"closed","template":"","meta":{"footnotes":""},"_links":{"self":[{"href":"https:\/\/www.tecnoma.com\/cs\/wp-json\/wp\/v2\/pages\/458"}],"collection":[{"href":"https:\/\/www.tecnoma.com\/cs\/wp-json\/wp\/v2\/pages"}],"about":[{"href":"https:\/\/www.tecnoma.com\/cs\/wp-json\/wp\/v2\/types\/page"}],"author":[{"embeddable":true,"href":"https:\/\/www.tecnoma.com\/cs\/wp-json\/wp\/v2\/users\/1"}],"replies":[{"embeddable":true,"href":"https:\/\/www.tecnoma.com\/cs\/wp-json\/wp\/v2\/comments?post=458"}],"version-history":[{"count":0,"href":"https:\/\/www.tecnoma.com\/cs\/wp-json\/wp\/v2\/pages\/458\/revisions"}],"up":[{"embeddable":true,"href":"https:\/\/www.tecnoma.com\/cs\/wp-json\/wp\/v2\/pages\/677"}],"wp:featuredmedia":[{"embeddable":true,"href":"https:\/\/www.tecnoma.com\/cs\/wp-json\/wp\/v2\/media\/306"}],"wp:attachment":[{"href":"https:\/\/www.tecnoma.com\/cs\/wp-json\/wp\/v2\/media?parent=458"}],"curies":[{"name":"wp","href":"https:\/\/api.w.org\/{rel}","templated":true}]}}