{"id":43,"date":"2018-10-26T08:49:10","date_gmt":"2018-10-26T06:49:10","guid":{"rendered":"http:\/\/localhost\/tecnoma\/?page_id=43"},"modified":"2018-10-26T08:49:10","modified_gmt":"2018-10-26T06:49:10","slug":"laser","status":"publish","type":"page","link":"https:\/\/www.tecnoma.com\/cs\/products\/sprayers-for-agriculture\/self-propelled-sprayers-2\/laser\/","title":{"rendered":"LASER"},"content":{"rendered":"<div id=\"pl-43\"  class=\"panel-layout\" ><div id=\"pg-43-0\"  class=\"panel-grid panel-has-style\" ><div class=\"siteorigin-panels-stretch panel-row-style panel-row-style-for-43-0\" data-stretch-type=\"full\" ><div id=\"pgc-43-0-0\"  class=\"panel-grid-cell\" ><div id=\"panel-43-0-0-0\" class=\"so-panel widget widget_slider-produit panel-first-child panel-last-child\" data-index=\"0\" ><div class=\"panel-widget-style panel-widget-style-for-43-0-0-0\" ><div\n\t\t\t\n\t\t\tclass=\"so-widget-slider-produit so-widget-slider-produit-default-40cd750bba98-43\"\n\t\t\t\n\t\t>\t<!-- array(2) {\n  [0]=>\n  array(2) {\n    [\"image\"]=>\n    int(535)\n    [\"image_fallback\"]=>\n    string(0) \"\"\n  }\n  [1]=>\n  array(2) {\n    [\"image\"]=>\n    int(303)\n    [\"image_fallback\"]=>\n    string(0) \"\"\n  }\n}\n -->\n\t<div class=\"row sliderProduit \" >\n\t\t<div class=\"col-12 col-lg-6 containerPres\"><div class=\"contenuPres\"><h2>Laser<\/h2>\n<h3>V\u00ddKONN\u00dd, ROBUSTN\u00cd, TICH\u00dd.<\/h3>\n<p style=\"text-align: justify;\">Zdali na silnici nebo na poli, TECNOMA LASER p\u0159esahuje v\u0161echna o\u010dek\u00e1v\u00e1n\u00ed co se t\u00fd\u010de v\u00fdkonu a produktivity. S n\u00e1dr\u017e\u00ed o kapacit\u011b a\u017e 5200 L, rameny dostupn\u00fdmi a\u017e do 44 m a 40 km\/h dop\u0159ednou rychlost\u00ed je LASER ide\u00e1ln\u00edm, v\u00fdkonn\u00fdm strojem. V\u0161echny LASERY jsou podpo\u0159eny nejnov\u011bj\u0161\u00edmi technologiemi (iTOP-S, Kontinu\u00e1ln\u00ed cikulac\u00ed s pneumatick\u00fdm proti\u00fakapem...) a jsou vybaveny velmi komfortn\u00ed kabinou.\n<\/p><\/div>\t\t\t<div class=\"container containerControler hidden-sm\">\n\t\t\t\t<a class=\"carousel-control-prev\" href=\"#sliderProduit\" data-slide=\"prev\">\n\t\t\t    \t<span class=\"carousel-control-prev-icon\"><\/span>\n\t\t\t  \t<\/a>\n\t\t\t  \t<div class=\"containerIndicators\">\n\t\t\t\t\t<ol class=\"carousel-indicators\">\n\t\t\t\t\t\t<li data-target=\"#sliderProduit\" data-slide-to=\"0\" class=\"active\"><div class=\"imageIndicator\" style = \"background-image : url(https:\/\/www.tecnoma.com\/cs\/wp-content\/uploads\/sites\/7\/2019\/01\/TECNOMA_LASER-_Vue-dos-1-300x259.png);\"><\/div><\/li><li data-target=\"#sliderProduit\" data-slide-to=\"1\"><div class=\"imageIndicator\" style = \"background-image : url(https:\/\/www.tecnoma.com\/cs\/wp-content\/uploads\/sites\/7\/2018\/12\/tecnoma_Laser_2016-1-300x259.png);\"><\/div><\/li>\t\t\t\t  <\/ol>\n\t\t\t\t<\/div>\n\t\t\t\t<a class=\"carousel-control-next\" href=\"#sliderProduit\" data-slide=\"next\">\n\t\t\t\t\t<span class=\"carousel-control-next-icon\"><\/span>\n\t\t\t\t<\/a>\n\t\t\t<\/div>\n\t\t\t\n\t\t\t<\/div><div class=\"col-12 col-lg-6\">\t\t\t<div class=\"container containerControler hidden-lg\">\n\t\t\t\t<!-- <a class=\"carousel-control-prev\" href=\"#sliderProduit\" data-slide=\"prev\">\n\t\t\t    \t<span class=\"carousel-control-prev-icon\"><\/span>\n\t\t\t  \t<\/a>\n\t\t\t\t<a class=\"carousel-control-next\" href=\"#sliderProduit\" data-slide=\"next\">\n\t\t\t\t\t<span class=\"carousel-control-next-icon\"><\/span>\n\t\t\t\t<\/a> -->\n\t\t\t\t<ol class=\"carousel-indicators\">\n\t\t\t\t\t\t<li data-target=\"#sliderProduit\" data-slide-to=\"0\" class=\"active\"><\/li><li data-target=\"#sliderProduit\" data-slide-to=\"1\"><\/li>\t\t\t\t  <\/ol>\n\t\t\t<\/div>\n\t\t\t<div id=\"sliderProduit\" class=\"carousel slide carousel-fade\" data-ride=\"carousel\">\n\t\t\t\t<div class=\"carousel-inner\">\n\t\t\t\t\t<div class=\"chargementSlider\"><div class=\"containerLoader\"><div class=\"loader\"><\/div><\/div><\/div><div class=\"carousel-item active\"><div class=\"image \" data-position=\"0\" style=\"background-image : url(https:\/\/www.tecnoma.com\/cs\/wp-content\/uploads\/sites\/7\/2019\/01\/TECNOMA_LASER-_Vue-dos-1.png);\"><\/div><div class=\"description\"><div class=\"content\"><\/div><\/div><\/div><div  class=\"carousel-item\"><div class=\"image \" data-position=\"1\" style=\"background-image : url(https:\/\/www.tecnoma.com\/cs\/wp-content\/uploads\/sites\/7\/2018\/12\/tecnoma_Laser_2016-1.png);\"><\/div><div class=\"description\"><div class=\"content\"><\/div><\/div><\/div>\t\t\t\t<\/div>\n\t\t\t<\/div>\n\t\t<\/div>\n\t<\/div>\n\n\n\n\t<\/div><\/div><\/div><\/div><\/div><\/div><div id=\"pg-43-1\"  class=\"panel-grid panel-no-style\" ><div id=\"pgc-43-1-0\"  class=\"panel-grid-cell\" ><div id=\"panel-43-1-0-0\" class=\"so-panel widget widget_smartheme_titre_widget panel-first-child\" data-index=\"1\" ><div\n\t\t\t\n\t\t\tclass=\"so-widget-smartheme_titre_widget so-widget-smartheme_titre_widget-default-d75171398898-43\"\n\t\t\t\n\t\t><div class=\"containerTitre_soustitre left\"><div class=\"containerTitre left\"><div class=\"pictoTitre\"><img decoding=\"async\" src=\"https:\/\/www.tecnoma.com\/cs\/wp-content\/uploads\/sites\/7\/2018\/12\/moteur-1.png\"><\/div><h2 style=\"margin:0;text-align:left; color:#004f9f;\" class=\"widget_titre\">MOTOR<\/h2><\/div><\/div><\/div><\/div><div id=\"panel-43-1-0-1\" class=\"so-panel widget widget_sow-editor panel-last-child\" data-index=\"2\" ><div\n\t\t\t\n\t\t\tclass=\"so-widget-sow-editor so-widget-sow-editor-base\"\n\t\t\t\n\t\t>\n<div class=\"siteorigin-widget-tinymce textwidget\">\n\t<p>Zvednut\u00edm d\u00e1lkov\u011b ovl\u00e1dan\u00e9 kapoty motoru objev\u00edte DEUTZ 6-ti v\u00e1lcov\u00fd motor, Tier 4 Final, kter\u00fd kombinuje v\u00fdkon a kvalitu p\u0159i spln\u011bn\u00ed n\u00edzkoemisn\u00edch standard\u016f. V z\u00e1vislosti na modelu jsou k dispozici dva motory: 217 a 244 HP.<\/p>\n<\/div>\n<\/div><\/div><\/div><div id=\"pgc-43-1-1\"  class=\"panel-grid-cell\" ><div id=\"panel-43-1-1-0\" class=\"so-panel widget widget_sow-image panel-first-child panel-last-child\" data-index=\"3\" ><div\n\t\t\t\n\t\t\tclass=\"so-widget-sow-image so-widget-sow-image-default-8b5b6f678277-43\"\n\t\t\t\n\t\t>\n\n<div class=\"sow-image-container\">\n\t\t<img loading=\"lazy\" decoding=\"async\" src=\"https:\/\/www.tecnoma.com\/cs\/wp-content\/uploads\/sites\/7\/2018\/12\/TECNOMA_Moteur-LASER-1-768x432.jpg\" width=\"768\" height=\"432\" srcset=\"https:\/\/www.tecnoma.com\/cs\/wp-content\/uploads\/sites\/7\/2018\/12\/TECNOMA_Moteur-LASER-1-768x432.jpg 768w, https:\/\/www.tecnoma.com\/cs\/wp-content\/uploads\/sites\/7\/2018\/12\/TECNOMA_Moteur-LASER-1-300x169.jpg 300w, https:\/\/www.tecnoma.com\/cs\/wp-content\/uploads\/sites\/7\/2018\/12\/TECNOMA_Moteur-LASER-1-1024x576.jpg 1024w, https:\/\/www.tecnoma.com\/cs\/wp-content\/uploads\/sites\/7\/2018\/12\/TECNOMA_Moteur-LASER-1-1536x864.jpg 1536w, https:\/\/www.tecnoma.com\/cs\/wp-content\/uploads\/sites\/7\/2018\/12\/TECNOMA_Moteur-LASER-1-1140x641.jpg 1140w, https:\/\/www.tecnoma.com\/cs\/wp-content\/uploads\/sites\/7\/2018\/12\/TECNOMA_Moteur-LASER-1-555x312.jpg 555w, https:\/\/www.tecnoma.com\/cs\/wp-content\/uploads\/sites\/7\/2018\/12\/TECNOMA_Moteur-LASER-1.jpg 1920w\" sizes=\"(max-width: 768px) 100vw, 768px\" title=\"TECNOMA_Engine LASER\" alt=\"\" \t\tclass=\"so-widget-image\"\/>\n\t<\/div>\n\n<\/div><\/div><\/div><\/div><div id=\"pg-43-2\"  class=\"panel-grid panel-no-style\" ><div id=\"pgc-43-2-0\"  class=\"panel-grid-cell\" ><div id=\"panel-43-2-0-0\" class=\"so-panel widget widget_smartheme_titre_widget panel-first-child\" data-index=\"4\" ><div\n\t\t\t\n\t\t\tclass=\"so-widget-smartheme_titre_widget so-widget-smartheme_titre_widget-default-d75171398898-43\"\n\t\t\t\n\t\t><div class=\"containerTitre_soustitre left\"><div class=\"containerTitre left\"><div class=\"pictoTitre\"><img decoding=\"async\" src=\"https:\/\/www.tecnoma.com\/cs\/wp-content\/uploads\/sites\/7\/2018\/12\/Sans-titre-1-1.png\"><\/div><h2 style=\"margin:0;text-align:left; color:#004f9f;\" class=\"widget_titre\">PODVOZEK A P\u0158EVODY<\/h2><\/div><\/div><\/div><\/div><div id=\"panel-43-2-0-1\" class=\"so-panel widget widget_sow-editor panel-last-child\" data-index=\"5\" ><div\n\t\t\t\n\t\t\tclass=\"so-widget-sow-editor so-widget-sow-editor-base\"\n\t\t\t\n\t\t>\n<div class=\"siteorigin-widget-tinymce textwidget\">\n\t<p>Se sv\u00fdm sva\u0159ovan\u00fdm podvozkem vyroben\u00fdm z obd\u00e9ln\u00edkov\u00fdch vysokopevnostn\u00edch ocelov\u00fdch profil\u016f je LASER speci\u00e1ln\u011b navr\u017een tak aby poskytnul stabilitu a robustnost b\u011bhem v\u0161ech pracovn\u00edch podm\u00ednek. Je poh\u00e1n\u011bn REXROTH hydrostatick\u00fdmi pohony s ECO re\u017eimem ve standardu. Pohon se skl\u00e1d\u00e1 ze 2 \u010derpadel s variabiln\u00edm pr\u016ftokem a 4 rychlob\u011b\u017en\u00fdch motor\u016f. D\u00edky permanentn\u00edmu pohonu v\u0161ech 4 kol m\u016f\u017eete m\u00edt i 2WS, 4WS, krab\u00ed chod a korekci ve svahu jako standard (voliteln\u00e9 pro LASER XL). Jsou k dispozici 3 rozsahy rychlost\u00ed: 0-19 km\/h, 0-25 km\/h, 0-40 km\/h. Dostupn\u00e9 jsou 3 \u00farovn\u011b br\u017ed\u011bn\u00ed: dynamick\u00e9, hydrostatick\u00e9 a statick\u00e9.<\/p>\n<\/div>\n<\/div><\/div><\/div><div id=\"pgc-43-2-1\"  class=\"panel-grid-cell\" ><div id=\"panel-43-2-1-0\" class=\"so-panel widget widget_sow-image panel-first-child panel-last-child\" data-index=\"6\" ><div\n\t\t\t\n\t\t\tclass=\"so-widget-sow-image so-widget-sow-image-default-8b5b6f678277-43\"\n\t\t\t\n\t\t>\n\n<div class=\"sow-image-container\">\n\t\t<img loading=\"lazy\" decoding=\"async\" src=\"https:\/\/www.tecnoma.com\/cs\/wp-content\/uploads\/sites\/7\/2018\/12\/TECNOMA_Chassis-LASER-1-768x432.jpg\" width=\"768\" height=\"432\" srcset=\"https:\/\/www.tecnoma.com\/cs\/wp-content\/uploads\/sites\/7\/2018\/12\/TECNOMA_Chassis-LASER-1-768x432.jpg 768w, https:\/\/www.tecnoma.com\/cs\/wp-content\/uploads\/sites\/7\/2018\/12\/TECNOMA_Chassis-LASER-1-300x169.jpg 300w, https:\/\/www.tecnoma.com\/cs\/wp-content\/uploads\/sites\/7\/2018\/12\/TECNOMA_Chassis-LASER-1-1024x576.jpg 1024w, https:\/\/www.tecnoma.com\/cs\/wp-content\/uploads\/sites\/7\/2018\/12\/TECNOMA_Chassis-LASER-1-1536x864.jpg 1536w, https:\/\/www.tecnoma.com\/cs\/wp-content\/uploads\/sites\/7\/2018\/12\/TECNOMA_Chassis-LASER-1-1140x641.jpg 1140w, https:\/\/www.tecnoma.com\/cs\/wp-content\/uploads\/sites\/7\/2018\/12\/TECNOMA_Chassis-LASER-1-555x312.jpg 555w, https:\/\/www.tecnoma.com\/cs\/wp-content\/uploads\/sites\/7\/2018\/12\/TECNOMA_Chassis-LASER-1.jpg 1920w\" sizes=\"(max-width: 768px) 100vw, 768px\" title=\"TECNOMA_Chassis LASER\" alt=\"\" \t\tclass=\"so-widget-image\"\/>\n\t<\/div>\n\n<\/div><\/div><\/div><\/div><div id=\"pg-43-3\"  class=\"panel-grid panel-no-style\" ><div id=\"pgc-43-3-0\"  class=\"panel-grid-cell\" ><div id=\"panel-43-3-0-0\" class=\"so-panel widget widget_smartheme_titre_widget panel-first-child\" data-index=\"7\" ><div\n\t\t\t\n\t\t\tclass=\"so-widget-smartheme_titre_widget so-widget-smartheme_titre_widget-default-d75171398898-43\"\n\t\t\t\n\t\t><div class=\"containerTitre_soustitre left\"><div class=\"containerTitre left\"><div class=\"pictoTitre\"><img decoding=\"async\" src=\"https:\/\/www.tecnoma.com\/cs\/wp-content\/uploads\/sites\/7\/2018\/12\/picto-rampe-1.png\"><\/div><h2 style=\"margin:0;text-align:left; color:#004f9f;\" class=\"widget_titre\">DOSTUPN\u00c1 RAMENA<\/h2><\/div><\/div><\/div><\/div><div id=\"panel-43-3-0-1\" class=\"so-panel widget widget_sow-editor panel-last-child\" data-index=\"8\" ><div\n\t\t\t\n\t\t\tclass=\"so-widget-sow-editor so-widget-sow-editor-base\"\n\t\t\t\n\t\t>\n<div class=\"siteorigin-widget-tinymce textwidget\">\n\t<p><strong>LVS<\/strong> : 24 - 28 nebo 30m \/ 4 - 7 - 8 sekc\u00ed.<\/p>\n<p><strong>LVX<\/strong>: 28 nebo 30m \/ 7 - 8 sekc\u00ed.<\/p>\n<p><strong>L3X<\/strong>: 30 - 32 -33 - 36 - 38 - 39 - 40 - 42 nebo 44m \/ 8 sekc\u00ed.<\/p>\n<\/div>\n<\/div><\/div><\/div><div id=\"pgc-43-3-1\"  class=\"panel-grid-cell\" ><div id=\"panel-43-3-1-0\" class=\"so-panel widget widget_sow-image panel-first-child panel-last-child\" data-index=\"9\" ><div\n\t\t\t\n\t\t\tclass=\"so-widget-sow-image so-widget-sow-image-default-8b5b6f678277-43\"\n\t\t\t\n\t\t>\n\n<div class=\"sow-image-container\">\n\t\t<img loading=\"lazy\" decoding=\"async\" src=\"https:\/\/www.tecnoma.com\/cs\/wp-content\/uploads\/sites\/7\/2019\/01\/TECNOMA_LASER-L3X-1-768x432.jpg\" width=\"768\" height=\"432\" srcset=\"https:\/\/www.tecnoma.com\/cs\/wp-content\/uploads\/sites\/7\/2019\/01\/TECNOMA_LASER-L3X-1-768x432.jpg 768w, https:\/\/www.tecnoma.com\/cs\/wp-content\/uploads\/sites\/7\/2019\/01\/TECNOMA_LASER-L3X-1-300x169.jpg 300w, https:\/\/www.tecnoma.com\/cs\/wp-content\/uploads\/sites\/7\/2019\/01\/TECNOMA_LASER-L3X-1-1024x576.jpg 1024w, https:\/\/www.tecnoma.com\/cs\/wp-content\/uploads\/sites\/7\/2019\/01\/TECNOMA_LASER-L3X-1-1536x864.jpg 1536w, https:\/\/www.tecnoma.com\/cs\/wp-content\/uploads\/sites\/7\/2019\/01\/TECNOMA_LASER-L3X-1-1140x641.jpg 1140w, https:\/\/www.tecnoma.com\/cs\/wp-content\/uploads\/sites\/7\/2019\/01\/TECNOMA_LASER-L3X-1-555x312.jpg 555w, https:\/\/www.tecnoma.com\/cs\/wp-content\/uploads\/sites\/7\/2019\/01\/TECNOMA_LASER-L3X-1.jpg 1920w\" sizes=\"(max-width: 768px) 100vw, 768px\" title=\"TECNOMA_LASER L3X\" alt=\"\" \t\tclass=\"so-widget-image\"\/>\n\t<\/div>\n\n<\/div><\/div><\/div><\/div><div id=\"pg-43-4\"  class=\"panel-grid panel-no-style\" ><div id=\"pgc-43-4-0\"  class=\"panel-grid-cell\" ><div id=\"panel-43-4-0-0\" class=\"so-panel widget widget_smartheme_titre_widget panel-first-child\" data-index=\"10\" ><div\n\t\t\t\n\t\t\tclass=\"so-widget-smartheme_titre_widget so-widget-smartheme_titre_widget-default-d75171398898-43\"\n\t\t\t\n\t\t><div class=\"containerTitre_soustitre left\"><div class=\"containerTitre left\"><div class=\"pictoTitre\"><img decoding=\"async\" src=\"https:\/\/www.tecnoma.com\/cs\/wp-content\/uploads\/sites\/7\/2019\/01\/pouce-circle-1.png\"><\/div><h2 style=\"margin:0;text-align:left; color:#004f9f;\" class=\"widget_titre\">TECNOMA BENEFITY<\/h2><\/div><\/div><\/div><\/div><div id=\"panel-43-4-0-1\" class=\"so-panel widget widget_sow-editor panel-last-child\" data-index=\"11\" ><div\n\t\t\t\n\t\t\tclass=\"so-widget-sow-editor so-widget-sow-editor-base\"\n\t\t\t\n\t\t>\n<div class=\"siteorigin-widget-tinymce textwidget\">\n\t<p>N\u011bkolik dostupn\u00fdch voliteln\u00fdch prvk\u016f v z\u00e1vislosti na verzi a modelu:<\/p>\n<ul>\n<li>Pevn\u00e1 sv\u011btl\u00e1 v\u00fd\u0161ka od 1,05 do 1,80m<\/li>\n<li>Hydraulicky nastaviteln\u00fd rozchod pro 3200, 4200, 5200 L<\/li>\n<li>Hydraulicky nastaviteln\u00e1 sv\u011btl\u00e1 v\u00fd\u0161ka pro model 4200L (pracovn\u00ed rozsah od 1,25 do 1,80m) - pro rychl\u00fd p\u0159ehled <a href=\"https:\/\/www.tecnoma.com\/2019\/wp-content\/uploads\/2019\/01\/TECNOMA_LASER-HVC_Spoiler.mp4\" target=\"_blank\" rel=\"noopener\">klikn\u011bte zde<\/a>.<\/li>\n<\/ul>\n<\/div>\n<\/div><\/div><\/div><div id=\"pgc-43-4-1\"  class=\"panel-grid-cell\" ><div id=\"panel-43-4-1-0\" class=\"so-panel widget widget_sow-image panel-first-child panel-last-child\" data-index=\"12\" ><div\n\t\t\t\n\t\t\tclass=\"so-widget-sow-image so-widget-sow-image-default-8b5b6f678277-43\"\n\t\t\t\n\t\t>\n\n<div class=\"sow-image-container\">\n\t\t<img loading=\"lazy\" decoding=\"async\" src=\"https:\/\/www.tecnoma.com\/cs\/wp-content\/uploads\/sites\/7\/2019\/01\/TECNOMA_LASER-HVC-1-768x432.jpg\" width=\"768\" height=\"432\" srcset=\"https:\/\/www.tecnoma.com\/cs\/wp-content\/uploads\/sites\/7\/2019\/01\/TECNOMA_LASER-HVC-1-768x432.jpg 768w, https:\/\/www.tecnoma.com\/cs\/wp-content\/uploads\/sites\/7\/2019\/01\/TECNOMA_LASER-HVC-1-300x169.jpg 300w, https:\/\/www.tecnoma.com\/cs\/wp-content\/uploads\/sites\/7\/2019\/01\/TECNOMA_LASER-HVC-1-1024x576.jpg 1024w, https:\/\/www.tecnoma.com\/cs\/wp-content\/uploads\/sites\/7\/2019\/01\/TECNOMA_LASER-HVC-1-1536x864.jpg 1536w, https:\/\/www.tecnoma.com\/cs\/wp-content\/uploads\/sites\/7\/2019\/01\/TECNOMA_LASER-HVC-1-1140x641.jpg 1140w, https:\/\/www.tecnoma.com\/cs\/wp-content\/uploads\/sites\/7\/2019\/01\/TECNOMA_LASER-HVC-1-555x312.jpg 555w, https:\/\/www.tecnoma.com\/cs\/wp-content\/uploads\/sites\/7\/2019\/01\/TECNOMA_LASER-HVC-1.jpg 1920w\" sizes=\"(max-width: 768px) 100vw, 768px\" title=\"TECNOMA_LASER HVC\" alt=\"\" \t\tclass=\"so-widget-image\"\/>\n\t<\/div>\n\n<\/div><\/div><\/div><\/div><div id=\"pg-43-5\"  class=\"panel-grid panel-no-style\" ><div id=\"pgc-43-5-0\"  class=\"panel-grid-cell\" ><div id=\"panel-43-5-0-0\" class=\"so-panel widget widget_smartheme_titre_widget panel-first-child panel-last-child\" data-index=\"13\" ><div\n\t\t\t\n\t\t\tclass=\"so-widget-smartheme_titre_widget so-widget-smartheme_titre_widget-default-d75171398898-43\"\n\t\t\t\n\t\t><div class=\"containerTitre_soustitre left\"><div class=\"containerTitre left\"><div class=\"pictoTitre\"><img decoding=\"async\" src=\"https:\/\/www.tecnoma.com\/cs\/wp-content\/uploads\/sites\/7\/2018\/12\/youtube-circle-1.png\"><\/div><h2 style=\"margin:0;text-align:left; color:#004f9f;\" class=\"widget_titre\">Videos<\/h2><\/div><\/div><\/div><\/div><\/div><\/div><div id=\"pg-43-6\"  class=\"panel-grid panel-no-style\" ><div id=\"pgc-43-6-0\"  class=\"panel-grid-cell\" ><div id=\"panel-43-6-0-0\" class=\"so-panel widget widget_sow-video panel-first-child panel-last-child\" data-index=\"14\" ><div\n\t\t\t\n\t\t\tclass=\"so-widget-sow-video so-widget-sow-video-default-f379b959fc93-43\"\n\t\t\t\n\t\t><h3 class=\"widget-title\">TECNOMA : LASER Experience<\/h3>\n<div class=\"sow-video-wrapper no-controls\">\n\t\t\t<iframe loading=\"lazy\" title=\"TECNOMA : LASER Exp\u00e9rience\" width=\"640\" height=\"360\" src=\"https:\/\/www.youtube.com\/embed\/y9pyLre8C4E?feature=oembed&enablejsapi=1\" frameborder=\"0\" allow=\"accelerometer; autoplay; clipboard-write; encrypted-media; gyroscope; picture-in-picture; web-share\" referrerpolicy=\"strict-origin-when-cross-origin\" allowfullscreen allowfullscreen mozallowfullscreen webkitallowfullscreen><\/iframe>\t<\/div>\n<\/div><\/div><\/div><div id=\"pgc-43-6-1\"  class=\"panel-grid-cell panel-grid-cell-mobile-last\" ><div id=\"panel-43-6-1-0\" class=\"so-panel widget widget_sow-video panel-first-child panel-last-child\" data-index=\"15\" ><div\n\t\t\t\n\t\t\tclass=\"so-widget-sow-video so-widget-sow-video-default-f379b959fc93-43\"\n\t\t\t\n\t\t><h3 class=\"widget-title\">TECNOMA : HVC<\/h3>\n<div class=\"sow-video-wrapper no-controls\">\n\t\t\t<iframe loading=\"lazy\" title=\"LASER HVC EXPERIENCE\" width=\"640\" height=\"360\" src=\"https:\/\/www.youtube.com\/embed\/iUx2zS_jtko?feature=oembed&enablejsapi=1\" frameborder=\"0\" allow=\"accelerometer; autoplay; clipboard-write; encrypted-media; gyroscope; picture-in-picture; web-share\" referrerpolicy=\"strict-origin-when-cross-origin\" allowfullscreen allowfullscreen mozallowfullscreen webkitallowfullscreen><\/iframe>\t<\/div>\n<\/div><\/div><\/div><div id=\"pgc-43-6-2\"  class=\"panel-grid-cell panel-grid-cell-empty\" ><\/div><\/div><div id=\"pg-43-7\"  class=\"panel-grid panel-no-style\" ><div id=\"pgc-43-7-0\"  class=\"panel-grid-cell\" ><div id=\"panel-43-7-0-0\" class=\"so-panel widget widget_smartheme_titre_widget panel-first-child panel-last-child\" data-index=\"16\" ><div\n\t\t\t\n\t\t\tclass=\"so-widget-smartheme_titre_widget so-widget-smartheme_titre_widget-default-d75171398898-43\"\n\t\t\t\n\t\t><div class=\"containerTitre_soustitre left\"><div class=\"containerTitre left\"><div class=\"pictoTitre\"><img decoding=\"async\" src=\"https:\/\/www.tecnoma.com\/cs\/wp-content\/uploads\/sites\/7\/2018\/12\/download-circle-1.png\"><\/div><h2 style=\"margin:0;text-align:left; color:#004f9f;\" class=\"widget_titre\">Sta\u017een\u00ed<\/h2><\/div><\/div><\/div><\/div><\/div><\/div><div id=\"pg-43-8\"  class=\"panel-grid panel-no-style\" ><div id=\"pgc-43-8-0\"  class=\"panel-grid-cell\" ><div id=\"panel-43-8-0-0\" class=\"so-panel widget widget_smartheme_pdf_widget panel-first-child panel-last-child\" data-index=\"17\" ><div\n\t\t\t\n\t\t\tclass=\"so-widget-smartheme_pdf_widget so-widget-smartheme_pdf_widget-default-d75171398898-43\"\n\t\t\t\n\t\t><div class=\"titre\"><h2><\/h2><\/div><a class=\"containerPdf\" href=\"https:\/\/www.tecnoma.com\/cs\/wp-content\/uploads\/sites\/7\/2019\/03\/TECNOMA_Brochure-LASER-1.pdf\" download><div class=\"contenuPdf\"><div class=\"pictoPdf\"><span class=\"\"><img decoding=\"async\" src=\"https:\/\/www.tecnoma.com\/cs\/wp-content\/themes\/tecnoma\/images\/pdf.svg\"\/><span><\/div><div class=\"containerText\"><p>brochure<\/p>\n<p>laser<\/p>\n<\/div><\/div><\/a><\/div><\/div><\/div><div id=\"pgc-43-8-1\"  class=\"panel-grid-cell panel-grid-cell-empty\" ><\/div><div id=\"pgc-43-8-2\"  class=\"panel-grid-cell panel-grid-cell-empty panel-grid-cell-mobile-last\" ><\/div><div id=\"pgc-43-8-3\"  class=\"panel-grid-cell panel-grid-cell-empty\" ><\/div><\/div><div id=\"pg-43-9\"  class=\"panel-grid panel-has-style\" ><div class=\"siteorigin-panels-stretch panel-row-style panel-row-style-for-43-9\" data-stretch-type=\"full\" ><div id=\"pgc-43-9-0\"  class=\"panel-grid-cell\" ><div id=\"panel-43-9-0-0\" class=\"so-panel widget widget_smartheme_transition_widget panel-first-child\" data-index=\"18\" ><div\n\t\t\t\n\t\t\tclass=\"so-widget-smartheme_transition_widget so-widget-smartheme_transition_widget-default-d75171398898-43\"\n\t\t\t\n\t\t>\n<div class=\"containerTransition\" style=\"margin-top: 0px; margin-bottom: 0px;\">\n\t<div class=\"transition\"><\/div>\n<\/div><\/div><\/div><div id=\"panel-43-9-0-1\" class=\"so-panel widget widget_smarttheme_feedwall_widget panel-last-child\" data-index=\"19\" ><div\n\t\t\t\n\t\t\tclass=\"so-widget-smarttheme_feedwall_widget so-widget-smarttheme_feedwall_widget-default-d75171398898-43\"\n\t\t\t\n\t\t><section id=\"feedwall\">\n\t<div id=\"actu\">\n\t\t<div class=\"enteteActu\">\n\t\t<div class=\"titre\"><h3>Digi novinky<\/h3><\/div>\n\t\t\t<\/div>\n\t\t\t\t<div class=\"containerMessageFeedVide\">\n\t\t\t\t<p class=\"messageFeedVide\">\n\t\t\t\t\t V\u0161echny na\u0161e novinky najdete na <a href=\"https:\/\/www.facebook.com\/groupe.tecnoma\/\">Facebook<\/a>\n\t\t\t\t<\/p>\n\t\t\t<\/div>\n\t\t\t<div class=\"scrollbar\"><div class=\"bloc-barre\"><div class=\"barre\"><\/div><\/div><\/div>\n\t<\/div>\n<\/section><\/div><\/div><\/div><\/div><\/div><\/div>","protected":false},"excerpt":{"rendered":"<p>Zvednut\u00edm d\u00e1lkov\u011b ovl\u00e1dan\u00e9 kapoty motoru objev\u00edte DEUTZ 6-ti v\u00e1lcov\u00fd motor, Tier 4 Final, kter\u00fd kombinuje v\u00fdkon a kvalitu p\u0159i spln\u011bn\u00ed [&hellip;]<\/p>\n","protected":false},"author":1,"featured_media":306,"parent":1457,"menu_order":0,"comment_status":"closed","ping_status":"closed","template":"","meta":{"footnotes":""},"_links":{"self":[{"href":"https:\/\/www.tecnoma.com\/cs\/wp-json\/wp\/v2\/pages\/43"}],"collection":[{"href":"https:\/\/www.tecnoma.com\/cs\/wp-json\/wp\/v2\/pages"}],"about":[{"href":"https:\/\/www.tecnoma.com\/cs\/wp-json\/wp\/v2\/types\/page"}],"author":[{"embeddable":true,"href":"https:\/\/www.tecnoma.com\/cs\/wp-json\/wp\/v2\/users\/1"}],"replies":[{"embeddable":true,"href":"https:\/\/www.tecnoma.com\/cs\/wp-json\/wp\/v2\/comments?post=43"}],"version-history":[{"count":0,"href":"https:\/\/www.tecnoma.com\/cs\/wp-json\/wp\/v2\/pages\/43\/revisions"}],"up":[{"embeddable":true,"href":"https:\/\/www.tecnoma.com\/cs\/wp-json\/wp\/v2\/pages\/1457"}],"wp:featuredmedia":[{"embeddable":true,"href":"https:\/\/www.tecnoma.com\/cs\/wp-json\/wp\/v2\/media\/306"}],"wp:attachment":[{"href":"https:\/\/www.tecnoma.com\/cs\/wp-json\/wp\/v2\/media?parent=43"}],"curies":[{"name":"wp","href":"https:\/\/api.w.org\/{rel}","templated":true}]}}