{"id":221,"date":"2018-11-23T14:03:08","date_gmt":"2018-11-23T13:03:08","guid":{"rendered":"http:\/\/localhost\/tecnoma\/?page_id=221"},"modified":"2018-11-23T14:03:08","modified_gmt":"2018-11-23T13:03:08","slug":"spare-parts","status":"publish","type":"page","link":"https:\/\/www.tecnoma.com\/cs\/spare-parts\/","title":{"rendered":"N\u00c1HRADN\u00cdMI D\u00cdLY"},"content":{"rendered":"<div id=\"pl-221\"  class=\"panel-layout\" ><div id=\"pg-221-0\"  class=\"panel-grid panel-has-style\" ><div class=\"panel-row-style panel-row-style-for-221-0\" ><div id=\"pgc-221-0-0\"  class=\"panel-grid-cell\" ><div id=\"panel-221-0-0-0\" class=\"so-panel widget widget_sow-editor panel-first-child panel-last-child\" data-index=\"0\" ><div class=\"panel-widget-style panel-widget-style-for-221-0-0-0\" ><div\n\t\t\t\n\t\t\tclass=\"so-widget-sow-editor so-widget-sow-editor-base\"\n\t\t\t\n\t\t>\n<div class=\"siteorigin-widget-tinymce textwidget\">\n\t<p style=\"text-align: justify;\"><span style=\"color: #004f9f;\">Koup\u011b Tecnomy znamen\u00e1 benefitovat z know-how a designu n\u00e1hradn\u00edch d\u00edl\u016f. Je to tak\u00e9 z\u00e1ruka kvality, trvanlivosti a robustnosti. Na\u0161e v\u00fdrobky jsou vhodn\u00e9 pro velk\u00fd po\u010det zna\u010dek post\u0159ikova\u010d\u016f, a\u0165 ji\u017e pot\u0159ebujete trysky, kryty trysek, dr\u017e\u00e1ky trysek nebo jin\u00e9 komponenty. N\u00ed\u017ee zde najdete n\u011bkter\u00e9 p\u0159\u00edklady nad\u010dasov\u00fdch a nezbytn\u00fdch komponent\u016f.<br \/>\n<\/span><\/p>\n<\/div>\n<\/div><\/div><\/div><\/div><\/div><\/div><div id=\"pg-221-1\"  class=\"panel-grid panel-no-style\" ><div id=\"pgc-221-1-0\"  class=\"panel-grid-cell\" ><div id=\"panel-221-1-0-0\" class=\"so-panel widget widget_banniere panel-first-child\" data-index=\"1\" ><div\n\t\t\t\n\t\t\tclass=\"so-widget-banniere so-widget-banniere-default-40cd750bba98-221\"\n\t\t\t\n\t\t><div class=\"smartwidgets-banniere align-\"><div class=\"container-titre\" style=\"text-align:left\"><h3 class=\"titre\" style=\"color:#000\">TRYSKY<\/h3><span class=\"soustitre\" style=\"color:#000\">\u0160irok\u00e9 pole pou\u017eit\u00ed<\/span><\/div><div class=\"banniere-bg\" style=\"background-image: url(https:\/\/www.tecnoma.com\/cs\/wp-content\/uploads\/sites\/7\/2020\/07\/PIECE-DETACHEES_Bandeaux_Buses-vide-1.jpg)\"><div class=\"filtre\" style=\"opacity:0%; background-color: #fff\"><\/div><\/div><\/div><\/div><\/div><div id=\"panel-221-1-0-1\" class=\"so-panel widget widget_sow-editor panel-last-child\" data-index=\"2\" ><div class=\"panel-widget-style panel-widget-style-for-221-1-0-1\" ><div\n\t\t\t\n\t\t\tclass=\"so-widget-sow-editor so-widget-sow-editor-base\"\n\t\t\t\n\t\t>\n<div class=\"siteorigin-widget-tinymce textwidget\">\n\t<p><strong>Proto\u017ee vysok\u00fd standard post\u0159ikov\u00e1n\u00ed vy\u017eaduje kvalitn\u00ed trysky\u2026<\/strong><\/p>\n<p>Trysky p\u0159edstavuj\u00ed m\u00e9n\u011b ne\u017e 1% z ceny post\u0159ikova\u010de, ale jsou jedny z nejd\u016fle\u017eit\u011bj\u0161\u00edch komponent\u016f. Proto je nezbytn\u00e9 ud\u011blat spr\u00e1vnou volbu. Kvalita post\u0159iku a efektivita o\u0161et\u0159en\u00ed rostlin na tom zavis\u00ed.<\/p>\n<p>\u0158ada NOZAL nab\u00edz\u00ed \u0161irokou \u0161k\u00e1lu trysek (od standardn\u00edch \u0161pi\u010dek po dvou\u0161t\u011brbinov\u00e9, n\u00edzko nebo vyskokotlak\u00e9 proti\u00faletov\u00e9, pro tekut\u00e9 hnojiva\u2026) Existuje specifick\u00e1 tryska pro ka\u017edou aplikaci aby garantovala ochranu \u017eivotn\u00edho prost\u0159ed\u00ed a bezpe\u010dn\u00e9 pou\u017eit\u00ed.<\/p>\n<ul>\n<li>Standardn\u00ed <strong>AFX - RFX trysky s ploch\u00fdm paprskem<\/strong> umo\u017e\u0148uj\u00ed tvrobu jemn\u00fdch kapek pro maximalizaci pokryt\u00ed.<\/li>\n<li><strong>ADX - RDX - ATX n\u00edzkotlak\u00e9 trysky s podporou vzduchu<\/strong> poskytuj\u00ed perfektn\u00ed pokryt\u00ed p\u0159i omezen\u00ed \u00faletu za standardn\u00edho pracovn\u00edho tlaku.<\/li>\n<li><strong>ARX - RRX vysokotlak\u00e9 proti\u00faletov\u00e9 trysky s podporou vzduchu<\/strong> pou\u017e\u00edvan\u00e9 p\u0159i vysok\u00fdch tlac\u00edch (&gt; 4 bary) jsou charakteristick\u00e9 v\u00fdrobou velk\u00fdch kapek - jsou tedy vhodn\u00e9 pro ur\u010dit\u00e9 typy aplikac\u00ed (nap\u0159. ko\u0159enov\u00e9 herbicidy) a v omezuj\u00edc\u00edch podm\u00ednk\u00e1ch (nap\u0159. v\u00edtr).<\/li>\n<li><strong>TRIFILET - R5X<\/strong> trysky pro tekut\u00e9 dus\u00edkat\u00e9 hnojiva se 3 nebo 5 d\u011brami jsou navr\u017eeny pro tekut\u00e9 hnojiva.<\/li>\n<\/ul>\n<\/div>\n<\/div><\/div><\/div><\/div><\/div><div id=\"pg-221-2\"  class=\"panel-grid panel-no-style\" ><div id=\"pgc-221-2-0\"  class=\"panel-grid-cell\" ><div id=\"panel-221-2-0-0\" class=\"so-panel widget widget_banniere panel-first-child\" data-index=\"3\" ><div\n\t\t\t\n\t\t\tclass=\"so-widget-banniere so-widget-banniere-default-40cd750bba98-221\"\n\t\t\t\n\t\t><div class=\"smartwidgets-banniere align-\"><div class=\"container-titre\" style=\"text-align:left\"><h3 class=\"titre\" style=\"color:#000\">MONT\u00c1\u017dN\u00cd KL\u00cd\u010c NA TRYSKY<\/h3><span class=\"soustitre\" style=\"color:#000\">Ka\u017edodenn\u00ed \u00faspora \u010dasu<\/span><\/div><div class=\"banniere-bg\" style=\"background-image: url(https:\/\/www.tecnoma.com\/cs\/wp-content\/uploads\/sites\/7\/2020\/07\/PIECE-DETACHEES_Bandeaux_Cle-Buses-vide.jpg)\"><div class=\"filtre\" style=\"opacity:25%; background-color: #ffffff\"><\/div><\/div><\/div><\/div><\/div><div id=\"panel-221-2-0-1\" class=\"so-panel widget widget_sow-editor panel-last-child\" data-index=\"4\" ><div\n\t\t\t\n\t\t\tclass=\"so-widget-sow-editor so-widget-sow-editor-base\"\n\t\t\t\n\t\t>\n<div class=\"siteorigin-widget-tinymce textwidget\">\n\t<p><strong>Kdy\u017e je v\u00fdm\u011bna trysek snadn\u00e1<\/strong><\/p>\n<p>Kompatibiln\u00ed se v\u0161emi KWIX tryskami v \u0159ad\u011b NOZAL. Tento kl\u00ed\u010d v\u00e1m usnadn\u00ed \u017eivot jednoduch\u00fdm nacvaknut\u00edm ka\u017ed\u00e9 trysky. \u010cist\u00edc\u00ed kart\u00e1\u010dek m\u016f\u017ee b\u00fdt tak\u00e9 p\u0159ilo\u017een. V kompaktn\u00edm a ergonomick\u00e9m tvaru (L: 8 cm x \u0160: 6,5 cm) se snadno vleze do va\u0161\u00ed kapsy nebo p\u0159ihr\u00e1dky v kabin\u011b!<\/p>\n<\/div>\n<\/div><\/div><\/div><\/div><div id=\"pg-221-3\"  class=\"panel-grid panel-no-style\" ><div id=\"pgc-221-3-0\"  class=\"panel-grid-cell\" ><div id=\"panel-221-3-0-0\" class=\"so-panel widget widget_banniere panel-first-child\" data-index=\"5\" ><div\n\t\t\t\n\t\t\tclass=\"so-widget-banniere so-widget-banniere-default-40cd750bba98-221\"\n\t\t\t\n\t\t><div class=\"smartwidgets-banniere align-\"><div class=\"container-titre\" style=\"text-align:left\"><h3 class=\"titre\" style=\"color:#000\">DR\u017d\u00c1K TRYSEK<\/h3><span class=\"soustitre\" style=\"color:#000\">Ultim\u00e1tn\u00ed post\u0159ikov\u00fd v\u00fdkon<\/span><\/div><div class=\"banniere-bg\" style=\"background-image: url(https:\/\/www.tecnoma.com\/cs\/wp-content\/uploads\/sites\/7\/2020\/07\/PIECE-DETACHEES_Bandeaux_Porte-Buses-vide-1.jpg)\"><div class=\"filtre\" style=\"opacity:0%; background-color: #fff\"><\/div><\/div><\/div><\/div><\/div><div id=\"panel-221-3-0-1\" class=\"so-panel widget widget_sow-editor panel-last-child\" data-index=\"6\" ><div\n\t\t\t\n\t\t\tclass=\"so-widget-sow-editor so-widget-sow-editor-base\"\n\t\t\t\n\t\t>\n<div class=\"siteorigin-widget-tinymce textwidget\">\n\t<p><strong>Precision serves performance<\/strong><\/p>\n<p>All our nozzle holders are manufactured according to ISO standards (in terms of nozzle size). Each nozzle holder allows quick and easy adaptation of the many types of nozzles on the market.<\/p>\n<\/div>\n<\/div><\/div><\/div><\/div><div id=\"pg-221-4\"  class=\"panel-grid panel-no-style\" ><div id=\"pgc-221-4-0\"  class=\"panel-grid-cell\" ><div id=\"panel-221-4-0-0\" class=\"so-panel widget widget_banniere panel-first-child\" data-index=\"7\" ><div\n\t\t\t\n\t\t\tclass=\"so-widget-banniere so-widget-banniere-default-40cd750bba98-221\"\n\t\t\t\n\t\t><div class=\"smartwidgets-banniere align-\"><div class=\"container-titre\" style=\"text-align:left\"><h3 class=\"titre\" style=\"color:#000\">PENTIX<\/h3><span class=\"soustitre\" style=\"color:#000\">Nov\u00fd dr\u017e\u00e1k trysek ji\u017e ve v\u00fdbav\u011b<\/span><\/div><div class=\"banniere-bg\" style=\"background-image: url(https:\/\/www.tecnoma.com\/cs\/wp-content\/uploads\/sites\/7\/2020\/07\/PIECE-DETACHEES_Bandeaux_Pentix-SP-vide-1.jpg)\"><div class=\"filtre\" style=\"opacity:0%; background-color: #fff\"><\/div><\/div><\/div><\/div><\/div><div id=\"panel-221-4-0-1\" class=\"so-panel widget widget_sow-editor panel-last-child\" data-index=\"8\" ><div\n\t\t\t\n\t\t\tclass=\"so-widget-sow-editor so-widget-sow-editor-base\"\n\t\t\t\n\t\t>\n<div class=\"siteorigin-widget-tinymce textwidget\">\n\t<p><strong>Pentix \/ Pentix SP, nov\u00fd inteligentn\u00ed dr\u017e\u00e1k trysek\u2026<\/strong><\/p>\n<p>S hv\u011bzdicov\u00fdm tvarem m\u016f\u017ee um\u00edstit a\u017e 5 trysek. Pentix je velmi robustn\u00ed a je odoln\u00fd n\u00e1raz\u016fm, tlaku, vibrac\u00edm a chemik\u00e1li\u00edm. Cirkulace kapaliny byla optimalizov\u00e1na s v\u00fdsledkem redukce tlakov\u00fdch ztr\u00e1t, vyrovnan\u00e9 z\u00e1sobov\u00e1n\u00ed na cel\u00e9 \u0161\u00ed\u0159ce a redukci \"mrtv\u00e9ho\" objemu. Ot\u00e1\u010den\u00ed se zar\u00e1\u017ekami v 10 pozic\u00edch umo\u017e\u0148uje ut\u011bsn\u011bnou mezipozici mezi ka\u017edou tryskou.<\/p>\n<\/div>\n<\/div><\/div><\/div><\/div><div id=\"pg-221-5\"  class=\"panel-grid panel-no-style\" ><div id=\"pgc-221-5-0\"  class=\"panel-grid-cell\" ><div id=\"panel-221-5-0-0\" class=\"so-panel widget widget_banniere panel-first-child\" data-index=\"9\" ><div\n\t\t\t\n\t\t\tclass=\"so-widget-banniere so-widget-banniere-default-40cd750bba98-221\"\n\t\t\t\n\t\t><div class=\"smartwidgets-banniere align-\"><div class=\"container-titre\" style=\"text-align:left\"><h3 class=\"titre\" style=\"color:#000\">PR\u016eTOKOM\u011aRY<\/h3><span class=\"soustitre\" style=\"color:#000\">Vynikaj\u00edc\u00ed spolehlivost a p\u0159esnost!<\/span><\/div><div class=\"banniere-bg\" style=\"background-image: url(https:\/\/www.tecnoma.com\/cs\/wp-content\/uploads\/sites\/7\/2020\/07\/PIECE-DETACHEES_Bandeaux_Debitmetres-vide-1.jpg)\"><div class=\"filtre\" style=\"opacity:0%; background-color: #fff\"><\/div><\/div><\/div><\/div><\/div><div id=\"panel-221-5-0-1\" class=\"so-panel widget widget_sow-editor panel-last-child\" data-index=\"10\" ><div\n\t\t\t\n\t\t\tclass=\"so-widget-sow-editor so-widget-sow-editor-base\"\n\t\t\t\n\t\t>\n<div class=\"siteorigin-widget-tinymce textwidget\">\n\t<p><strong>Proto\u017ee p\u0159esnost je na\u0161e priorita\u2026<\/strong><\/p>\n<p>Na\u0161e pr\u016ftokom\u011bry jsou v\u0161echny individu\u00e1ln\u011b testov\u00e1ny a kalibrov\u00e1ny ve v\u00fdrob\u011b. Ka\u017ed\u00fd pr\u016ftokom\u011br je identifikovateln\u00fd svou referenc\u00ed, pracovn\u00edm rozsahem, sv\u00fdm s\u00e9riov\u00fdm \u010d\u00edslem a sv\u00fdmi vlastn\u00edmi parametry (impulzy \/ L). Odol\u00e1v\u00e1 chemick\u00e9mu prost\u0159ed\u00ed a vykazuje dlouhou \u017eivotnost d\u00edky vrtulce vybaven\u00e9 keramickou oskou a pouzdry. M\u011b\u0159en\u00ed pr\u016ftoku nen\u00ed citliv\u00e9 na tlak a viskozitu tak aby se zaru\u010dila vysok\u00e1 p\u0159esnost bez ohledu na druh tekutiny.<\/p>\n<\/div>\n<\/div><\/div><\/div><\/div><div id=\"pg-221-6\"  class=\"panel-grid panel-no-style\" ><div id=\"pgc-221-6-0\"  class=\"panel-grid-cell\" ><div id=\"panel-221-6-0-0\" class=\"so-panel widget widget_banniere panel-first-child\" data-index=\"11\" ><div\n\t\t\t\n\t\t\tclass=\"so-widget-banniere so-widget-banniere-default-40cd750bba98-221\"\n\t\t\t\n\t\t><div class=\"smartwidgets-banniere align-\"><div class=\"container-titre\" style=\"text-align:left\"><h3 class=\"titre\" style=\"color:#000\">\u0160ROUBEN\u00cd<\/h3><span class=\"soustitre\" style=\"color:#000\">\u010casto zapom\u00ednan\u00e1 z\u00e1kladn\u00ed role<\/span><\/div><div class=\"banniere-bg\" style=\"background-image: url(https:\/\/www.tecnoma.com\/cs\/wp-content\/uploads\/sites\/7\/2020\/07\/PIECE-DETACHEES_Bandeau-Raccords-vide-1.jpg)\"><div class=\"filtre\" style=\"opacity:0%; background-color: #fff\"><\/div><\/div><\/div><\/div><\/div><div id=\"panel-221-6-0-1\" class=\"so-panel widget widget_sow-editor panel-last-child\" data-index=\"12\" ><div\n\t\t\t\n\t\t\tclass=\"so-widget-sow-editor so-widget-sow-editor-base\"\n\t\t\t\n\t\t>\n<div class=\"siteorigin-widget-tinymce textwidget\">\n\t<p><strong>Oto\u010dn\u00e9 \u0161rouben\u00ed, nezbytn\u00e9 d\u00edly\u2026<\/strong><\/p>\n<p>\u0160rouben\u00ed ramen a spoje p\u0159iv\u00e1d\u011bc\u00edho potrub\u00ed maj\u00ed velmi d\u016fle\u017eitou roli. Oto\u010dn\u00e9 \u0161rouben\u00ed umo\u017e\u0148uje omezit poklesy tlaku a zlep\u0161uje distribuci kapaliny. Tak\u00e9 zlep\u0161uje spolehlivost hadic u zlom\u016f ramen b\u011bhem hydraulick\u00e9ho skl\u00e1d\u00e1n\u00ed \/ rozkl\u00e1d\u00e1n\u00ed. <\/p>\n<\/div>\n<\/div><\/div><\/div><\/div><div id=\"pg-221-7\"  class=\"panel-grid panel-no-style\" ><div id=\"pgc-221-7-0\"  class=\"panel-grid-cell\" ><div id=\"panel-221-7-0-0\" class=\"so-panel widget widget_sow-editor panel-first-child panel-last-child\" data-index=\"13\" ><div\n\t\t\t\n\t\t\tclass=\"so-widget-sow-editor so-widget-sow-editor-base\"\n\t\t\t\n\t\t>\n<div class=\"siteorigin-widget-tinymce textwidget\">\n\t<p style=\"text-align: left;\"><span style=\"color: #004f9f;\">K nalezen\u00ed v\u0161ech na\u0161ich referenc\u00ed a mnoho dal\u0161\u00edho pros\u00edm nav\u0161tivte online Tecnoma Simplified <a href=\"https:\/\/www.tecnoma.com\/wp-content\/uploads\/2020\/02\/Catalogue-Pieces.pdf\" target=\"_blank\" rel=\"noopener\">Parts Catalog<\/a> nebo nav\u0161tivte n\u00e1\u0161 <a href=\"http:\/\/shop.tecnoma.com\" target=\"_blank\" rel=\"noopener\">Extranet webovou str\u00e1nku<\/a>.<\/span><\/p>\n<\/div>\n<\/div><\/div><\/div><\/div><\/div>","protected":false},"excerpt":{"rendered":"<p>Koup\u011b Tecnomy znamen\u00e1 benefitovat z know-how a designu n\u00e1hradn\u00edch d\u00edl\u016f. Je to tak\u00e9 z\u00e1ruka kvality, trvanlivosti a robustnosti. Na\u0161e v\u00fdrobky [&hellip;]<\/p>\n","protected":false},"author":1,"featured_media":0,"parent":0,"menu_order":0,"comment_status":"closed","ping_status":"closed","template":"","meta":{"footnotes":""},"_links":{"self":[{"href":"https:\/\/www.tecnoma.com\/cs\/wp-json\/wp\/v2\/pages\/221"}],"collection":[{"href":"https:\/\/www.tecnoma.com\/cs\/wp-json\/wp\/v2\/pages"}],"about":[{"href":"https:\/\/www.tecnoma.com\/cs\/wp-json\/wp\/v2\/types\/page"}],"author":[{"embeddable":true,"href":"https:\/\/www.tecnoma.com\/cs\/wp-json\/wp\/v2\/users\/1"}],"replies":[{"embeddable":true,"href":"https:\/\/www.tecnoma.com\/cs\/wp-json\/wp\/v2\/comments?post=221"}],"version-history":[{"count":0,"href":"https:\/\/www.tecnoma.com\/cs\/wp-json\/wp\/v2\/pages\/221\/revisions"}],"wp:attachment":[{"href":"https:\/\/www.tecnoma.com\/cs\/wp-json\/wp\/v2\/media?parent=221"}],"curies":[{"name":"wp","href":"https:\/\/api.w.org\/{rel}","templated":true}]}}