{"id":184,"date":"2018-11-23T10:10:39","date_gmt":"2018-11-23T09:10:39","guid":{"rendered":"http:\/\/localhost\/tecnoma\/?page_id=184"},"modified":"2018-11-23T10:10:39","modified_gmt":"2018-11-23T09:10:39","slug":"tracteurs-electriques","status":"publish","type":"page","link":"https:\/\/www.tecnoma.com\/cs\/straddle-tractors-for-narrow-vineyards\/tracteurs-electriques\/","title":{"rendered":"ELEKTRICK\u00ddCH TRAKTOR\u016e"},"content":{"rendered":"<div id=\"pl-184\"  class=\"panel-layout\" ><div id=\"pg-184-0\"  class=\"panel-grid panel-no-style\" ><div id=\"pgc-184-0-0\"  class=\"panel-grid-cell\" ><div id=\"panel-184-0-0-0\" class=\"so-panel widget widget_sow-editor panel-first-child panel-last-child\" data-index=\"0\" ><div\n\t\t\t\n\t\t\tclass=\"so-widget-sow-editor so-widget-sow-editor-base\"\n\t\t\t\n\t\t>\n<div class=\"siteorigin-widget-tinymce textwidget\">\n\t<p style=\"text-align: justify;\"><span style=\"color: #004f9f;\">M\u00e1te dost zne\u010di\u0161t\u011bn\u00ed, hlu\u010dn\u00fdch traktor\u016f a zvy\u0161uj\u00edc\u00ed se n\u00e1klady na \u00fadr\u017ebu? VOLTIS od TECNOMA,  jeden a jedin\u00fd elektrick\u00fd port\u00e1lov\u00fd traktor \u0159ady TECNOMA, je \u0159e\u0161en\u00edm. Je to pravd\u011bpodobn\u011b nejv\u00edce ohledupln\u00fd port\u00e1lov\u00fd traktor k \u017eivotn\u00edmu prost\u0159ed\u00ed, ale tak\u00e9 nejekonomi\u010dt\u011bj\u0161\u00ed na trhu. Nejen\u017ee sn\u00ed\u017e\u00edte va\u0161e emise, ale u\u0161et\u0159\u00edte na provozn\u00edch n\u00e1kladech. VOLTIS, v\u00e1\u0161 nejti\u0161\u0161\u00ed a nejspolehliv\u011bj\u0161\u00ed pracovn\u00ed spole\u010dn\u00edk !<\/span><\/p>\n<\/div>\n<\/div><\/div><\/div><\/div><div id=\"pg-184-1\"  class=\"panel-grid panel-no-style\" ><div id=\"pgc-184-1-0\"  class=\"panel-grid-cell panel-grid-cell-mobile-last\" ><div id=\"panel-184-1-0-0\" class=\"so-panel widget widget_sow-image panel-first-child\" data-index=\"1\" ><div\n\t\t\t\n\t\t\tclass=\"so-widget-sow-image so-widget-sow-image-default-8b5b6f678277-184\"\n\t\t\t\n\t\t>\n\n<div class=\"sow-image-container\">\n\t\t\t<a href=\"https:\/\/www.tecnoma.com\/cs\/straddle-tractors-for-narrow-vineyards\/tracteurs-electriques\/voltis\/\"\n\t\t\t\t\t>\n\t\t\t<img loading=\"lazy\" decoding=\"async\" src=\"https:\/\/www.tecnoma.com\/cs\/wp-content\/uploads\/sites\/7\/2019\/04\/Posters_VOLTIS_Cote.png\" width=\"1181\" height=\"1203\" srcset=\"https:\/\/www.tecnoma.com\/cs\/wp-content\/uploads\/sites\/7\/2019\/04\/Posters_VOLTIS_Cote.png 1181w, https:\/\/www.tecnoma.com\/cs\/wp-content\/uploads\/sites\/7\/2019\/04\/Posters_VOLTIS_Cote-295x300.png 295w, https:\/\/www.tecnoma.com\/cs\/wp-content\/uploads\/sites\/7\/2019\/04\/Posters_VOLTIS_Cote-1005x1024.png 1005w, https:\/\/www.tecnoma.com\/cs\/wp-content\/uploads\/sites\/7\/2019\/04\/Posters_VOLTIS_Cote-768x782.png 768w, https:\/\/www.tecnoma.com\/cs\/wp-content\/uploads\/sites\/7\/2019\/04\/Posters_VOLTIS_Cote-1140x1161.png 1140w, https:\/\/www.tecnoma.com\/cs\/wp-content\/uploads\/sites\/7\/2019\/04\/Posters_VOLTIS_Cote-555x565.png 555w\" sizes=\"(max-width: 1181px) 100vw, 1181px\" title=\"TECNOMA_VOLTIS_LeftSide\" alt=\"\" \t\tclass=\"so-widget-image\"\/>\n\t<\/a><\/div>\n\n<\/div><\/div><div id=\"panel-184-1-0-1\" class=\"so-panel widget widget_smartheme_titre_widget\" data-index=\"2\" ><div\n\t\t\t\n\t\t\tclass=\"so-widget-smartheme_titre_widget so-widget-smartheme_titre_widget-default-d75171398898-184\"\n\t\t\t\n\t\t><div class=\"containerTitre_soustitre left\"><div class=\"containerTitre left\"><h2 style=\"margin:0;text-align:left; color:#004f9f;\" class=\"widget_titre\">VOLTIS<\/h2><a class=\"titre-btn-savoirplus\" href=\"https:\/\/www.tecnoma.com\/cs\/straddle-tractors-for-narrow-vineyards\/tracteurs-electriques\/voltis\/\"><div>learn more <div class=\"chevron\"><\/div><\/div><\/a><\/div><\/div><\/div><\/div><div id=\"panel-184-1-0-2\" class=\"so-panel widget widget_sow-editor panel-last-child\" data-index=\"3\" ><div\n\t\t\t\n\t\t\tclass=\"so-widget-sow-editor so-widget-sow-editor-base\"\n\t\t\t\n\t\t>\n<div class=\"siteorigin-widget-tinymce textwidget\">\n\t<p style=\"text-align: justify;\">Nov\u00e1 \u00e9ra port\u00e1lov\u00fdch traktor\u016f dorazila s VOLTIS. Je to energetick\u00e1 alternativa k vyu\u017e\u00edv\u00e1n\u00ed fosiln\u00edch paliv. Jednodu\u0161e spot\u0159ebov\u00e1v\u00e1te m\u00e9n\u011b a z\u00e1rove\u0148 respektujete planetu. VOLTIS, udr\u017eiteln\u00e1 investice pro lep\u0161\u00ed budoucnost !<\/p>\n<\/div>\n<\/div><\/div><\/div><div id=\"pgc-184-1-1\"  class=\"panel-grid-cell panel-grid-cell-empty\" ><\/div><\/div><div id=\"pg-184-2\"  class=\"panel-grid panel-no-style\" ><div id=\"pgc-184-2-0\"  class=\"panel-grid-cell\" ><div id=\"panel-184-2-0-0\" class=\"so-panel widget widget_smartheme_transition_widget panel-first-child\" data-index=\"4\" ><div\n\t\t\t\n\t\t\tclass=\"so-widget-smartheme_transition_widget so-widget-smartheme_transition_widget-default-d75171398898-184\"\n\t\t\t\n\t\t>\n<div class=\"containerTransition\" style=\"margin-top: 0px; margin-bottom: 0px;\">\n\t<div class=\"transition\"><\/div>\n<\/div><\/div><\/div><div id=\"panel-184-2-0-1\" class=\"so-panel widget widget_smarttheme_feedwall_widget panel-last-child\" data-index=\"5\" ><div\n\t\t\t\n\t\t\tclass=\"so-widget-smarttheme_feedwall_widget so-widget-smarttheme_feedwall_widget-default-d75171398898-184\"\n\t\t\t\n\t\t><section id=\"feedwall\">\n\t<div id=\"actu\">\n\t\t<div class=\"enteteActu\">\n\t\t<div class=\"titre\"><h3>Digi novinky<\/h3><\/div>\n\t\t\t<\/div>\n\t\t\t\t<div class=\"containerMessageFeedVide\">\n\t\t\t\t<p class=\"messageFeedVide\">\n\t\t\t\t\t V\u0161echny na\u0161e novinky najdete na <a href=\"https:\/\/www.facebook.com\/groupe.tecnoma\/\">Facebook<\/a>\n\t\t\t\t<\/p>\n\t\t\t<\/div>\n\t\t\t<div class=\"scrollbar\"><div class=\"bloc-barre\"><div class=\"barre\"><\/div><\/div><\/div>\n\t<\/div>\n<\/section><\/div><\/div><\/div><\/div><\/div>","protected":false},"excerpt":{"rendered":"<p>M\u00e1te dost zne\u010di\u0161t\u011bn\u00ed, hlu\u010dn\u00fdch traktor\u016f a zvy\u0161uj\u00edc\u00ed se n\u00e1klady na \u00fadr\u017ebu? VOLTIS od TECNOMA, jeden a jedin\u00fd elektrick\u00fd port\u00e1lov\u00fd traktor [&hellip;]<\/p>\n","protected":false},"author":1,"featured_media":0,"parent":177,"menu_order":0,"comment_status":"closed","ping_status":"closed","template":"","meta":{"footnotes":""},"_links":{"self":[{"href":"https:\/\/www.tecnoma.com\/cs\/wp-json\/wp\/v2\/pages\/184"}],"collection":[{"href":"https:\/\/www.tecnoma.com\/cs\/wp-json\/wp\/v2\/pages"}],"about":[{"href":"https:\/\/www.tecnoma.com\/cs\/wp-json\/wp\/v2\/types\/page"}],"author":[{"embeddable":true,"href":"https:\/\/www.tecnoma.com\/cs\/wp-json\/wp\/v2\/users\/1"}],"replies":[{"embeddable":true,"href":"https:\/\/www.tecnoma.com\/cs\/wp-json\/wp\/v2\/comments?post=184"}],"version-history":[{"count":0,"href":"https:\/\/www.tecnoma.com\/cs\/wp-json\/wp\/v2\/pages\/184\/revisions"}],"up":[{"embeddable":true,"href":"https:\/\/www.tecnoma.com\/cs\/wp-json\/wp\/v2\/pages\/177"}],"wp:attachment":[{"href":"https:\/\/www.tecnoma.com\/cs\/wp-json\/wp\/v2\/media?parent=184"}],"curies":[{"name":"wp","href":"https:\/\/api.w.org\/{rel}","templated":true}]}}