{"id":15,"date":"2018-10-25T11:36:53","date_gmt":"2018-10-25T09:36:53","guid":{"rendered":"http:\/\/localhost\/tecnoma\/?page_id=10"},"modified":"2020-11-13T13:08:37","modified_gmt":"2020-11-13T12:08:37","slug":"home","status":"publish","type":"page","link":"https:\/\/www.tecnoma.com\/cs\/","title":{"rendered":"\u00daVODN\u00cd"},"content":{"rendered":"<div id=\"pl-15\"  class=\"panel-layout\" ><div id=\"pg-15-0\"  class=\"panel-grid panel-has-style\" ><div class=\"siteorigin-panels-stretch panel-row-style panel-row-style-for-15-0\" data-stretch-type=\"full-stretched\" ><div id=\"pgc-15-0-0\"  class=\"panel-grid-cell\" ><div id=\"panel-15-0-0-0\" class=\"so-panel widget widget_smartslider panel-first-child panel-last-child\" data-index=\"0\" ><div\n\t\t\t\n\t\t\tclass=\"so-widget-smartslider so-widget-smartslider-default-40cd750bba98-15\"\n\t\t\t\n\t\t>\t<!-- array(4) {\n  [0]=>\n  array(6) {\n    [\"image\"]=>\n    int(306)\n    [\"image_fallback\"]=>\n    string(0) \"\"\n    [\"alignement\"]=>\n    string(4) \"left\"\n    [\"url\"]=>\n    string(132) \"http:\/\/88.122.199.157:19760\/www\/preprod\/www.tecnoma.com\/20200706\/cs\/produits\/pulverisateur-agricoles\/pulverisateur-automoteur\/laser\/\"\n    [\"description\"]=>\n    string(114) \"<h2 style=\"text-align: center;\">LASER<\/h2>\n<p style=\"text-align: center;\">ikonick\u00fd samochodn\u00fd post\u0159ikova\u010d<\/p>\n\"\n    [\"description_selected_editor\"]=>\n    string(4) \"tmce\"\n  }\n  [1]=>\n  array(6) {\n    [\"image\"]=>\n    int(304)\n    [\"image_fallback\"]=>\n    string(0) \"\"\n    [\"alignement\"]=>\n    string(4) \"left\"\n    [\"url\"]=>\n    string(130) \"http:\/\/88.122.199.157:19760\/www\/preprod\/www.tecnoma.com\/20200706\/cs\/produits\/pulverisateur-agricoles\/pulverisateur-traine\/tecnis2\/\"\n    [\"description\"]=>\n    string(144) \"<h2 style=\"text-align: center;\">TECNIS II<\/h2>\n<p style=\"text-align: center;\">\u00a0ide\u00e1ln\u00ed ta\u017een\u00fd post\u0159ikova\u010d pro st\u0159edn\u011b velk\u00e9 farmy<\/p>\n\"\n    [\"description_selected_editor\"]=>\n    string(4) \"tmce\"\n  }\n  [2]=>\n  array(6) {\n    [\"image\"]=>\n    int(809)\n    [\"image_fallback\"]=>\n    string(0) \"\"\n    [\"alignement\"]=>\n    string(4) \"left\"\n    [\"url\"]=>\n    string(127) \"http:\/\/88.122.199.157:19760\/www\/preprod\/www.tecnoma.com\/20200706\/cs\/produits\/pulverisateur-agricoles\/pulverisateur-porte\/maxis\/\"\n    [\"description\"]=>\n    string(121) \"<h2 style=\"text-align: center;\">MAXIS<\/h2>\n<p style=\"text-align: center;\">nesen\u00fd post\u0159ikova\u010d, kter\u00fd m\u00e1 v\u0161echno<\/p>\n\"\n    [\"description_selected_editor\"]=>\n    string(4) \"tmce\"\n  }\n  [3]=>\n  array(6) {\n    [\"image\"]=>\n    int(990)\n    [\"image_fallback\"]=>\n    string(0) \"\"\n    [\"alignement\"]=>\n    string(4) \"left\"\n    [\"url\"]=>\n    string(121) \"http:\/\/88.122.199.157:19760\/www\/preprod\/www.tecnoma.com\/20200706\/cs\/produits\/tracteurs-enjambeurs\/tracteurs-3-rangs\/s120\/\"\n    [\"description\"]=>\n    string(120) \"<h2 style=\"text-align: center;\">S120 EVO<\/h2>\n<p style=\"text-align: center;\">ultim\u00e1tn\u00ed lehk\u00fd port\u00e1lov\u00fd traktor<\/p>\n\"\n    [\"description_selected_editor\"]=>\n    string(4) \"tmce\"\n  }\n}\n -->\n\t<div class=\"smartslider \" >\n\t\t<div class=\"titre\"><\/div>\t\t\t\t<div class=\"container containerControler\">\n\t\t\t<a class=\"carousel-control-prev hidden-md\" href=\"#smartslider\" data-slide=\"prev\">\n\t\t    \t<span class=\"carousel-control-prev-icon\"><\/span>\n\t\t  \t<\/a>\n\n\t\t  \t<div class=\"contenairTextSlide\">\n\t\t  \t\t<div class=\"textSlide\">\n\t\t  \t\t<\/div>\n\t\t  \t<\/div>\n\t\t\t<a class=\"carousel-control-next hidden-md\" href=\"#smartslider\" data-slide=\"next\">\n\t\t\t\t<span class=\"carousel-control-next-icon\"><\/span>\n\t\t\t<\/a>\n\t\t\t<div class=\"containerIndicators\">\n\t\t\t\t<ol class=\"carousel-indicators\">\n\t\t\t\t\t<li data-target=\"#smartslider\" data-slide-to=\"0\" class=\"active\"><div class=\"imageIndicator\" style = \"background-image : url(https:\/\/www.tecnoma.com\/cs\/wp-content\/uploads\/sites\/7\/2018\/12\/laser-bras-deplies-300x168.jpg);\"><\/div><\/li><li data-target=\"#smartslider\" data-slide-to=\"1\"><div class=\"imageIndicator\" style = \"background-image : url(https:\/\/www.tecnoma.com\/cs\/wp-content\/uploads\/sites\/7\/2018\/12\/tecnoma_tecnis_4500-1-300x200.jpg);\"><\/div><\/li><li data-target=\"#smartslider\" data-slide-to=\"2\"><div class=\"imageIndicator\" style = \"background-image : url(https:\/\/www.tecnoma.com\/cs\/wp-content\/uploads\/sites\/7\/2019\/02\/TECNOMA_Accueil-MAXIS-scaled-1-1-300x200.jpg);\"><\/div><\/li><li data-target=\"#smartslider\" data-slide-to=\"3\"><div class=\"imageIndicator\" style = \"background-image : url(https:\/\/www.tecnoma.com\/cs\/wp-content\/uploads\/sites\/7\/2019\/04\/TECNOMA_Accueil-S120-EVO-scaled-1-1-300x143.jpg);\"><\/div><\/li>\t\t\t  \t<\/ol>\n\t\t\t<\/div>\n\t\t<\/div>\n\t\t<div id=\"smartslider\" class=\"carousel slide\" data-ride=\"carousel\">\n\t\t\t<div class=\"carousel-inner\">\n\t\t\t\t<div class=\"chargementSlider\"><div class=\"containerLoader\"><div class=\"loader\"><\/div><\/div><\/div><div class=\"carousel-item active\" ><div class=\"image left\" style=\"background-image : url(https:\/\/www.tecnoma.com\/cs\/wp-content\/uploads\/sites\/7\/2018\/12\/laser-bras-deplies.jpg);\" data-position=\"0\"><\/div><div class=\"containerDescription\"><a href=\"http:\/\/88.122.199.157:19760\/www\/preprod\/www.tecnoma.com\/20200706\/cs\/produits\/pulverisateur-agricoles\/pulverisateur-automoteur\/laser\/\"><div class=\"description\"><div class=\"content\"><h2 style=\"text-align: center;\">LASER<\/h2>\n<p style=\"text-align: center;\">ikonick\u00fd samochodn\u00fd post\u0159ikova\u010d<\/p>\n<\/div><\/div><\/a><\/div><\/div><div  class=\"carousel-item\" ><div class=\"image left\" style=\"background-image : url(https:\/\/www.tecnoma.com\/cs\/wp-content\/uploads\/sites\/7\/2018\/12\/tecnoma_tecnis_4500-1.jpg);\" data-position=\"1\"><\/div><div class=\"containerDescription\"><a href=\"http:\/\/88.122.199.157:19760\/www\/preprod\/www.tecnoma.com\/20200706\/cs\/produits\/pulverisateur-agricoles\/pulverisateur-traine\/tecnis2\/\"><div class=\"description\"><div class=\"content\"><h2 style=\"text-align: center;\">TECNIS II<\/h2>\n<p style=\"text-align: center;\">\u00a0ide\u00e1ln\u00ed ta\u017een\u00fd post\u0159ikova\u010d pro st\u0159edn\u011b velk\u00e9 farmy<\/p>\n<\/div><\/div><\/a><\/div><\/div><div  class=\"carousel-item\" ><div class=\"image left\" style=\"background-image : url(https:\/\/www.tecnoma.com\/cs\/wp-content\/uploads\/sites\/7\/2019\/02\/TECNOMA_Accueil-MAXIS-scaled-1-1.jpg);\" data-position=\"2\"><\/div><div class=\"containerDescription\"><a href=\"http:\/\/88.122.199.157:19760\/www\/preprod\/www.tecnoma.com\/20200706\/cs\/produits\/pulverisateur-agricoles\/pulverisateur-porte\/maxis\/\"><div class=\"description\"><div class=\"content\"><h2 style=\"text-align: center;\">MAXIS<\/h2>\n<p style=\"text-align: center;\">nesen\u00fd post\u0159ikova\u010d, kter\u00fd m\u00e1 v\u0161echno<\/p>\n<\/div><\/div><\/a><\/div><\/div><div  class=\"carousel-item\" ><div class=\"image left\" style=\"background-image : url(https:\/\/www.tecnoma.com\/cs\/wp-content\/uploads\/sites\/7\/2019\/04\/TECNOMA_Accueil-S120-EVO-scaled-1-1.jpg);\" data-position=\"3\"><\/div><div class=\"containerDescription\"><a href=\"http:\/\/88.122.199.157:19760\/www\/preprod\/www.tecnoma.com\/20200706\/cs\/produits\/tracteurs-enjambeurs\/tracteurs-3-rangs\/s120\/\"><div class=\"description\"><div class=\"content\"><h2 style=\"text-align: center;\">S120 EVO<\/h2>\n<p style=\"text-align: center;\">ultim\u00e1tn\u00ed lehk\u00fd port\u00e1lov\u00fd traktor<\/p>\n<\/div><\/div><\/a><\/div><\/div>\t\t\t<\/div>\n\t\t<\/div>\n\t<\/div>\n\n\n\n\t<\/div><\/div><\/div><\/div><\/div><div id=\"pg-15-1\"  class=\"panel-grid panel-no-style\" ><div id=\"pgc-15-1-0\"  class=\"panel-grid-cell\" ><div id=\"panel-15-1-0-0\" class=\"so-panel widget widget_sow-editor panel-first-child panel-last-child\" data-index=\"1\" ><div\n\t\t\t\n\t\t\tclass=\"so-widget-sow-editor so-widget-sow-editor-base\"\n\t\t\t\n\t\t>\n<div class=\"siteorigin-widget-tinymce textwidget\">\n\t<h2 style=\"text-align: justify;\">TECNOMA<\/h2>\n<h3 style=\"text-align: justify;\">Ultim\u00e1tn\u00ed p\u0159esnost post\u0159iku<\/h3>\n<p style=\"text-align: justify;\">Specialista na ochranu v\u0161ech porost\u016f, TECNOMA v\u00e1m nab\u00edz\u00ed kompletn\u00ed \u0159adu post\u0159ikova\u010d\u016f a port\u00e1lov\u00fdch traktor\u016f.<\/p>\n<p style=\"text-align: justify;\"Proto\u017ee je zem\u011bd\u011blstv\u00ed kompletxn\u00ed \u010dinnost, kter\u00e9 vy\u017eaduje st\u00e1l\u00e9 a \u00fapln\u00e9 nasazen\u00ed, je pro n\u00e1s ct\u00ed navrhnout \u0159e\u0161en\u00ed, kter\u00e1 d\u011blaj\u00ed \u017eivot jednodu\u0161\u0161\u00ed a z\u00e1rove\u0148 zlep\u0161uj\u00ed va\u0161i produktivitu a rentabilitu.<\/p>\n<p>&nbsp;<\/p>\n<h4 style=\"text-align: justify;\">\"Kdy\u017e si vyb\u00edr\u00e1te TECNOMU, nekupujete jen kus n\u00e1\u0159ad\u00ed, ale mysl\u00edte na dlouhodobou budoucnost va\u0161\u00ed farmy\u2026\"<\/h4>\n<p>&nbsp;\n<\/p>\n<p style=\"text-align: justify;\">Nic nen\u00ed ponech\u00e1no n\u00e1hod\u011b v \u0159e\u0161en\u00ed na\u0161ich  stroj\u016f. Jsme specialist\u00e9 v odl\u00e9v\u00e1n\u00ed plastu a vst\u0159ikov\u00e9m lisov\u00e1n\u00ed. V\u0161echny na\u0161e n\u00e1dr\u017ee, m\u00edchac\u00ed jednotky, trysky, \u0161rouben\u00ed a mnoho dal\u0161\u00edch komponent\u016f jsou vyrobeny v na\u0161\u00ed tov\u00e1rn\u011b v Epernay.<\/p>\n<\/div>\n<\/div><\/div><\/div><div id=\"pgc-15-1-1\"  class=\"panel-grid-cell\" ><div id=\"panel-15-1-1-0\" class=\"so-panel widget widget_smart-image panel-first-child panel-last-child\" data-index=\"2\" ><div\n\t\t\t\n\t\t\tclass=\"so-widget-smart-image so-widget-smart-image-default-40cd750bba98-15\"\n\t\t\t\n\t\t><div class=\"sow-image-container\">\n\t<div class=\"containerSmartImage center-center zoom\"><div class=\"chargementSmartImage\"><div class=\"containerLoader\"><div class=\"loader\"><\/div><\/div><\/div><img decoding=\"async\" src=\"https:\/\/www.tecnoma.com\/cs\/wp-content\/uploads\/sites\/7\/2019\/01\/TECNOMA_OperateurRotomoulage.jpg\" title=\"TECNOMA_Rotational molding operator\" alt=\"TECNOMA_Rotational molding operator\" class=\"smartImage\"><\/div>\t<\/div>\n<\/div><\/div><\/div><\/div><div id=\"pg-15-2\"  class=\"panel-grid panel-has-style\" ><div class=\"siteorigin-panels-stretch panel-row-style panel-row-style-for-15-2\" data-stretch-type=\"full\" ><div id=\"pgc-15-2-0\"  class=\"panel-grid-cell\" ><div id=\"panel-15-2-0-0\" class=\"so-panel widget widget_smartheme_transition_widget panel-first-child\" data-index=\"3\" ><div\n\t\t\t\n\t\t\tclass=\"so-widget-smartheme_transition_widget so-widget-smartheme_transition_widget-default-d75171398898-15\"\n\t\t\t\n\t\t>\n<div class=\"containerTransition\" style=\"margin-top: 0px; margin-bottom: 0px;\">\n\t<div class=\"transition\"><\/div>\n<\/div><\/div><\/div><div id=\"panel-15-2-0-1\" class=\"so-panel widget widget_smarttheme_feedwall_widget panel-last-child\" data-index=\"4\" ><div\n\t\t\t\n\t\t\tclass=\"so-widget-smarttheme_feedwall_widget so-widget-smarttheme_feedwall_widget-default-d75171398898-15\"\n\t\t\t\n\t\t><section id=\"feedwall\">\n\t<div id=\"actu\">\n\t\t<div class=\"enteteActu\">\n\t\t<div class=\"titre\"><h3>Digi novinky<\/h3><\/div>\n\t\t\t<\/div>\n\t\t\t\t<div class=\"containerMessageFeedVide\">\n\t\t\t\t<p class=\"messageFeedVide\">\n\t\t\t\t\t V\u0161echny na\u0161e novinky najdete na <a href=\"https:\/\/www.facebook.com\/groupe.tecnoma\/\">Facebook<\/a>\n\t\t\t\t<\/p>\n\t\t\t<\/div>\n\t\t\t<div class=\"scrollbar\"><div class=\"bloc-barre\"><div class=\"barre\"><\/div><\/div><\/div>\n\t<\/div>\n<\/section><\/div><\/div><\/div><\/div><\/div><\/div>","protected":false},"excerpt":{"rendered":"<p>TECNOMA Ultim\u00e1tn\u00ed p\u0159esnost post\u0159iku Specialista na ochranu v\u0161ech porost\u016f, TECNOMA v\u00e1m nab\u00edz\u00ed kompletn\u00ed \u0159adu post\u0159ikova\u010d\u016f a port\u00e1lov\u00fdch traktor\u016f.<\/p>\n","protected":false},"author":1,"featured_media":0,"parent":0,"menu_order":0,"comment_status":"closed","ping_status":"closed","template":"page-templates\/page-accueil.php","meta":{"footnotes":""},"_links":{"self":[{"href":"https:\/\/www.tecnoma.com\/cs\/wp-json\/wp\/v2\/pages\/15"}],"collection":[{"href":"https:\/\/www.tecnoma.com\/cs\/wp-json\/wp\/v2\/pages"}],"about":[{"href":"https:\/\/www.tecnoma.com\/cs\/wp-json\/wp\/v2\/types\/page"}],"author":[{"embeddable":true,"href":"https:\/\/www.tecnoma.com\/cs\/wp-json\/wp\/v2\/users\/1"}],"replies":[{"embeddable":true,"href":"https:\/\/www.tecnoma.com\/cs\/wp-json\/wp\/v2\/comments?post=15"}],"version-history":[{"count":3,"href":"https:\/\/www.tecnoma.com\/cs\/wp-json\/wp\/v2\/pages\/15\/revisions"}],"predecessor-version":[{"id":1543,"href":"https:\/\/www.tecnoma.com\/cs\/wp-json\/wp\/v2\/pages\/15\/revisions\/1543"}],"wp:attachment":[{"href":"https:\/\/www.tecnoma.com\/cs\/wp-json\/wp\/v2\/media?parent=15"}],"curies":[{"name":"wp","href":"https:\/\/api.w.org\/{rel}","templated":true}]}}