{"id":1457,"date":"2018-11-13T17:52:14","date_gmt":"2018-11-13T16:52:14","guid":{"rendered":"http:\/\/localhost\/tecnoma\/?page_id=102"},"modified":"2018-11-13T17:52:14","modified_gmt":"2018-11-13T16:52:14","slug":"self-propelled-sprayers-2","status":"publish","type":"page","link":"https:\/\/www.tecnoma.com\/cs\/products\/sprayers-for-agriculture\/self-propelled-sprayers-2\/","title":{"rendered":"SAMOCHODN\u00c9 POST\u0158IKOVA\u010cE"},"content":{"rendered":"<div id=\"pl-1457\"  class=\"panel-layout\" ><div id=\"pg-1457-0\"  class=\"panel-grid panel-has-style\" ><div class=\"panel-row-style panel-row-style-for-1457-0\" ><div id=\"pgc-1457-0-0\"  class=\"panel-grid-cell\" ><div id=\"panel-1457-0-0-0\" class=\"so-panel widget widget_sow-editor panel-first-child panel-last-child\" data-index=\"0\" ><div class=\"panel-widget-style panel-widget-style-for-1457-0-0-0\" ><div\n\t\t\t\n\t\t\tclass=\"so-widget-sow-editor so-widget-sow-editor-base\"\n\t\t\t\n\t\t>\n<div class=\"siteorigin-widget-tinymce textwidget\">\n\t<p style=\"text-align: justify;\"><span style=\"color: #004f9f;\">Vlajkov\u00e1 lo\u010f Tecnomy, samochodn\u00fd post\u0159ikova\u010d LASER je speci\u00e1ln\u011b navr\u017een aby uspokojil v\u0161echny va\u0161e pot\u0159eby. Je dostupn\u00fd se t\u0159emi objemy n\u00e1dr\u017ee od 3200 do 5200 litr\u016f a m\u016f\u017ee b\u00fdt vybaven rameny od 24 do 44 metr\u016f.  S \u0161irokou nab\u00eddkou rozchod\u016f a sv\u011btl\u00fdch v\u00fd\u0161ek je volba jen na v\u00e1s. Proto\u017ee je ka\u017ed\u00fd z\u00e1kazn\u00edk unik\u00e1tn\u00ed, je c\u00edlem na\u0161eho p\u0159\u00edstupu p\u0159ibl\u00ed\u017eit se co nejv\u00edce va\u0161im po\u017eadavk\u016fm a o\u010dek\u00e1v\u00e1n\u00edm.<br \/>\n<\/span><\/p>\n<\/div>\n<\/div><\/div><\/div><\/div><\/div><\/div><div id=\"pg-1457-1\"  class=\"panel-grid panel-has-style\" ><div class=\"panel-row-style panel-row-style-for-1457-1\" ><div id=\"pgc-1457-1-0\"  class=\"panel-grid-cell\" ><div id=\"panel-1457-1-0-0\" class=\"so-panel widget widget_sow-image panel-first-child\" data-index=\"1\" ><div class=\"panel-widget-style panel-widget-style-for-1457-1-0-0\" ><div\n\t\t\t\n\t\t\tclass=\"so-widget-sow-image so-widget-sow-image-default-8b5b6f678277-1457\"\n\t\t\t\n\t\t>\n\n<div class=\"sow-image-container\">\n\t\t\t<a href=\"https:\/\/www.tecnoma.com\/cs\/products\/sprayers-for-agriculture\/self-propelled-sprayers-2\/laser\/\"\n\t\t\t\t\t>\n\t\t\t<img loading=\"lazy\" decoding=\"async\" src=\"https:\/\/www.tecnoma.com\/cs\/wp-content\/uploads\/sites\/7\/2018\/12\/tecnoma_Laser_2016-1.png\" width=\"1611\" height=\"1390\" srcset=\"https:\/\/www.tecnoma.com\/cs\/wp-content\/uploads\/sites\/7\/2018\/12\/tecnoma_Laser_2016-1.png 1611w, https:\/\/www.tecnoma.com\/cs\/wp-content\/uploads\/sites\/7\/2018\/12\/tecnoma_Laser_2016-1-300x259.png 300w, https:\/\/www.tecnoma.com\/cs\/wp-content\/uploads\/sites\/7\/2018\/12\/tecnoma_Laser_2016-1-1024x884.png 1024w, https:\/\/www.tecnoma.com\/cs\/wp-content\/uploads\/sites\/7\/2018\/12\/tecnoma_Laser_2016-1-768x663.png 768w, https:\/\/www.tecnoma.com\/cs\/wp-content\/uploads\/sites\/7\/2018\/12\/tecnoma_Laser_2016-1-1536x1325.png 1536w, https:\/\/www.tecnoma.com\/cs\/wp-content\/uploads\/sites\/7\/2018\/12\/tecnoma_Laser_2016-1-1140x984.png 1140w, https:\/\/www.tecnoma.com\/cs\/wp-content\/uploads\/sites\/7\/2018\/12\/tecnoma_Laser_2016-1-555x479.png 555w\" sizes=\"(max-width: 1611px) 100vw, 1611px\" title=\"TECNOMA_Laser_Profile\" alt=\"\" \t\tclass=\"so-widget-image\"\/>\n\t<\/a><\/div>\n\n<\/div><\/div><\/div><div id=\"panel-1457-1-0-1\" class=\"so-panel widget widget_smartheme_titre_widget\" data-index=\"2\" ><div\n\t\t\t\n\t\t\tclass=\"so-widget-smartheme_titre_widget so-widget-smartheme_titre_widget-default-d75171398898-1457\"\n\t\t\t\n\t\t><div class=\"containerTitre_soustitre left\"><div class=\"containerTitre left\"><h2 style=\"margin:0;text-align:left; color:#004f9f;\" class=\"widget_titre\">Laser<\/h2><a class=\"titre-btn-savoirplus\" href=\"https:\/\/www.tecnoma.com\/cs\/products\/sprayers-for-agriculture\/self-propelled-sprayers-2\/laser\/\"><div>learn more <div class=\"chevron\"><\/div><\/div><\/a><\/div><\/div><\/div><\/div><div id=\"panel-1457-1-0-2\" class=\"so-panel widget widget_sow-editor panel-last-child\" data-index=\"3\" ><div\n\t\t\t\n\t\t\tclass=\"so-widget-sow-editor so-widget-sow-editor-base\"\n\t\t\t\n\t\t>\n<div class=\"siteorigin-widget-tinymce textwidget\">\n\t<p style=\"text-align: justify;\">Nov\u00e1 generace samochodn\u00fdch post\u0159ikova\u010d\u016f LASER v\u00e1s nadchne. Jej\u00ed unik\u00e1tn\u00ed styl, pracovn\u00ed komfort a nejnov\u011bj\u0161\u00ed v\u00fdbava z n\u00ed d\u011bl\u00e1 nejefektivn\u011bj\u0161\u00ed samochodn\u00fd post\u0159ikova\u010d na trhu. U\u017eijte si pr\u00e1ci s Tecnomou.<\/p>\n<\/div>\n<\/div><\/div><\/div><div id=\"pgc-1457-1-1\"  class=\"panel-grid-cell\" ><div id=\"panel-1457-1-1-0\" class=\"so-panel widget widget_sow-image panel-first-child\" data-index=\"4\" ><div class=\"panel-widget-style panel-widget-style-for-1457-1-1-0\" ><div\n\t\t\t\n\t\t\tclass=\"so-widget-sow-image so-widget-sow-image-default-8b5b6f678277-1457\"\n\t\t\t\n\t\t>\n\n<div class=\"sow-image-container\">\n\t\t\t<a href=\"https:\/\/www.tecnoma.com\/cs\/products\/sprayers-for-agriculture\/self-propelled-sprayers-2\/laserxl\/\"\n\t\t\t\t\t>\n\t\t\t<img loading=\"lazy\" decoding=\"async\" src=\"https:\/\/www.tecnoma.com\/cs\/wp-content\/uploads\/sites\/7\/2018\/12\/tecnoma_Laser_2016-1.png\" width=\"1611\" height=\"1390\" srcset=\"https:\/\/www.tecnoma.com\/cs\/wp-content\/uploads\/sites\/7\/2018\/12\/tecnoma_Laser_2016-1.png 1611w, https:\/\/www.tecnoma.com\/cs\/wp-content\/uploads\/sites\/7\/2018\/12\/tecnoma_Laser_2016-1-300x259.png 300w, https:\/\/www.tecnoma.com\/cs\/wp-content\/uploads\/sites\/7\/2018\/12\/tecnoma_Laser_2016-1-1024x884.png 1024w, https:\/\/www.tecnoma.com\/cs\/wp-content\/uploads\/sites\/7\/2018\/12\/tecnoma_Laser_2016-1-768x663.png 768w, https:\/\/www.tecnoma.com\/cs\/wp-content\/uploads\/sites\/7\/2018\/12\/tecnoma_Laser_2016-1-1536x1325.png 1536w, https:\/\/www.tecnoma.com\/cs\/wp-content\/uploads\/sites\/7\/2018\/12\/tecnoma_Laser_2016-1-1140x984.png 1140w, https:\/\/www.tecnoma.com\/cs\/wp-content\/uploads\/sites\/7\/2018\/12\/tecnoma_Laser_2016-1-555x479.png 555w\" sizes=\"(max-width: 1611px) 100vw, 1611px\" title=\"TECNOMA_Laser_Profile\" alt=\"\" \t\tclass=\"so-widget-image\"\/>\n\t<\/a><\/div>\n\n<\/div><\/div><\/div><div id=\"panel-1457-1-1-1\" class=\"so-panel widget widget_smartheme_titre_widget\" data-index=\"5\" ><div\n\t\t\t\n\t\t\tclass=\"so-widget-smartheme_titre_widget so-widget-smartheme_titre_widget-default-d75171398898-1457\"\n\t\t\t\n\t\t><div class=\"containerTitre_soustitre left\"><div class=\"containerTitre left\"><h2 style=\"margin:0;text-align:left; color:#004f9f;\" class=\"widget_titre\">Laser XL<\/h2><a class=\"titre-btn-savoirplus\" href=\"https:\/\/www.tecnoma.com\/cs\/products\/sprayers-for-agriculture\/self-propelled-sprayers-2\/laserxl\/\"><div>learn more <div class=\"chevron\"><\/div><\/div><\/a><\/div><\/div><\/div><\/div><div id=\"panel-1457-1-1-2\" class=\"so-panel widget widget_sow-editor panel-last-child\" data-index=\"6\" ><div\n\t\t\t\n\t\t\tclass=\"so-widget-sow-editor so-widget-sow-editor-base\"\n\t\t\t\n\t\t>\n<div class=\"siteorigin-widget-tinymce textwidget\">\n\t<p style=\"text-align: justify;\">TECNOMA pokra\u010duje ve v\u00fdvoji sv\u00e9 \u0159ady samochodn\u00fdch post\u0159ikova\u010d\u016f pro export s LASER XL. Jeho nov\u00e1 forma byla speci\u00e1ln\u011b vyvinuta pro V\u00fdchodn\u00ed Evropu a st\u00e1ty SNS. P\u0159es sv\u016fj rozm\u011br se pohybuje lehce v jak\u00fdchkoliv pracovn\u00edch podm\u00ednk\u00e1ch. <\/p>\n<\/div>\n<\/div><\/div><\/div><\/div><\/div><div id=\"pg-1457-2\"  class=\"panel-grid panel-has-style\" ><div class=\"siteorigin-panels-stretch panel-row-style panel-row-style-for-1457-2\" data-stretch-type=\"full\" ><div id=\"pgc-1457-2-0\"  class=\"panel-grid-cell\" ><div id=\"panel-1457-2-0-0\" class=\"so-panel widget widget_smartheme_transition_widget panel-first-child\" data-index=\"7\" ><div\n\t\t\t\n\t\t\tclass=\"so-widget-smartheme_transition_widget so-widget-smartheme_transition_widget-default-d75171398898-1457\"\n\t\t\t\n\t\t>\n<div class=\"containerTransition\" style=\"margin-top: 0px; margin-bottom: 0px;\">\n\t<div class=\"transition\"><\/div>\n<\/div><\/div><\/div><div id=\"panel-1457-2-0-1\" class=\"so-panel widget widget_smarttheme_feedwall_widget panel-last-child\" data-index=\"8\" ><div\n\t\t\t\n\t\t\tclass=\"so-widget-smarttheme_feedwall_widget so-widget-smarttheme_feedwall_widget-default-d75171398898-1457\"\n\t\t\t\n\t\t><section id=\"feedwall\">\n\t<div id=\"actu\">\n\t\t<div class=\"enteteActu\">\n\t\t<div class=\"titre\"><h3>Digi novinky<\/h3><\/div>\n\t\t\t<\/div>\n\t\t\t\t<div class=\"containerMessageFeedVide\">\n\t\t\t\t<p class=\"messageFeedVide\">\n\t\t\t\t\t V\u0161echny na\u0161e novinky najdete na <a href=\"https:\/\/www.facebook.com\/groupe.tecnoma\/\">Facebook<\/a>\n\t\t\t\t<\/p>\n\t\t\t<\/div>\n\t\t\t<div class=\"scrollbar\"><div class=\"bloc-barre\"><div class=\"barre\"><\/div><\/div><\/div>\n\t<\/div>\n<\/section><\/div><\/div><\/div><\/div><\/div><\/div>","protected":false},"excerpt":{"rendered":"<p>Vlajkov\u00e1 lo\u010f Tecnomy, samochodn\u00fd post\u0159ikova\u010d LASER je speci\u00e1ln\u011b navr\u017een aby uspokojil v\u0161echny va\u0161e pot\u0159eby. Je dostupn\u00fd se t\u0159emi objemy n\u00e1dr\u017ee [&hellip;]<\/p>\n","protected":false},"author":1,"featured_media":0,"parent":163,"menu_order":0,"comment_status":"closed","ping_status":"closed","template":"","meta":{"footnotes":""},"_links":{"self":[{"href":"https:\/\/www.tecnoma.com\/cs\/wp-json\/wp\/v2\/pages\/1457"}],"collection":[{"href":"https:\/\/www.tecnoma.com\/cs\/wp-json\/wp\/v2\/pages"}],"about":[{"href":"https:\/\/www.tecnoma.com\/cs\/wp-json\/wp\/v2\/types\/page"}],"author":[{"embeddable":true,"href":"https:\/\/www.tecnoma.com\/cs\/wp-json\/wp\/v2\/users\/1"}],"replies":[{"embeddable":true,"href":"https:\/\/www.tecnoma.com\/cs\/wp-json\/wp\/v2\/comments?post=1457"}],"version-history":[{"count":1,"href":"https:\/\/www.tecnoma.com\/cs\/wp-json\/wp\/v2\/pages\/1457\/revisions"}],"predecessor-version":[{"id":1571,"href":"https:\/\/www.tecnoma.com\/cs\/wp-json\/wp\/v2\/pages\/1457\/revisions\/1571"}],"up":[{"embeddable":true,"href":"https:\/\/www.tecnoma.com\/cs\/wp-json\/wp\/v2\/pages\/163"}],"wp:attachment":[{"href":"https:\/\/www.tecnoma.com\/cs\/wp-json\/wp\/v2\/media?parent=1457"}],"curies":[{"name":"wp","href":"https:\/\/api.w.org\/{rel}","templated":true}]}}