{"id":14,"date":"2018-10-25T11:04:39","date_gmt":"2018-10-25T09:04:39","guid":{"rendered":"http:\/\/localhost\/tecnoma\/?page_id=3"},"modified":"2018-10-25T11:04:39","modified_gmt":"2018-10-25T09:04:39","slug":"privacy-policy","status":"publish","type":"page","link":"https:\/\/www.tecnoma.com\/cs\/privacy-policy\/","title":{"rendered":"OCHRANY OSOBN\u00cdCH \u00daDAJ\u016e"},"content":{"rendered":"<div id=\"pl-14\"  class=\"panel-layout\" ><div id=\"pg-14-0\"  class=\"panel-grid panel-no-style\" ><div id=\"pgc-14-0-0\"  class=\"panel-grid-cell\" ><div id=\"panel-14-0-0-0\" class=\"so-panel widget widget_smartheme_texte_widget panel-first-child panel-last-child\" data-index=\"0\" ><div\n\t\t\t\n\t\t\tclass=\"so-widget-smartheme_texte_widget so-widget-smartheme_texte_widget-default-d75171398898-14\"\n\t\t\t\n\t\t><div class=\"container_texte\">&lt;h3&gt;Pou\u017eit\u00ed shrom\u00e1\u017ed\u011bn\u00fdch osobn\u00edch \u00fadaj\u016f&lt;\/h3&gt;\n<\/div><\/div><\/div><\/div><\/div><div id=\"pg-14-1\"  class=\"panel-grid panel-no-style\" ><div id=\"pgc-14-1-0\"  class=\"panel-grid-cell\" ><div id=\"panel-14-1-0-0\" class=\"so-panel widget widget_sow-editor panel-first-child panel-last-child\" data-index=\"1\" ><div\n\t\t\t\n\t\t\tclass=\"so-widget-sow-editor so-widget-sow-editor-base\"\n\t\t\t\n\t\t>\n<div class=\"siteorigin-widget-tinymce textwidget\">\n\t<h4>Technick\u00e9 informace<\/h4>\n<p>P\u0159ipom\u00edn\u00e1me, \u017ee soukrom\u00ed korespondence nen\u00ed na Internetu garantov\u00e1no a je na ka\u017ed\u00e9m u\u017eivateli Internetu pou\u017e\u00edt pot\u0159ebn\u00e1 opat\u0159en\u00ed aby ochr\u00e1nili sv\u00e1 data a \/ nebo software od kontaminace od mo\u017en\u00fdch vir\u016f pohybuj\u00edc\u00edch se na Internetu.  <\/p>\n<p>&nbsp;<\/p>\n<h4>Redak\u010dn\u00ed tabulka<\/h4>\n<p>Str\u00e1nka:  \u00ab <a href=\"http:\/\/www.tecnoma.com\/\">http:\/\/www.tecnoma.com<\/a> \u00bb je str\u00e1nka prezentuj\u00edc\u00ed TECNOMA v\u00fdrobky. Informace poskytovan\u00e9 na t\u00e9to str\u00e1nce maj\u00ed pouze informativn\u00ed charakter.<\/p>\n<p>&nbsp;<\/p>\n<h4>Pozn\u00e1mky<\/h4>\n<p>Jestli\u017ee zanech\u00e1te vzkaz na na\u0161ich str\u00e1nk\u00e1ch, data vlo\u017een\u00e1 do pozn\u00e1mkov\u00e9ho formul\u00e1\u0159e, ale tak\u00e9 IP adresa a poskytovatel p\u0159ipojen\u00ed, jsou shroma\u017ed\u010fov\u00e1ny kv\u016fli detekov\u00e1n\u00ed necht\u011bn\u00fdch koment\u00e1\u0159\u016f. Anonymizovan\u00fd \u0159et\u011bzec vytvo\u0159en\u00fd z va\u0161\u00ed e-mailov\u00e9 adresy (zn\u00e1m\u00fd tak\u00e9 jako hash) m\u016f\u017ee b\u00fdt posl\u00e1n do slu\u017eby Gravatar aby se prov\u011b\u0159ilo jej\u00ed u\u017eit\u00ed. Podm\u00ednky ochrany soukrom\u00ed slu\u017eby Gravatar jsou k dispozici zde: https:\/\/automattic.com\/privacy\/. Po ov\u011b\u0159en\u00ed va\u0161\u00ed pozn\u00e1mky bude va\u0161e foto ve\u0159ejn\u011b viditeln\u00e9 vedle va\u0161\u00ed pozn\u00e1mky.<\/p>\n<p>&nbsp;<\/p>\n<h4>M\u00e9dia<\/h4>\n<p>Jestli\u017ee jste regitrovan\u00fd u\u017eivatel a nahr\u00e1v\u00e1te obr\u00e1zky na str\u00e1nky, doporu\u010dujeme abyste se vyhnuli nahr\u00e1v\u00e1n\u00ed obr\u00e1zk\u016f obsahuj\u00edc\u00ed EXIF data z GPS \u00fadaj\u016f. N\u00e1v\u0161t\u011bvn\u00edci va\u0161ich str\u00e1nek mohou st\u00e1hnout a extrahovat loka\u010dn\u00ed data z t\u011bchto obr\u00e1zk\u016f.<\/p>\n<\/div>\n<\/div><\/div><\/div><div id=\"pgc-14-1-1\"  class=\"panel-grid-cell\" ><div id=\"panel-14-1-1-0\" class=\"so-panel widget widget_sow-editor panel-first-child panel-last-child\" data-index=\"2\" ><div\n\t\t\t\n\t\t\tclass=\"so-widget-sow-editor so-widget-sow-editor-base\"\n\t\t\t\n\t\t>\n<div class=\"siteorigin-widget-tinymce textwidget\">\n\t<h4>Cookies<\/h4>\n<p>Jestli\u017ee um\u00edst\u00edte koment\u00e1\u0159 na na\u0161i str\u00e1nku, bude v\u00e1m nab\u00eddnuta registrace jm\u00e9na, e-mailov\u00e9 adresy a webov\u00e1 str\u00e1nka v cookies. Je to jen pro v\u00e1\u0161 komfort, tak abyste nemuseli znovu zad\u00e1vat tyto informace kdybyste v budoucnu umis\u0165ovali dal\u0161\u00ed koment\u00e1\u0159. Platnost t\u011bchto cookies vypr\u0161\u00ed po 1 roce. Jestli\u017ee m\u00e1te \u00fa\u010det a p\u0159ipojujete se na tuto str\u00e1nku, do\u010dasn\u00e9 cookie bude vytvo\u0159eno aby se rozhodlo jestli v\u00e1\u0161 prohl\u00ed\u017ee\u010d akceptuje cookies. Neobsahuje osobn\u00ed \u00fadaje a bude automaticky vymaz\u00e1no jakmile uzav\u0159ete v\u00e1\u0161 prohl\u00ed\u017ee\u010d. Kdy\u017e se p\u0159ihl\u00e1s\u00edte, nastav\u00edme ur\u010dit\u00e9 mno\u017estv\u00ed cookies abychom ulo\u017eili va\u0161e p\u0159ihla\u0161ovac\u00ed \u00fadaje a preference obrazovky. \u017divotnost p\u0159ihla\u0161ovac\u00edch cookies je 2 dny, pro preference obrazovky 1 rok. Kdy\u017e za\u0161krtnete \"Zapamatovat si m\u011b\", va\u0161e p\u0159ihla\u0161ovac\u00ed cookie bude aktivn\u00ed 2 t\u00fddny. Jestli\u017ee se odhl\u00e1s\u00edte z va\u0161eho \u00fa\u010dtu, p\u0159ihla\u0161ovac\u00ed cookie bude smaz\u00e1no. \u00dapravou nebo zve\u0159ejn\u011bn\u00edm publikace  bude dodate\u010dn\u00e9 cookie ulo\u017eeno ve va\u0161em prohl\u00ed\u017ee\u010di. Cookie nezahrnuje \u017e\u00e1dn\u00e1 osobn\u00ed data. Jen poukazuje k ID pozn\u00e1mky kterou jste editovali. Jeho platnost vypr\u0161\u00ed za 1 den.<\/p>\n<p>&nbsp;<\/p>\n<h4>Obsah vlo\u017een\u00fd z jin\u00fdch str\u00e1nek<\/h4>\n<p>\u010cl\u00e1nky na t\u011bchto st\u00e1nk\u00e1ch mohou obsahovat integrovan\u00fd obsah (nap\u0159. videa, obr\u00e1zky, \u010dl\u00e1nky, apod.). Obsah vlo\u017een\u00fd z jin\u00fdch str\u00e1nek se chov\u00e1 stejn\u011b jako kdyby jejich n\u00e1v\u0161t\u011bvn\u00edk \u0161el na tyto jin\u00e9 str\u00e1nky. Tyto str\u00e1nky mohou shroma\u017e\u010fovat data o v\u00e1s, pou\u017e\u00edvat cookies, vkl\u00e1dat sledovac\u00ed n\u00e1stroje t\u0159et\u00edch stran, sledovat va\u0161i interakci s t\u00edmto vlo\u017een\u00fdm obsahem, jestli\u017ee m\u00e1te \u00fa\u010det propojen\u00fd s jejich webovou str\u00e1nkou.<\/p>\n<\/div>\n<\/div><\/div><\/div><\/div><div id=\"pg-14-2\"  class=\"panel-grid panel-no-style\" ><div id=\"pgc-14-2-0\"  class=\"panel-grid-cell\" ><div id=\"panel-14-2-0-0\" class=\"so-panel widget widget_sow-editor panel-first-child panel-last-child\" data-index=\"3\" ><div\n\t\t\t\n\t\t\tclass=\"so-widget-sow-editor so-widget-sow-editor-base\"\n\t\t\t\n\t\t>\n<div class=\"siteorigin-widget-tinymce textwidget\">\n\t<h4>D\u00e9lka skladov\u00e1n\u00ed va\u0161ich dat<\/h4>\n<p>Jestli\u017ee zanech\u00e1te koment\u00e1\u0159, je koment\u00e1\u0159 a jeho metadata dr\u017eeny na neur\u010dito. Toto automaticky rozpozn\u00e1v\u00e1 a schvaluje n\u00e1sleduj\u00edc\u00ed koment\u00e1\u0159e nam\u00edsto aby je nech\u00e1valo ve front\u011b moderov\u00e1n\u00ed. Pro u\u017eivatele, kte\u0159\u00ed se registruj\u00ed na na\u0161ich str\u00e1nk\u00e1ch (jestli\u017ee to je mo\u017en\u00e9), tak\u00e9 ukl\u00e1d\u00e1me osobn\u00ed \u00fadaje zve\u0159ejn\u011bn\u00e9 v jejich profilu. V\u0161ichni u\u017eivatel\u00e9 mohou kdykoliv vid\u011bt, upravovat nebo vymazat jejich osobn\u00ed informace (mimo jejich u\u017eivatelsk\u00e9ho jm\u00e9na). Spr\u00e1vci str\u00e1nky tak\u00e9 mohou vid\u011bt a upravovat tyto informace.<\/p>\n<p>&nbsp;<\/p>\n<h4>Pr\u00e1va, kter\u00e1 m\u00e1te nad sv\u00fdmi daty<\/h4>\n<p>Jestli\u017ee m\u00e1te \u00fa\u010det nebo jeslti\u017ee jste zanechali koment\u00e1\u0159 na str\u00e1nk\u00e1ch, m\u016f\u017eete vy\u017eadovat p\u0159ijmut\u00ed souboru obsahuj\u00edc\u00ed v\u0161echna osobn\u00ed data, kter\u00e1 o v\u00e1s m\u00e1me, v\u010detn\u011b t\u011bch, kter\u00e1 jste n\u00e1m poskytli. M\u016f\u017eete tak\u00e9 po\u017e\u00e1dat o vymaz\u00e1n\u00ed osobn\u00edch dat, kter\u00e1 se v\u00e1s t\u00fdkaj\u00ed. Toto nezahrnuje data ulo\u017een\u00e1 z administrativn\u00edch, pr\u00e1vn\u00edch nebo bezpe\u010dnostn\u00edch d\u016fvod\u016f.   <\/p>\n<p>&nbsp;<\/p>\n<h4>P\u0159enos va\u0161ich osobn\u00edch \u00fadaj\u016f<\/h4>\n<p>N\u00e1v\u0161t\u011bvnick\u00e9 koment\u00e1\u0159e mohou b\u00fdt ov\u011b\u0159ov\u00e1ny automatick\u00fdm detektorem spamu. Informace, kter\u00e9 vlo\u017e\u00edte budou nahr\u00e1v\u00e1ny Tecnomou a budou analyzov\u00e1ny a p\u0159eposl\u00e1ny spr\u00e1vci s\u00edt\u011b pro jejich zpracov\u00e1n\u00ed. M\u00e1te pr\u00e1vo p\u0159\u00edstupu, \u00fapravy, zm\u011bny a vymaz\u00e1n\u00ed t\u011bchto dat shrom\u00e1\u017ed\u011bn\u00fdch na t\u00e9to str\u00e1nce, v\u0161e pod podm\u00ednkami podle z\u00e1kona \u010d. 78-17 z 6. ledna 1978 vztahuj\u00edc\u00ed se ke zpracov\u00e1n\u00ed dat, soubor\u016f a ke svobod\u00e1m.<\/p>\n<p>&nbsp;<\/p>\n<\/div>\n<\/div><\/div><\/div><div id=\"pgc-14-2-1\"  class=\"panel-grid-cell\" ><div id=\"panel-14-2-1-0\" class=\"so-panel widget widget_sow-editor panel-first-child panel-last-child\" data-index=\"4\" ><div\n\t\t\t\n\t\t\tclass=\"so-widget-sow-editor so-widget-sow-editor-base\"\n\t\t\t\n\t\t>\n<div class=\"siteorigin-widget-tinymce textwidget\">\n\t<h4>Hypertextov\u00e9 odkazy<\/h4>\n<p>V\u00fdroba hypertextov\u00fdch odkaz\u016f na str\u00e1nk\u00e1ch \"<a href=\"http:\/\/www.tecnoma.com\">http:\/\/www.tecnoma.com<\/a>\" podl\u00e9h\u00e1 p\u0159ede\u0161l\u00e9mu odsouhlasen\u00ed \u0158editele publikace. TECNOMA nem\u016f\u017ee b\u00fdt zodpov\u011bdn\u00e1 za hypertextov\u00e9 odkazy na jin\u00e9 str\u00e1nky z \"<a href=\"http:\/\/www.tecnoma.com\">http:\/\/www.tecnoma.com<\/a>\".<\/p>\n<p>&nbsp;<\/p>\n<h4>Autorsk\u00e1 pr\u00e1va<\/h4>\n<p>Nen\u00ed povoleno \u017e\u00e1dn\u00e9 komer\u010dn\u00ed vyu\u017e\u00edt\u00ed, ani \u010d\u00e1ste\u010dn\u00e9, dat zde prezentovan\u00fdch, bez  p\u0159edchoz\u00edho p\u00edsemn\u00e9ho souhlasu od TECNOMA. Reprodukce nebo znovuprezentov\u00e1n\u00ed, celku nebo jen \u010d\u00e1st\u00ed str\u00e1nek, dat nebo jin\u00fdch prvk\u016f, ze kter\u00fdch se str\u00e1nky skl\u00e1daj\u00ed, jak\u00fdmkoliv procesem nebo m\u00e9diem, je zak\u00e1z\u00e1no a p\u0159edstavuje bez p\u0159ede\u0161l\u00e9ho p\u00edsemn\u00e9ho souhlasu od TECNOMA pad\u011bl\u00e1n\u00ed. Jm\u00e9no TECNOMA, logo TECNOMA, jm\u00e9no a loga jejich produkt\u016f a slogany jsou majetkem TECNOMA. Jak\u00e1koliv reprodukce, pou\u017eit\u00ed a\/nebo modifikace proveden\u00e1 bez p\u0159edchoz\u00edho p\u00edsemn\u00e9ho souhlasu od TECNOMA m\u016f\u017ee p\u0159edstavovat pad\u011bl\u00e1n\u00ed. Nebude to v \u017e\u00e1dn\u00e9m p\u0159\u00edpad\u011b odpov\u011bdnost TECNOMA. N\u00e1kresy, fotografie, obr\u00e1zky, animovan\u00e9 sekvence se zvukem nebo bez zvuku a dokumentace prezentov\u00e1ny na t\u00e9to str\u00e1nce jsou majetkem TECNOMA a \/ nebo jsou jej\u00edm du\u0161evn\u00edm vlastnictv\u00edm. Jako takov\u00e9 je jak\u00e1koliv reprodukce, prezentace, \u00faprava, p\u0159eklad nebo transformace, \u010d\u00e1ste\u010dn\u00e1 nebo celkov\u00e1, nebo p\u0159enos na jin\u00e9 str\u00e1nky zak\u00e1z\u00e1no. Kop\u00edrov\u00e1n\u00ed t\u011bchto r\u016fzn\u00fdch pr\u00e1vn\u00edch subjekt\u016f pro soukrom\u00e9 \u00fa\u010dely je povoleno za podm\u00ednky, \u017ee je zve\u0159ejn\u011bn zdroj. Informace a prezentace obsa\u017een\u00e9 na t\u011bchto str\u00e1nk\u00e1ch jsou poskytov\u00e1ny jen pro informaci a mohou b\u00fdt kdykoliv zm\u011bn\u011bny bez p\u0159edchoz\u00edho upozorn\u011bn\u00ed. Jejich pou\u017eit\u00ed pro soukrom\u00e9 nebo profesion\u00e1ln\u00ed \u00fa\u010dely v \u017e\u00e1dn\u00e9m p\u0159\u00edpad\u011b ne\u010din\u00ed TECNOMA zodpov\u011bdnou. TECNOMA nezaru\u010duje p\u0159esnost a v\u00fdsti\u017enost informac\u00ed dostupn\u00fdch na t\u011bchto str\u00e1nk\u00e1ch. V d\u016fsledku toho TECNOMA odm\u00edt\u00e1 jakoukoliv zodpov\u011bdnost:<\/p>\n<p>- za jakoukoliv nep\u0159esnost nebo vynech\u00e1n\u00ed vztahuj\u00edc\u00ed se k informac\u00edm dostupn\u00fdm na t\u00e9to str\u00e1nce,<\/p>\n<p>- za ve\u0161ker\u00e9 \u0161kody, p\u0159\u00edm\u00e9 nebo nep\u0159\u00edm\u00e9 , cokoliv je zap\u0159\u00ed\u010dinilo, zp\u016fsobilo, povahu n\u00e1sledk\u016f, zp\u016fsoben\u00fdch p\u0159\u00edstupem kohokoliv na tyto str\u00e1nky nebo nemo\u017enost\u00ed jejich p\u0159\u00edstupu, stejn\u011b jako u\u017e\u00edv\u00e1n\u00ed t\u00e9to str\u00e1nky a \/ nebo poskytnut\u00ed d\u016fv\u011bry v jakoukoliv informaci poch\u00e1zej\u00edc\u00ed p\u0159\u00edmo nebo nep\u0159\u00edmo z t\u00e9to str\u00e1nky,<\/p>\n<p>- za jak\u00e9koliv jin\u00e9 pou\u017eit\u00ed t\u011bchto odli\u0161n\u00fdch informac\u00ed.<\/p>\n<\/div>\n<\/div><\/div><\/div><\/div><\/div>","protected":false},"excerpt":{"rendered":"<p>Technick\u00e9 informace P\u0159ipom\u00edn\u00e1me, \u017ee soukrom\u00ed korespondence nen\u00ed na Internetu garantov\u00e1no a je na ka\u017ed\u00e9m u\u017eivateli Internetu pou\u017e\u00edt pot\u0159ebn\u00e1 opat\u0159en\u00ed aby [&hellip;]<\/p>\n","protected":false},"author":1,"featured_media":0,"parent":0,"menu_order":0,"comment_status":"closed","ping_status":"closed","template":"","meta":{"footnotes":""},"_links":{"self":[{"href":"https:\/\/www.tecnoma.com\/cs\/wp-json\/wp\/v2\/pages\/14"}],"collection":[{"href":"https:\/\/www.tecnoma.com\/cs\/wp-json\/wp\/v2\/pages"}],"about":[{"href":"https:\/\/www.tecnoma.com\/cs\/wp-json\/wp\/v2\/types\/page"}],"author":[{"embeddable":true,"href":"https:\/\/www.tecnoma.com\/cs\/wp-json\/wp\/v2\/users\/1"}],"replies":[{"embeddable":true,"href":"https:\/\/www.tecnoma.com\/cs\/wp-json\/wp\/v2\/comments?post=14"}],"version-history":[{"count":0,"href":"https:\/\/www.tecnoma.com\/cs\/wp-json\/wp\/v2\/pages\/14\/revisions"}],"wp:attachment":[{"href":"https:\/\/www.tecnoma.com\/cs\/wp-json\/wp\/v2\/media?parent=14"}],"curies":[{"name":"wp","href":"https:\/\/api.w.org\/{rel}","templated":true}]}}